{"id":4841,"date":"2024-03-01T18:00:12","date_gmt":"2024-03-01T16:00:12","guid":{"rendered":"https:\/\/surfmaster.ee\/?page_id=4841"},"modified":"2026-04-23T16:44:27","modified_gmt":"2026-04-23T13:44:27","slug":"meie-lugu","status":"publish","type":"page","link":"https:\/\/surfmaster.ee\/en\/meie-lugu\/","title":{"rendered":"Our story"},"content":{"rendered":"<p>&nbsp;<\/p>\n<p>&nbsp;<\/p>\n<p>&nbsp;<\/p>\n<p><img fetchpriority=\"high\" decoding=\"async\" class=\" wp-image-5468\" src=\"https:\/\/surfmaster.ee\/wp-content\/uploads\/2025\/01\/Risto-225x300.jpeg\" alt=\"\" width=\"271\" height=\"362\" srcset=\"https:\/\/surfmaster.ee\/wp-content\/uploads\/2025\/01\/Risto-225x300.jpeg 225w, https:\/\/surfmaster.ee\/wp-content\/uploads\/2025\/01\/Risto-768x1024.jpeg 768w, https:\/\/surfmaster.ee\/wp-content\/uploads\/2025\/01\/Risto-1152x1536.jpeg 1152w, https:\/\/surfmaster.ee\/wp-content\/uploads\/2025\/01\/Risto-1536x2048.jpeg 1536w, https:\/\/surfmaster.ee\/wp-content\/uploads\/2025\/01\/Risto-9x12.jpeg 9w, https:\/\/surfmaster.ee\/wp-content\/uploads\/2025\/01\/Risto-338x450.jpeg 338w, https:\/\/surfmaster.ee\/wp-content\/uploads\/2025\/01\/Risto-600x800.jpeg 600w, https:\/\/surfmaster.ee\/wp-content\/uploads\/2025\/01\/Risto-413x550.jpeg 413w, https:\/\/surfmaster.ee\/wp-content\/uploads\/2025\/01\/Risto.jpeg 1920w\" sizes=\"(max-width: 271px) 100vw, 271px\" \/><\/p>\n<h2><strong>Mina olen Risto K\u00f5rgem\u00e4gi \u2013 suusatreener, surfar ja spordipedagoog.<\/strong><\/h2>\n<div class=\"flex max-w-full flex-col flex-grow\">\n<div class=\"min-h-8 text-message flex w-full flex-col items-end gap-2 whitespace-normal break-words [.text-message+&amp;]:mt-5\" dir=\"auto\" data-message-author-role=\"assistant\" data-message-id=\"9c7b9eec-76e0-4d6a-a344-52fa1a25eb55\" data-message-model-slug=\"gpt-4o-mini\">\n<div class=\"flex w-full flex-col gap-1 empty:hidden first:pt-[3px]\">\n<div class=\"markdown prose w-full break-words dark:prose-invert light\">\n<p data-start=\"185\" data-end=\"426\">Minu teekond on alati olnud seotud liikumisega. Juba lapsena veetsin suurema osa ajast \u00f5ues \u2013 talvel suuskadel ja suvel m\u00e4ngides, ronides ning liikudes kuni p\u00e4ikeseloojanguni. See oli loomulik osa minust ja see tunne ei ole kuhugi kadunud.<\/p>\n<p data-start=\"428\" data-end=\"740\">Nooruses viis see kirg mind tippsporti, kus p\u00fchendasin aastaid murdmaa- ja laskesuusatamisele. Sealt sain kaasa distsipliini, sihikindluse ja arusaamise, mida t\u00e4hendab p\u00e4riselt pingutada. Hiljem j\u00e4tkasin \u00f5pinguid Tallinna \u00dclikoolis kehakultuuri erialal, et m\u00f5ista s\u00fcgavamalt liikumise ja spordi m\u00f5ju inimesele.<\/p>\n<ol start=\"2005\" data-start=\"742\" data-end=\"1034\">\n<li data-section-id=\"1olhmgf\" data-start=\"742\" data-end=\"1034\">aastal avastasin lohesurfi ja see muutis minu elu. Meri, tuul ja liikumine l\u00f5id tunde, mida on raske s\u00f5nadesse panna \u2013 vabaduse, kohalolu ja r\u00f5\u00f5mu. Sellest hetkest alates olen p\u00fchendanud oma suved surfamisele ja selle \u00f5petamisele. T\u00e4na, \u00fcle 20 aasta hiljem, on see endiselt minu kirg.<\/li>\n<\/ol>\n<p data-start=\"1036\" data-end=\"1291\">Minu jaoks ei ole \u00f5petamine ainult tehnika edasiandmine. See on protsess, kus inimene \u00fcletab oma hirmud, leiab enesekindluse ja kogeb midagi p\u00e4riselt. Iga kord, kui keegi teeb oma esimesed sammud vees v\u00f5i avastab uue taseme, tekib hetk, mis j\u00e4\u00e4b meelde.<\/p>\n<p data-start=\"1293\" data-end=\"1480\">Ma usun, et liikumine ja loodus aitavad inimesel tulla tagasi iseenda juurde. See ei ole ainult sport \u2013 see on viis, kuidas olla rohkem kohal, tunda rohkem ja elada t\u00e4isv\u00e4\u00e4rtuslikumalt.<\/p>\n<p data-start=\"1482\" data-end=\"1582\">Kui tuled meie juurde, siis sa ei \u00f5pi ainult surfamist. Sa koged midagi, mis j\u00e4\u00e4b sinuga kauemaks.<\/p>\n<p data-start=\"1403\" data-end=\"1498\"><strong data-start=\"1403\" data-end=\"1417\">Surfmaster<\/strong> on rohkem kui surfikool \u2013 see on <strong data-start=\"1451\" data-end=\"1482\">toetav kogukond ja elustiil<\/strong>, mis aitab sul:<\/p>\n<ul data-start=\"1500\" data-end=\"1816\">\n<li data-start=\"1500\" data-end=\"1587\">\n<p data-start=\"1502\" data-end=\"1587\"><strong data-start=\"1502\" data-end=\"1544\">Avastada surfamise maagia samm-sammult<\/strong> koos kogenud ja innustavate juhendajatega.<\/p>\n<\/li>\n<li data-start=\"1588\" data-end=\"1665\">\n<p data-start=\"1590\" data-end=\"1665\"><strong data-start=\"1590\" data-end=\"1626\">\u00dcletada oma k\u00f5hklused v\u00f5i hirmud<\/strong>, kas sa oled piisavalt osav v\u00f5i julge.<\/p>\n<\/li>\n<li data-start=\"1666\" data-end=\"1739\">\n<p data-start=\"1668\" data-end=\"1739\"><strong data-start=\"1668\" data-end=\"1696\">Leida r\u00f5\u00f5mu ja tasakaalu<\/strong> l\u00e4bi looduse, liikumise ja uute kogemuste.<\/p>\n<\/li>\n<li data-start=\"1740\" data-end=\"1816\">\n<p data-start=\"1742\" data-end=\"1816\"><strong data-start=\"1742\" data-end=\"1776\">Luua t\u00e4hendusrikkaid m\u00e4lestusi<\/strong> koos pere, s\u00f5prade v\u00f5i uute tutvustega.<\/p>\n<\/li>\n<\/ul>\n<p><strong>Kui see lugu k\u00f5netas sind, siis v\u00f5ta minuga \u00fchendust!&nbsp;<\/strong><\/p>\n<p><strong>Risto tel: +372 56 686 766 e-mail:<a href=\"mailto:info@surfmaster.ee\"> info@surfmaster.ee<\/a><\/strong><\/p>\n<\/div>\n<\/div>\n<\/div>\n<\/div>\n","protected":false},"excerpt":{"rendered":"<p>&nbsp; &nbsp; &nbsp; Mina olen Risto K\u00f5rgem\u00e4gi \u2013 suusatreener, surfar ja spordipedagoog. Minu teekond on alati olnud seotud liikumisega. Juba lapsena veetsin suurema osa ajast \u00f5ues \u2013 talvel suuskadel ja [&hellip;]<\/p>\n","protected":false},"author":3,"featured_media":0,"parent":0,"menu_order":0,"comment_status":"closed","ping_status":"closed","template":"","meta":{"_acf_changed":false,"ngg_post_thumbnail":0,"footnotes":""},"class_list":["post-4841","page","type-page","status-publish","hentry"],"acf":[],"yoast_head":"<!-- This site is optimized with the Yoast SEO plugin v27.5 - https:\/\/yoast.com\/product\/yoast-seo-wordpress\/ -->\n<title>Meie lugu - Surfmaster<\/title>\n<meta name=\"robots\" content=\"index, follow, max-snippet:-1, max-image-preview:large, max-video-preview:-1\" \/>\n<link rel=\"canonical\" href=\"https:\/\/surfmaster.ee\/en\/meie-lugu\/\" \/>\n<meta property=\"og:locale\" content=\"en_US\" \/>\n<meta property=\"og:type\" content=\"article\" \/>\n<meta property=\"og:title\" content=\"Meie lugu - Surfmaster\" \/>\n<meta property=\"og:description\" content=\"&nbsp; &nbsp; &nbsp; Mina olen Risto K\u00f5rgem\u00e4gi \u2013 suusatreener, surfar ja spordipedagoog. Minu teekond on alati olnud seotud liikumisega. Juba lapsena veetsin suurema osa ajast \u00f5ues \u2013 talvel suuskadel ja [&hellip;]\" \/>\n<meta property=\"og:url\" content=\"https:\/\/surfmaster.ee\/en\/meie-lugu\/\" \/>\n<meta property=\"og:site_name\" content=\"Surfmaster\" \/>\n<meta property=\"article:modified_time\" content=\"2026-04-23T13:44:27+00:00\" \/>\n<meta property=\"og:image\" content=\"https:\/\/surfmaster.ee\/wp-content\/uploads\/2025\/01\/Risto.jpeg\" \/>\n\t<meta property=\"og:image:width\" content=\"1920\" \/>\n\t<meta property=\"og:image:height\" content=\"2560\" \/>\n\t<meta property=\"og:image:type\" content=\"image\/jpeg\" \/>\n<meta name=\"twitter:card\" content=\"summary_large_image\" \/>\n<meta name=\"twitter:label1\" content=\"Est. reading time\" \/>\n\t<meta name=\"twitter:data1\" content=\"2 minutes\" \/>\n<script type=\"application\/ld+json\" class=\"yoast-schema-graph\">{\"@context\":\"https:\\\/\\\/schema.org\",\"@graph\":[{\"@type\":\"WebPage\",\"@id\":\"https:\\\/\\\/surfmaster.ee\\\/meie-lugu\\\/\",\"url\":\"https:\\\/\\\/surfmaster.ee\\\/meie-lugu\\\/\",\"name\":\"Meie lugu - Surfmaster\",\"isPartOf\":{\"@id\":\"https:\\\/\\\/surfmaster.ee\\\/#website\"},\"primaryImageOfPage\":{\"@id\":\"https:\\\/\\\/surfmaster.ee\\\/meie-lugu\\\/#primaryimage\"},\"image\":{\"@id\":\"https:\\\/\\\/surfmaster.ee\\\/meie-lugu\\\/#primaryimage\"},\"thumbnailUrl\":\"https:\\\/\\\/surfmaster.ee\\\/wp-content\\\/uploads\\\/2025\\\/01\\\/Risto-225x300.jpeg\",\"datePublished\":\"2024-03-01T16:00:12+00:00\",\"dateModified\":\"2026-04-23T13:44:27+00:00\",\"breadcrumb\":{\"@id\":\"https:\\\/\\\/surfmaster.ee\\\/meie-lugu\\\/#breadcrumb\"},\"inLanguage\":\"en-US\",\"potentialAction\":[{\"@type\":\"ReadAction\",\"target\":[\"https:\\\/\\\/surfmaster.ee\\\/meie-lugu\\\/\"]}]},{\"@type\":\"ImageObject\",\"inLanguage\":\"en-US\",\"@id\":\"https:\\\/\\\/surfmaster.ee\\\/meie-lugu\\\/#primaryimage\",\"url\":\"https:\\\/\\\/surfmaster.ee\\\/wp-content\\\/uploads\\\/2025\\\/01\\\/Risto-225x300.jpeg\",\"contentUrl\":\"https:\\\/\\\/surfmaster.ee\\\/wp-content\\\/uploads\\\/2025\\\/01\\\/Risto-225x300.jpeg\"},{\"@type\":\"BreadcrumbList\",\"@id\":\"https:\\\/\\\/surfmaster.ee\\\/meie-lugu\\\/#breadcrumb\",\"itemListElement\":[{\"@type\":\"ListItem\",\"position\":1,\"name\":\"Home\",\"item\":\"https:\\\/\\\/surfmaster.ee\\\/\"},{\"@type\":\"ListItem\",\"position\":2,\"name\":\"Meie lugu\"}]},{\"@type\":\"WebSite\",\"@id\":\"https:\\\/\\\/surfmaster.ee\\\/#website\",\"url\":\"https:\\\/\\\/surfmaster.ee\\\/\",\"name\":\"Surfmaster\",\"description\":\"SurfMaster Surfikool\",\"publisher\":{\"@id\":\"https:\\\/\\\/surfmaster.ee\\\/#organization\"},\"potentialAction\":[{\"@type\":\"SearchAction\",\"target\":{\"@type\":\"EntryPoint\",\"urlTemplate\":\"https:\\\/\\\/surfmaster.ee\\\/?s={search_term_string}\"},\"query-input\":{\"@type\":\"PropertyValueSpecification\",\"valueRequired\":true,\"valueName\":\"search_term_string\"}}],\"inLanguage\":\"en-US\"},{\"@type\":\"Organization\",\"@id\":\"https:\\\/\\\/surfmaster.ee\\\/#organization\",\"name\":\"Surfmaster\",\"url\":\"https:\\\/\\\/surfmaster.ee\\\/\",\"logo\":{\"@type\":\"ImageObject\",\"inLanguage\":\"en-US\",\"@id\":\"https:\\\/\\\/surfmaster.ee\\\/#\\\/schema\\\/logo\\\/image\\\/\",\"url\":\"https:\\\/\\\/surfmaster.ee\\\/wp-content\\\/uploads\\\/2022\\\/03\\\/Asset-4@2x.png\",\"contentUrl\":\"https:\\\/\\\/surfmaster.ee\\\/wp-content\\\/uploads\\\/2022\\\/03\\\/Asset-4@2x.png\",\"width\":1130,\"height\":1070,\"caption\":\"Surfmaster\"},\"image\":{\"@id\":\"https:\\\/\\\/surfmaster.ee\\\/#\\\/schema\\\/logo\\\/image\\\/\"}}]}<\/script>\n<!-- \/ Yoast SEO plugin. -->","yoast_head_json":{"title":"Meie lugu - Surfmaster","robots":{"index":"index","follow":"follow","max-snippet":"max-snippet:-1","max-image-preview":"max-image-preview:large","max-video-preview":"max-video-preview:-1"},"canonical":"https:\/\/surfmaster.ee\/en\/meie-lugu\/","og_locale":"en_US","og_type":"article","og_title":"Meie lugu - Surfmaster","og_description":"&nbsp; &nbsp; &nbsp; Mina olen Risto K\u00f5rgem\u00e4gi \u2013 suusatreener, surfar ja spordipedagoog. Minu teekond on alati olnud seotud liikumisega. Juba lapsena veetsin suurema osa ajast \u00f5ues \u2013 talvel suuskadel ja [&hellip;]","og_url":"https:\/\/surfmaster.ee\/en\/meie-lugu\/","og_site_name":"Surfmaster","article_modified_time":"2026-04-23T13:44:27+00:00","og_image":[{"width":1920,"height":2560,"url":"https:\/\/surfmaster.ee\/wp-content\/uploads\/2025\/01\/Risto.jpeg","type":"image\/jpeg"}],"twitter_card":"summary_large_image","twitter_misc":{"Est. reading time":"2 minutes"},"schema":{"@context":"https:\/\/schema.org","@graph":[{"@type":"WebPage","@id":"https:\/\/surfmaster.ee\/meie-lugu\/","url":"https:\/\/surfmaster.ee\/meie-lugu\/","name":"Meie lugu - Surfmaster","isPartOf":{"@id":"https:\/\/surfmaster.ee\/#website"},"primaryImageOfPage":{"@id":"https:\/\/surfmaster.ee\/meie-lugu\/#primaryimage"},"image":{"@id":"https:\/\/surfmaster.ee\/meie-lugu\/#primaryimage"},"thumbnailUrl":"https:\/\/surfmaster.ee\/wp-content\/uploads\/2025\/01\/Risto-225x300.jpeg","datePublished":"2024-03-01T16:00:12+00:00","dateModified":"2026-04-23T13:44:27+00:00","breadcrumb":{"@id":"https:\/\/surfmaster.ee\/meie-lugu\/#breadcrumb"},"inLanguage":"en-US","potentialAction":[{"@type":"ReadAction","target":["https:\/\/surfmaster.ee\/meie-lugu\/"]}]},{"@type":"ImageObject","inLanguage":"en-US","@id":"https:\/\/surfmaster.ee\/meie-lugu\/#primaryimage","url":"https:\/\/surfmaster.ee\/wp-content\/uploads\/2025\/01\/Risto-225x300.jpeg","contentUrl":"https:\/\/surfmaster.ee\/wp-content\/uploads\/2025\/01\/Risto-225x300.jpeg"},{"@type":"BreadcrumbList","@id":"https:\/\/surfmaster.ee\/meie-lugu\/#breadcrumb","itemListElement":[{"@type":"ListItem","position":1,"name":"Home","item":"https:\/\/surfmaster.ee\/"},{"@type":"ListItem","position":2,"name":"Meie lugu"}]},{"@type":"WebSite","@id":"https:\/\/surfmaster.ee\/#website","url":"https:\/\/surfmaster.ee\/","name":"Surfmaster","description":"SurfMaster Surfikool","publisher":{"@id":"https:\/\/surfmaster.ee\/#organization"},"potentialAction":[{"@type":"SearchAction","target":{"@type":"EntryPoint","urlTemplate":"https:\/\/surfmaster.ee\/?s={search_term_string}"},"query-input":{"@type":"PropertyValueSpecification","valueRequired":true,"valueName":"search_term_string"}}],"inLanguage":"en-US"},{"@type":"Organization","@id":"https:\/\/surfmaster.ee\/#organization","name":"Surfmaster","url":"https:\/\/surfmaster.ee\/","logo":{"@type":"ImageObject","inLanguage":"en-US","@id":"https:\/\/surfmaster.ee\/#\/schema\/logo\/image\/","url":"https:\/\/surfmaster.ee\/wp-content\/uploads\/2022\/03\/Asset-4@2x.png","contentUrl":"https:\/\/surfmaster.ee\/wp-content\/uploads\/2022\/03\/Asset-4@2x.png","width":1130,"height":1070,"caption":"Surfmaster"},"image":{"@id":"https:\/\/surfmaster.ee\/#\/schema\/logo\/image\/"}}]}},"_links":{"self":[{"href":"https:\/\/surfmaster.ee\/en\/wp-json\/wp\/v2\/pages\/4841","targetHints":{"allow":["GET"]}}],"collection":[{"href":"https:\/\/surfmaster.ee\/en\/wp-json\/wp\/v2\/pages"}],"about":[{"href":"https:\/\/surfmaster.ee\/en\/wp-json\/wp\/v2\/types\/page"}],"author":[{"embeddable":true,"href":"https:\/\/surfmaster.ee\/en\/wp-json\/wp\/v2\/users\/3"}],"replies":[{"embeddable":true,"href":"https:\/\/surfmaster.ee\/en\/wp-json\/wp\/v2\/comments?post=4841"}],"version-history":[{"count":12,"href":"https:\/\/surfmaster.ee\/en\/wp-json\/wp\/v2\/pages\/4841\/revisions"}],"predecessor-version":[{"id":6808,"href":"https:\/\/surfmaster.ee\/en\/wp-json\/wp\/v2\/pages\/4841\/revisions\/6808"}],"wp:attachment":[{"href":"https:\/\/surfmaster.ee\/en\/wp-json\/wp\/v2\/media?parent=4841"}],"curies":[{"name":"wp","href":"https:\/\/api.w.org\/{rel}","templated":true}]}}