{"id":4843,"date":"2024-03-01T18:02:53","date_gmt":"2024-03-01T16:02:53","guid":{"rendered":"https:\/\/surfmaster.ee\/?page_id=4843"},"modified":"2025-10-23T15:46:31","modified_gmt":"2025-10-23T12:46:31","slug":"toetajad","status":"publish","type":"page","link":"https:\/\/surfmaster.ee\/en\/toetajad\/","title":{"rendered":"Toetajad"},"content":{"rendered":"<div data-elementor-type=\"wp-page\" data-elementor-id=\"4843\" class=\"elementor elementor-4843\" data-elementor-post-type=\"page\">\n\t\t\t\t<div class=\"elementor-element elementor-element-b4f9864 e-flex e-con-boxed e-con e-parent\" data-id=\"b4f9864\" data-element_type=\"container\" data-e-type=\"container\">\n\t\t\t\t\t<div class=\"e-con-inner\">\n\t\t\t\t<div class=\"elementor-element elementor-element-9a68b99 elementor-widget elementor-widget-image\" data-id=\"9a68b99\" data-element_type=\"widget\" data-e-type=\"widget\" data-widget_type=\"image.default\">\n\t\t\t\t<div class=\"elementor-widget-container\">\n\t\t\t\t\t\t\t\t\t\t\t\t\t\t\t<img fetchpriority=\"high\" decoding=\"async\" width=\"500\" height=\"131\" src=\"https:\/\/surfmaster.ee\/wp-content\/uploads\/2025\/09\/Screenshot-2025-09-11-at-12.20.47-500x131.png\" class=\"attachment-medium size-medium wp-image-5780\" alt=\"\" srcset=\"https:\/\/surfmaster.ee\/wp-content\/uploads\/2025\/09\/Screenshot-2025-09-11-at-12.20.47-500x131.png 500w, https:\/\/surfmaster.ee\/wp-content\/uploads\/2025\/09\/Screenshot-2025-09-11-at-12.20.47-18x5.png 18w, https:\/\/surfmaster.ee\/wp-content\/uploads\/2025\/09\/Screenshot-2025-09-11-at-12.20.47-450x118.png 450w, https:\/\/surfmaster.ee\/wp-content\/uploads\/2025\/09\/Screenshot-2025-09-11-at-12.20.47-600x158.png 600w, https:\/\/surfmaster.ee\/wp-content\/uploads\/2025\/09\/Screenshot-2025-09-11-at-12.20.47-550x145.png 550w, https:\/\/surfmaster.ee\/wp-content\/uploads\/2025\/09\/Screenshot-2025-09-11-at-12.20.47.png 616w\" sizes=\"(max-width: 500px) 100vw, 500px\" \/>\t\t\t\t\t\t\t\t\t\t\t\t\t\t\t<\/div>\n\t\t\t\t<\/div>\n\t\t\t\t\t<\/div>\n\t\t\t\t<\/div>\n\t\t<div class=\"elementor-element elementor-element-e0b64a9 e-flex e-con-boxed e-con e-parent\" data-id=\"e0b64a9\" data-element_type=\"container\" data-e-type=\"container\">\n\t\t\t\t\t<div class=\"e-con-inner\">\n\t\t\t\t<div class=\"elementor-element elementor-element-458c1c8 elementor-widget elementor-widget-heading\" data-id=\"458c1c8\" data-element_type=\"widget\" data-e-type=\"widget\" data-widget_type=\"heading.default\">\n\t\t\t\t<div class=\"elementor-widget-container\">\n\t\t\t\t\t<h6 class=\"elementor-heading-title elementor-size-default\">Euroopa Liidu \u00fchise p\u00f5llumajanduspoliitika Eesti strateegiakava 2023\u20132027 maaelu arengu toetuse meetme A8.4.2 taotluse rahuldamine ning toetuse m\u00e4\u00e4ramine.<\/h6>\t\t\t\t<\/div>\n\t\t\t\t<\/div>\n\t\t\t\t\t<\/div>\n\t\t\t\t<\/div>\n\t\t<div class=\"elementor-element elementor-element-5a6b416 e-flex e-con-boxed e-con e-parent\" data-id=\"5a6b416\" data-element_type=\"container\" data-e-type=\"container\">\n\t\t\t\t\t<div class=\"e-con-inner\">\n\t\t\t\t<div class=\"elementor-element elementor-element-4b0ccc8 elementor-widget elementor-widget-text-editor\" data-id=\"4b0ccc8\" data-element_type=\"widget\" data-e-type=\"widget\" data-widget_type=\"text-editor.default\">\n\t\t\t\t<div class=\"elementor-widget-container\">\n\t\t\t\t\t\t\t\t\t<h3><strong>Tegevuse l\u00fchikirjeldus:<\/strong><\/h3><p>Projekti \u00fcldiseks eesm\u00e4rgiks on pakkuda erinevas vanuses hiiumaalastele mitmekesiseid v\u00f5imalusi aktiivse vaba aja veetmiseks looduskaunis Ranna Surfik\u00fclas.\u00a0<\/p><h3><strong>Projekti eesm\u00e4rk:<\/strong><\/h3><ol><li>Tegevus V &#8211; Lohesurfivarustus &#8211; eesm\u00e4rgiks on pakkuda surfilaagrites ja koolitustel osav\u00f5tjatele ning teistele klientidele kvaliteetset surfivarustust.<\/li><li>Tegevus I &#8211; Mootorpaat &#8211; eesm\u00e4rgiks on tagada klientide mereohutus, hakata pakkuma veetegevusi ning luua t\u00e4iendav merep\u00e4\u00e4ste v\u00f5imalus piirkonda.\u00a0<\/li><\/ol><h3><strong>Tulemus:<\/strong><\/h3><ol><li>Surf Master O\u00dc viis edukalt ellu projekti etapi, mille eesm\u00e4rgiks oli t\u00e4iendada ettev\u00f5tte surfivarustuse baasi uue lohesurfivarustusega. Uue varustuse soetamine v\u00f5imaldab pakkuda veelgi paremat kvaliteeti ja ohutust meie surfikoolitustel, -laagrites ning individuaalsetel treeningutel, muutes teenused atraktiivsemaks nii algajatele kui ka edasij\u00f5udnutele. Soetatud varustus sisaldab professionaalseid lohesurfi ja tiivasurfi varustust, mis vastavad rahvusvahelistele ohutusstandarditele ning sobivad ideaalselt meie tegevuskoha \u2013 Hiiumaa tuuliste ja muutuvate tingimustega. T\u00e4nu investeeringule: t\u00f5usis koolituste turvalisus ja efektiivsus; suurenes osalejate rahulolu ja koolituste kvaliteet; kasvas varustuse k\u00e4ttesaadavus laagrite ja koolituste ajal ka suurematele gruppidele; loodi eeldused aastaringseks kasutamiseks (sh j\u00e4\u00e4surf ja madalhooaja treeningud).\u00a0<\/li><li><p data-start=\"183\" data-end=\"360\">Projekti eesm\u00e4rgiks oli soetada <strong data-start=\"215\" data-end=\"229\">mootorpaat<\/strong>, mille abil tagada klientide <strong data-start=\"259\" data-end=\"273\">mereohutus<\/strong>, hakata pakkuma <strong data-start=\"290\" data-end=\"305\">veetegevusi<\/strong> ning luua piirkonda <strong data-start=\"326\" data-end=\"357\">t\u00e4iendav merep\u00e4\u00e4stev\u00f5imekus<\/strong>.<\/p><p data-start=\"362\" data-end=\"691\">Eesm\u00e4rgid on <strong data-start=\"375\" data-end=\"400\">t\u00e4ielikult saavutatud<\/strong>. Mootorpaadi kasutuselev\u00f5tt on oluliselt parandanud Ranna Surfik\u00fcla tegevuse ohutust ja kvaliteeti. Paat on igap\u00e4evases kasutuses suveperioodil nii koolituste, laagrite kui ka veespordi\u00fcrituste ajal, v\u00f5imaldades kiiret reageerimist ohuolukordades ning klientide ohutut toetamist vee peal.<\/p><p data-start=\"693\" data-end=\"987\">Lisaks on t\u00e4nu mootorpaadile laienenud v\u00f5imalused pakkuda k\u00fclastajatele mitmekesisemaid <strong data-start=\"781\" data-end=\"796\">veetegevusi<\/strong>, sh j\u00e4relveetavad atraktsioonid (nt tuubis\u00f5it, wake-s\u00f5it), e-foili koolitused ning meres\u00f5iduelamused. See on suurendanud piirkonna turismipotentsiaali ja toonud piirkonda uusi k\u00fclastajaid.<\/p><p data-start=\"989\" data-end=\"1179\">Mootorpaat on toonud kaasa ka <strong data-start=\"1019\" data-end=\"1058\">reaalse panuse merep\u00e4\u00e4stevalmidusse<\/strong> \u2013 vajadusel saab seda kasutada kiireks reageerimiseks ohtlikes olukordades v\u00f5i teiste vee peal viibijate abistamiseks.<\/p><p data-start=\"1181\" data-end=\"1379\">Kokkuv\u00f5ttes v\u00f5ib \u00f6elda, et projekti tulemusel on saavutatud seatud eesm\u00e4rgid ning investeering on aidanud kaasa nii <strong data-start=\"1297\" data-end=\"1379\">turvalisuse, teenuste mitmekesistamise kui ka piirkonna atraktiivsuse kasvule.<\/strong><\/p><\/li><\/ol>\t\t\t\t\t\t\t\t<\/div>\n\t\t\t\t<\/div>\n\t\t\t\t\t<\/div>\n\t\t\t\t<\/div>\n\t\t<div class=\"elementor-element elementor-element-72e16d2 e-flex e-con-boxed e-con e-parent\" data-id=\"72e16d2\" data-element_type=\"container\" data-e-type=\"container\">\n\t\t\t\t\t<div class=\"e-con-inner\">\n\t\t\t\t<div class=\"elementor-element elementor-element-d47dfe2 elementor-widget elementor-widget-image\" data-id=\"d47dfe2\" data-element_type=\"widget\" data-e-type=\"widget\" data-widget_type=\"image.default\">\n\t\t\t\t<div class=\"elementor-widget-container\">\n\t\t\t\t\t\t\t\t\t\t\t\t\t\t\t<img decoding=\"async\" width=\"640\" height=\"427\" src=\"https:\/\/surfmaster.ee\/wp-content\/uploads\/2025\/09\/el-embleem-varviline-1024x683.jpeg\" class=\"attachment-large size-large wp-image-5798\" alt=\"\" srcset=\"https:\/\/surfmaster.ee\/wp-content\/uploads\/2025\/09\/el-embleem-varviline-1024x683.jpeg 1024w, https:\/\/surfmaster.ee\/wp-content\/uploads\/2025\/09\/el-embleem-varviline-500x333.jpeg 500w, https:\/\/surfmaster.ee\/wp-content\/uploads\/2025\/09\/el-embleem-varviline-768x512.jpeg 768w, https:\/\/surfmaster.ee\/wp-content\/uploads\/2025\/09\/el-embleem-varviline-1536x1024.jpeg 1536w, https:\/\/surfmaster.ee\/wp-content\/uploads\/2025\/09\/el-embleem-varviline-2048x1366.jpeg 2048w, https:\/\/surfmaster.ee\/wp-content\/uploads\/2025\/09\/el-embleem-varviline-18x12.jpeg 18w, https:\/\/surfmaster.ee\/wp-content\/uploads\/2025\/09\/el-embleem-varviline-450x300.jpeg 450w, https:\/\/surfmaster.ee\/wp-content\/uploads\/2025\/09\/el-embleem-varviline-600x400.jpeg 600w, https:\/\/surfmaster.ee\/wp-content\/uploads\/2025\/09\/el-embleem-varviline-550x367.jpeg 550w\" sizes=\"(max-width: 640px) 100vw, 640px\" \/>\t\t\t\t\t\t\t\t\t\t\t\t\t\t\t<\/div>\n\t\t\t\t<\/div>\n\t\t\t\t\t<\/div>\n\t\t\t\t<\/div>\n\t\t<div class=\"elementor-element elementor-element-53a7c16 e-flex e-con-boxed e-con e-parent\" data-id=\"53a7c16\" data-element_type=\"container\" data-e-type=\"container\">\n\t\t\t\t\t<div class=\"e-con-inner\">\n\t\t\t\t<div class=\"elementor-element elementor-element-cb87e62 elementor-widget elementor-widget-text-editor\" data-id=\"cb87e62\" data-element_type=\"widget\" data-e-type=\"widget\" data-widget_type=\"text-editor.default\">\n\t\t\t\t<div class=\"elementor-widget-container\">\n\t\t\t\t\t\t\t\t\t<h3><strong>Projekti kaasrahastaja Euroopa Liit.<\/strong><\/h3>\t\t\t\t\t\t\t\t<\/div>\n\t\t\t\t<\/div>\n\t\t\t\t\t<\/div>\n\t\t\t\t<\/div>\n\t\t\t\t<\/div>","protected":false},"excerpt":{"rendered":"<p>Euroopa Liidu \u00fchise p\u00f5llumajanduspoliitika Eesti strateegiakava 2023\u20132027 maaelu arengu toetuse meetme A8.4.2 taotluse rahuldamine ning toetuse m\u00e4\u00e4ramine. Tegevuse l\u00fchikirjeldus: Projekti \u00fcldiseks eesm\u00e4rgiks on pakkuda erinevas vanuses hiiumaalastele mitmekesiseid v\u00f5imalusi aktiivse [&hellip;]<\/p>\n","protected":false},"author":3,"featured_media":0,"parent":0,"menu_order":0,"comment_status":"closed","ping_status":"closed","template":"","meta":{"_acf_changed":false,"ngg_post_thumbnail":0,"footnotes":""},"class_list":["post-4843","page","type-page","status-publish","hentry"],"acf":[],"yoast_head":"<!-- This site is optimized with the Yoast SEO plugin v27.3 - https:\/\/yoast.com\/product\/yoast-seo-wordpress\/ -->\n<title>Toetajad - Surfmaster<\/title>\n<meta name=\"robots\" content=\"index, follow, max-snippet:-1, max-image-preview:large, max-video-preview:-1\" \/>\n<link rel=\"canonical\" href=\"https:\/\/surfmaster.ee\/en\/toetajad\/\" \/>\n<meta property=\"og:locale\" content=\"en_US\" \/>\n<meta property=\"og:type\" content=\"article\" \/>\n<meta property=\"og:title\" content=\"Toetajad - Surfmaster\" \/>\n<meta property=\"og:description\" content=\"Euroopa Liidu \u00fchise p\u00f5llumajanduspoliitika Eesti strateegiakava 2023\u20132027 maaelu arengu toetuse meetme A8.4.2 taotluse rahuldamine ning toetuse m\u00e4\u00e4ramine. Tegevuse l\u00fchikirjeldus: Projekti \u00fcldiseks eesm\u00e4rgiks on pakkuda erinevas vanuses hiiumaalastele mitmekesiseid v\u00f5imalusi aktiivse [&hellip;]\" \/>\n<meta property=\"og:url\" content=\"https:\/\/surfmaster.ee\/en\/toetajad\/\" \/>\n<meta property=\"og:site_name\" content=\"Surfmaster\" \/>\n<meta property=\"article:modified_time\" content=\"2025-10-23T12:46:31+00:00\" \/>\n<meta property=\"og:image\" content=\"https:\/\/surfmaster.ee\/wp-content\/uploads\/2025\/09\/Screenshot-2025-09-11-at-12.20.47.png\" \/>\n\t<meta property=\"og:image:width\" content=\"616\" \/>\n\t<meta property=\"og:image:height\" content=\"162\" \/>\n\t<meta property=\"og:image:type\" content=\"image\/png\" \/>\n<meta name=\"twitter:card\" content=\"summary_large_image\" \/>\n<meta name=\"twitter:label1\" content=\"Est. reading time\" \/>\n\t<meta name=\"twitter:data1\" content=\"2 minutes\" \/>\n<script type=\"application\/ld+json\" class=\"yoast-schema-graph\">{\"@context\":\"https:\\\/\\\/schema.org\",\"@graph\":[{\"@type\":\"WebPage\",\"@id\":\"https:\\\/\\\/surfmaster.ee\\\/toetajad\\\/\",\"url\":\"https:\\\/\\\/surfmaster.ee\\\/toetajad\\\/\",\"name\":\"Toetajad - Surfmaster\",\"isPartOf\":{\"@id\":\"https:\\\/\\\/surfmaster.ee\\\/#website\"},\"primaryImageOfPage\":{\"@id\":\"https:\\\/\\\/surfmaster.ee\\\/toetajad\\\/#primaryimage\"},\"image\":{\"@id\":\"https:\\\/\\\/surfmaster.ee\\\/toetajad\\\/#primaryimage\"},\"thumbnailUrl\":\"https:\\\/\\\/surfmaster.ee\\\/wp-content\\\/uploads\\\/2025\\\/09\\\/Screenshot-2025-09-11-at-12.20.47-500x131.png\",\"datePublished\":\"2024-03-01T16:02:53+00:00\",\"dateModified\":\"2025-10-23T12:46:31+00:00\",\"breadcrumb\":{\"@id\":\"https:\\\/\\\/surfmaster.ee\\\/toetajad\\\/#breadcrumb\"},\"inLanguage\":\"en-US\",\"potentialAction\":[{\"@type\":\"ReadAction\",\"target\":[\"https:\\\/\\\/surfmaster.ee\\\/toetajad\\\/\"]}]},{\"@type\":\"ImageObject\",\"inLanguage\":\"en-US\",\"@id\":\"https:\\\/\\\/surfmaster.ee\\\/toetajad\\\/#primaryimage\",\"url\":\"https:\\\/\\\/surfmaster.ee\\\/wp-content\\\/uploads\\\/2025\\\/09\\\/Screenshot-2025-09-11-at-12.20.47-500x131.png\",\"contentUrl\":\"https:\\\/\\\/surfmaster.ee\\\/wp-content\\\/uploads\\\/2025\\\/09\\\/Screenshot-2025-09-11-at-12.20.47-500x131.png\"},{\"@type\":\"BreadcrumbList\",\"@id\":\"https:\\\/\\\/surfmaster.ee\\\/toetajad\\\/#breadcrumb\",\"itemListElement\":[{\"@type\":\"ListItem\",\"position\":1,\"name\":\"Home\",\"item\":\"https:\\\/\\\/surfmaster.ee\\\/\"},{\"@type\":\"ListItem\",\"position\":2,\"name\":\"Toetajad\"}]},{\"@type\":\"WebSite\",\"@id\":\"https:\\\/\\\/surfmaster.ee\\\/#website\",\"url\":\"https:\\\/\\\/surfmaster.ee\\\/\",\"name\":\"Surfmaster\",\"description\":\"SurfMaster Surfikool\",\"publisher\":{\"@id\":\"https:\\\/\\\/surfmaster.ee\\\/#organization\"},\"potentialAction\":[{\"@type\":\"SearchAction\",\"target\":{\"@type\":\"EntryPoint\",\"urlTemplate\":\"https:\\\/\\\/surfmaster.ee\\\/?s={search_term_string}\"},\"query-input\":{\"@type\":\"PropertyValueSpecification\",\"valueRequired\":true,\"valueName\":\"search_term_string\"}}],\"inLanguage\":\"en-US\"},{\"@type\":\"Organization\",\"@id\":\"https:\\\/\\\/surfmaster.ee\\\/#organization\",\"name\":\"Surfmaster\",\"url\":\"https:\\\/\\\/surfmaster.ee\\\/\",\"logo\":{\"@type\":\"ImageObject\",\"inLanguage\":\"en-US\",\"@id\":\"https:\\\/\\\/surfmaster.ee\\\/#\\\/schema\\\/logo\\\/image\\\/\",\"url\":\"https:\\\/\\\/surfmaster.ee\\\/wp-content\\\/uploads\\\/2022\\\/03\\\/Asset-4@2x.png\",\"contentUrl\":\"https:\\\/\\\/surfmaster.ee\\\/wp-content\\\/uploads\\\/2022\\\/03\\\/Asset-4@2x.png\",\"width\":1130,\"height\":1070,\"caption\":\"Surfmaster\"},\"image\":{\"@id\":\"https:\\\/\\\/surfmaster.ee\\\/#\\\/schema\\\/logo\\\/image\\\/\"}}]}<\/script>\n<!-- \/ Yoast SEO plugin. -->","yoast_head_json":{"title":"Toetajad - Surfmaster","robots":{"index":"index","follow":"follow","max-snippet":"max-snippet:-1","max-image-preview":"max-image-preview:large","max-video-preview":"max-video-preview:-1"},"canonical":"https:\/\/surfmaster.ee\/en\/toetajad\/","og_locale":"en_US","og_type":"article","og_title":"Toetajad - Surfmaster","og_description":"Euroopa Liidu \u00fchise p\u00f5llumajanduspoliitika Eesti strateegiakava 2023\u20132027 maaelu arengu toetuse meetme A8.4.2 taotluse rahuldamine ning toetuse m\u00e4\u00e4ramine. Tegevuse l\u00fchikirjeldus: Projekti \u00fcldiseks eesm\u00e4rgiks on pakkuda erinevas vanuses hiiumaalastele mitmekesiseid v\u00f5imalusi aktiivse [&hellip;]","og_url":"https:\/\/surfmaster.ee\/en\/toetajad\/","og_site_name":"Surfmaster","article_modified_time":"2025-10-23T12:46:31+00:00","og_image":[{"width":616,"height":162,"url":"https:\/\/surfmaster.ee\/wp-content\/uploads\/2025\/09\/Screenshot-2025-09-11-at-12.20.47.png","type":"image\/png"}],"twitter_card":"summary_large_image","twitter_misc":{"Est. reading time":"2 minutes"},"schema":{"@context":"https:\/\/schema.org","@graph":[{"@type":"WebPage","@id":"https:\/\/surfmaster.ee\/toetajad\/","url":"https:\/\/surfmaster.ee\/toetajad\/","name":"Toetajad - Surfmaster","isPartOf":{"@id":"https:\/\/surfmaster.ee\/#website"},"primaryImageOfPage":{"@id":"https:\/\/surfmaster.ee\/toetajad\/#primaryimage"},"image":{"@id":"https:\/\/surfmaster.ee\/toetajad\/#primaryimage"},"thumbnailUrl":"https:\/\/surfmaster.ee\/wp-content\/uploads\/2025\/09\/Screenshot-2025-09-11-at-12.20.47-500x131.png","datePublished":"2024-03-01T16:02:53+00:00","dateModified":"2025-10-23T12:46:31+00:00","breadcrumb":{"@id":"https:\/\/surfmaster.ee\/toetajad\/#breadcrumb"},"inLanguage":"en-US","potentialAction":[{"@type":"ReadAction","target":["https:\/\/surfmaster.ee\/toetajad\/"]}]},{"@type":"ImageObject","inLanguage":"en-US","@id":"https:\/\/surfmaster.ee\/toetajad\/#primaryimage","url":"https:\/\/surfmaster.ee\/wp-content\/uploads\/2025\/09\/Screenshot-2025-09-11-at-12.20.47-500x131.png","contentUrl":"https:\/\/surfmaster.ee\/wp-content\/uploads\/2025\/09\/Screenshot-2025-09-11-at-12.20.47-500x131.png"},{"@type":"BreadcrumbList","@id":"https:\/\/surfmaster.ee\/toetajad\/#breadcrumb","itemListElement":[{"@type":"ListItem","position":1,"name":"Home","item":"https:\/\/surfmaster.ee\/"},{"@type":"ListItem","position":2,"name":"Toetajad"}]},{"@type":"WebSite","@id":"https:\/\/surfmaster.ee\/#website","url":"https:\/\/surfmaster.ee\/","name":"Surfmaster","description":"SurfMaster Surfikool","publisher":{"@id":"https:\/\/surfmaster.ee\/#organization"},"potentialAction":[{"@type":"SearchAction","target":{"@type":"EntryPoint","urlTemplate":"https:\/\/surfmaster.ee\/?s={search_term_string}"},"query-input":{"@type":"PropertyValueSpecification","valueRequired":true,"valueName":"search_term_string"}}],"inLanguage":"en-US"},{"@type":"Organization","@id":"https:\/\/surfmaster.ee\/#organization","name":"Surfmaster","url":"https:\/\/surfmaster.ee\/","logo":{"@type":"ImageObject","inLanguage":"en-US","@id":"https:\/\/surfmaster.ee\/#\/schema\/logo\/image\/","url":"https:\/\/surfmaster.ee\/wp-content\/uploads\/2022\/03\/Asset-4@2x.png","contentUrl":"https:\/\/surfmaster.ee\/wp-content\/uploads\/2022\/03\/Asset-4@2x.png","width":1130,"height":1070,"caption":"Surfmaster"},"image":{"@id":"https:\/\/surfmaster.ee\/#\/schema\/logo\/image\/"}}]}},"_links":{"self":[{"href":"https:\/\/surfmaster.ee\/en\/wp-json\/wp\/v2\/pages\/4843","targetHints":{"allow":["GET"]}}],"collection":[{"href":"https:\/\/surfmaster.ee\/en\/wp-json\/wp\/v2\/pages"}],"about":[{"href":"https:\/\/surfmaster.ee\/en\/wp-json\/wp\/v2\/types\/page"}],"author":[{"embeddable":true,"href":"https:\/\/surfmaster.ee\/en\/wp-json\/wp\/v2\/users\/3"}],"replies":[{"embeddable":true,"href":"https:\/\/surfmaster.ee\/en\/wp-json\/wp\/v2\/comments?post=4843"}],"version-history":[{"count":39,"href":"https:\/\/surfmaster.ee\/en\/wp-json\/wp\/v2\/pages\/4843\/revisions"}],"predecessor-version":[{"id":5826,"href":"https:\/\/surfmaster.ee\/en\/wp-json\/wp\/v2\/pages\/4843\/revisions\/5826"}],"wp:attachment":[{"href":"https:\/\/surfmaster.ee\/en\/wp-json\/wp\/v2\/media?parent=4843"}],"curies":[{"name":"wp","href":"https:\/\/api.w.org\/{rel}","templated":true}]}}