{"id":1598,"date":"2021-10-09T18:54:34","date_gmt":"2021-10-09T18:54:34","guid":{"rendered":"https:\/\/surfmaster.ee\/?post_type=product&#038;p=1598"},"modified":"2025-03-17T15:11:01","modified_gmt":"2025-03-17T13:11:01","slug":"talvine-lohesurfi-koolitus","status":"publish","type":"product","link":"https:\/\/surfmaster.ee\/en\/talvine-lohesurfi-koolitus\/","title":{"rendered":"Kitesurf training in winter"},"content":{"rendered":"<p>Lohesurfiga on k\u00f5ige lihtsam alustada talvel, sest lumel liikuma saada on oluliselt lihtsam kui vees. Samas saab lumel kogutud oskuseid edukalt vees rakendada.<br \/>\nLumesurfi koolitusel \u00f5petavad surfikooli kogenud instruktorid, et v\u00e4ltida ohtlike olukordi, valida \u00f5iget varustust ning hinnata ilmastikuolusid. \u00d5petatakse lohe kokkuseadmist ning viise, kuidas lohe ja laud\/suusad tuule abil liikuma saada.<\/p>\n<p><strong>Koolitused toimuvad minimaalselt 4 m\/s tuulega.<\/strong><\/p>\n<p><strong>Vanusepiirang alates 10 eluaastast ja miinumum kaal osalejal 35 kg.<\/strong><\/p>\n<p><strong>Lohesurfi &nbsp;eratund (60 min)&nbsp;<\/strong>Oled l\u00e4binud koolituse ja soovid juurde \u00f5ppida. Koolitusele v\u00f5id tulla ka isikliku lohesurfi varustusega.<\/p>\n<p>Koolitus sisaldab:<\/p>\n<p>1. \u00dclevaade kite arengust ja ohutusest<br \/>\n2. Ilmastiku tingimused (tuul, ilmakaared)<br \/>\n3. Erialane terminoloogia ja kirjeldus<br \/>\n4. Treeninglohe lennutamine ( lohe suurus 2-3 m2)<br \/>\n5. T\u00e4ispumbatava lohe \u00fclesseadmine (lohe suurus 5-12 m2)<\/p>\n<p><strong>Lohesurfi t\u00e4iskoolitus 3 tundi.<\/strong><\/p>\n<p>Koolitus sisaldab:<\/p>\n<p>1. \u00dclevaade kite arengust ja ohutusest<br \/>\n2. Ilmastiku tingimused (tuul, ilmakaared)<br \/>\n3. Erialane terminoloogia ja kirjeldus<br \/>\n4. Treeninglohe lennutamine ( lohe suurus 2-3 m2)<br \/>\n5. T\u00e4ispumbatava lohe \u00fclesseadmine (lohe suurus 5-12 m2)<br \/>\n6. T\u00e4ispumbatava lohe lennutamine<br \/>\n7. S\u00f5idu alustamine lumelaua ja lohega.<\/p>\n<p>&nbsp;<\/p>\n<p>&nbsp;<\/p>","protected":false},"excerpt":{"rendered":"<h3>Talvine lohesurfi koolitus<\/h3>\n<p>Lohesurf on spordiala, kus edasi liikumiseks kasutatakse suurt tuulelohe. Liuelda saab vees veelaua ja lohega, maal maalaua ja lohega ning lumel lumelaua v\u00f5i suuskade. Lohesurf lumel pakub kirjeldamatut lahedad kogemust. Lohesurf on f\u00fc\u00fcsilist pingutust n\u00f5udev, siis sobib see igas vanuses harrastajatele. Eesti ilmastikolud talvel sobivad lohesurfiks lumel ideaalselt.<\/p>\n<p><strong>Hind sisaldab<\/strong>: Lohesurfi varustust, lisaks lumelaua varustust (laud, saapad, kiiver). <strong>Koolituseks kuluv aeg keskmiselt 3 tundi.<\/strong><br \/>\nBroneerimisel pakutakse v\u00e4lja erinevad kuup\u00e4evad ja kellaajad, mille hulgast saate valida Teile sobiva.<br \/>\nV\u00f5imalusel saame koolitust korraldada teile sobivas kohas.<\/p>\n<p><strong>Koolitused toimuvad Tallinna l\u00e4hedal p\u00f5ldudel v\u00f5i j\u00e4\u00e4tunud j\u00e4rvedel.<\/strong><\/p>\n<p><strong>Anna koolituse soovist meile teada Risto tel: 56686766 \/ e-mail: <a href=\"mailto:info@surfmaster.ee\">info@surfmaster.ee<\/a><\/strong><\/p>","protected":false},"featured_media":3603,"template":"","meta":{"_acf_changed":false,"ngg_post_thumbnail":0},"product_brand":[],"product_cat":[31,147],"product_tag":[],"class_list":{"0":"post-1598","1":"product","2":"type-product","3":"status-publish","4":"has-post-thumbnail","6":"product_cat-lohesurfi-koolitused","7":"product_cat-surfikoolitus","9":"first","10":"instock","11":"taxable","12":"shipping-taxable","13":"purchasable","14":"product-type-variable"},"acf":[],"yoast_head":"<!-- This site is optimized with the Yoast SEO plugin v27.3 - https:\/\/yoast.com\/product\/yoast-seo-wordpress\/ -->\n<title>Lohesurfi koolitus talvel - Surfmaster surfikool - Surfmaster<\/title>\n<meta name=\"description\" content=\"Talvine lohesurfi koolitus personaalne - spordiala, kus liuelda saab maal maalaua ja lohega ning lumel lumelaua v\u00f5i suuskade ja lohega.\" \/>\n<meta name=\"robots\" content=\"index, follow, max-snippet:-1, max-image-preview:large, max-video-preview:-1\" \/>\n<link rel=\"canonical\" href=\"https:\/\/surfmaster.ee\/en\/talvine-lohesurfi-koolitus\/\" \/>\n<meta property=\"og:locale\" content=\"en_US\" \/>\n<meta property=\"og:type\" content=\"article\" \/>\n<meta property=\"og:title\" content=\"Lohesurfi koolitus talvel - Surfmaster surfikool - Surfmaster\" \/>\n<meta property=\"og:description\" content=\"Talvine lohesurfi koolitus personaalne - spordiala, kus liuelda saab maal maalaua ja lohega ning lumel lumelaua v\u00f5i suuskade ja lohega.\" \/>\n<meta property=\"og:url\" content=\"https:\/\/surfmaster.ee\/en\/talvine-lohesurfi-koolitus\/\" \/>\n<meta property=\"og:site_name\" content=\"Surfmaster\" \/>\n<meta property=\"article:modified_time\" content=\"2025-03-17T13:11:01+00:00\" \/>\n<meta property=\"og:image\" content=\"https:\/\/surfmaster.ee\/wp-content\/uploads\/2021\/11\/veebIMG_2652.jpg\" \/>\n\t<meta property=\"og:image:width\" content=\"1536\" \/>\n\t<meta property=\"og:image:height\" content=\"1920\" \/>\n\t<meta property=\"og:image:type\" content=\"image\/jpeg\" \/>\n<meta name=\"twitter:card\" content=\"summary_large_image\" \/>\n<meta name=\"twitter:label1\" content=\"Est. reading time\" \/>\n\t<meta name=\"twitter:data1\" content=\"1 minute\" \/>\n<script type=\"application\/ld+json\" class=\"yoast-schema-graph\">{\"@context\":\"https:\\\/\\\/schema.org\",\"@graph\":[{\"@type\":\"WebPage\",\"@id\":\"https:\\\/\\\/surfmaster.ee\\\/talvine-lohesurfi-koolitus\\\/\",\"url\":\"https:\\\/\\\/surfmaster.ee\\\/talvine-lohesurfi-koolitus\\\/\",\"name\":\"Lohesurfi koolitus talvel - Surfmaster surfikool - Surfmaster\",\"isPartOf\":{\"@id\":\"https:\\\/\\\/surfmaster.ee\\\/#website\"},\"primaryImageOfPage\":{\"@id\":\"https:\\\/\\\/surfmaster.ee\\\/talvine-lohesurfi-koolitus\\\/#primaryimage\"},\"image\":{\"@id\":\"https:\\\/\\\/surfmaster.ee\\\/talvine-lohesurfi-koolitus\\\/#primaryimage\"},\"thumbnailUrl\":\"https:\\\/\\\/surfmaster.ee\\\/wp-content\\\/uploads\\\/2021\\\/11\\\/veebIMG_2652.jpg\",\"datePublished\":\"2021-10-09T18:54:34+00:00\",\"dateModified\":\"2025-03-17T13:11:01+00:00\",\"description\":\"Talvine lohesurfi koolitus personaalne - spordiala, kus liuelda saab maal maalaua ja lohega ning lumel lumelaua v\u00f5i suuskade ja lohega.\",\"breadcrumb\":{\"@id\":\"https:\\\/\\\/surfmaster.ee\\\/talvine-lohesurfi-koolitus\\\/#breadcrumb\"},\"inLanguage\":\"en-US\",\"potentialAction\":[{\"@type\":\"ReadAction\",\"target\":[\"https:\\\/\\\/surfmaster.ee\\\/talvine-lohesurfi-koolitus\\\/\"]}]},{\"@type\":\"ImageObject\",\"inLanguage\":\"en-US\",\"@id\":\"https:\\\/\\\/surfmaster.ee\\\/talvine-lohesurfi-koolitus\\\/#primaryimage\",\"url\":\"https:\\\/\\\/surfmaster.ee\\\/wp-content\\\/uploads\\\/2021\\\/11\\\/veebIMG_2652.jpg\",\"contentUrl\":\"https:\\\/\\\/surfmaster.ee\\\/wp-content\\\/uploads\\\/2021\\\/11\\\/veebIMG_2652.jpg\",\"width\":1536,\"height\":1920},{\"@type\":\"BreadcrumbList\",\"@id\":\"https:\\\/\\\/surfmaster.ee\\\/talvine-lohesurfi-koolitus\\\/#breadcrumb\",\"itemListElement\":[{\"@type\":\"ListItem\",\"position\":1,\"name\":\"Home\",\"item\":\"https:\\\/\\\/surfmaster.ee\\\/\"},{\"@type\":\"ListItem\",\"position\":2,\"name\":\"Lohesurfi koolitus talvel\"}]},{\"@type\":\"WebSite\",\"@id\":\"https:\\\/\\\/surfmaster.ee\\\/#website\",\"url\":\"https:\\\/\\\/surfmaster.ee\\\/\",\"name\":\"Surfmaster\",\"description\":\"SurfMaster Surfikool\",\"publisher\":{\"@id\":\"https:\\\/\\\/surfmaster.ee\\\/#organization\"},\"potentialAction\":[{\"@type\":\"SearchAction\",\"target\":{\"@type\":\"EntryPoint\",\"urlTemplate\":\"https:\\\/\\\/surfmaster.ee\\\/?s={search_term_string}\"},\"query-input\":{\"@type\":\"PropertyValueSpecification\",\"valueRequired\":true,\"valueName\":\"search_term_string\"}}],\"inLanguage\":\"en-US\"},{\"@type\":\"Organization\",\"@id\":\"https:\\\/\\\/surfmaster.ee\\\/#organization\",\"name\":\"Surfmaster\",\"url\":\"https:\\\/\\\/surfmaster.ee\\\/\",\"logo\":{\"@type\":\"ImageObject\",\"inLanguage\":\"en-US\",\"@id\":\"https:\\\/\\\/surfmaster.ee\\\/#\\\/schema\\\/logo\\\/image\\\/\",\"url\":\"https:\\\/\\\/surfmaster.ee\\\/wp-content\\\/uploads\\\/2022\\\/03\\\/Asset-4@2x.png\",\"contentUrl\":\"https:\\\/\\\/surfmaster.ee\\\/wp-content\\\/uploads\\\/2022\\\/03\\\/Asset-4@2x.png\",\"width\":1130,\"height\":1070,\"caption\":\"Surfmaster\"},\"image\":{\"@id\":\"https:\\\/\\\/surfmaster.ee\\\/#\\\/schema\\\/logo\\\/image\\\/\"}}]}<\/script>\n<!-- \/ Yoast SEO plugin. -->","yoast_head_json":{"title":"Lohesurfi koolitus talvel - Surfmaster surfikool - Surfmaster","description":"Talvine lohesurfi koolitus personaalne - spordiala, kus liuelda saab maal maalaua ja lohega ning lumel lumelaua v\u00f5i suuskade ja lohega.","robots":{"index":"index","follow":"follow","max-snippet":"max-snippet:-1","max-image-preview":"max-image-preview:large","max-video-preview":"max-video-preview:-1"},"canonical":"https:\/\/surfmaster.ee\/en\/talvine-lohesurfi-koolitus\/","og_locale":"en_US","og_type":"article","og_title":"Lohesurfi koolitus talvel - Surfmaster surfikool - Surfmaster","og_description":"Talvine lohesurfi koolitus personaalne - spordiala, kus liuelda saab maal maalaua ja lohega ning lumel lumelaua v\u00f5i suuskade ja lohega.","og_url":"https:\/\/surfmaster.ee\/en\/talvine-lohesurfi-koolitus\/","og_site_name":"Surfmaster","article_modified_time":"2025-03-17T13:11:01+00:00","og_image":[{"width":1536,"height":1920,"url":"https:\/\/surfmaster.ee\/wp-content\/uploads\/2021\/11\/veebIMG_2652.jpg","type":"image\/jpeg"}],"twitter_card":"summary_large_image","twitter_misc":{"Est. reading time":"1 minute"},"schema":{"@context":"https:\/\/schema.org","@graph":[{"@type":"WebPage","@id":"https:\/\/surfmaster.ee\/talvine-lohesurfi-koolitus\/","url":"https:\/\/surfmaster.ee\/talvine-lohesurfi-koolitus\/","name":"Lohesurfi koolitus talvel - Surfmaster surfikool - Surfmaster","isPartOf":{"@id":"https:\/\/surfmaster.ee\/#website"},"primaryImageOfPage":{"@id":"https:\/\/surfmaster.ee\/talvine-lohesurfi-koolitus\/#primaryimage"},"image":{"@id":"https:\/\/surfmaster.ee\/talvine-lohesurfi-koolitus\/#primaryimage"},"thumbnailUrl":"https:\/\/surfmaster.ee\/wp-content\/uploads\/2021\/11\/veebIMG_2652.jpg","datePublished":"2021-10-09T18:54:34+00:00","dateModified":"2025-03-17T13:11:01+00:00","description":"Talvine lohesurfi koolitus personaalne - spordiala, kus liuelda saab maal maalaua ja lohega ning lumel lumelaua v\u00f5i suuskade ja lohega.","breadcrumb":{"@id":"https:\/\/surfmaster.ee\/talvine-lohesurfi-koolitus\/#breadcrumb"},"inLanguage":"en-US","potentialAction":[{"@type":"ReadAction","target":["https:\/\/surfmaster.ee\/talvine-lohesurfi-koolitus\/"]}]},{"@type":"ImageObject","inLanguage":"en-US","@id":"https:\/\/surfmaster.ee\/talvine-lohesurfi-koolitus\/#primaryimage","url":"https:\/\/surfmaster.ee\/wp-content\/uploads\/2021\/11\/veebIMG_2652.jpg","contentUrl":"https:\/\/surfmaster.ee\/wp-content\/uploads\/2021\/11\/veebIMG_2652.jpg","width":1536,"height":1920},{"@type":"BreadcrumbList","@id":"https:\/\/surfmaster.ee\/talvine-lohesurfi-koolitus\/#breadcrumb","itemListElement":[{"@type":"ListItem","position":1,"name":"Home","item":"https:\/\/surfmaster.ee\/"},{"@type":"ListItem","position":2,"name":"Lohesurfi koolitus talvel"}]},{"@type":"WebSite","@id":"https:\/\/surfmaster.ee\/#website","url":"https:\/\/surfmaster.ee\/","name":"Surfmaster","description":"SurfMaster Surfikool","publisher":{"@id":"https:\/\/surfmaster.ee\/#organization"},"potentialAction":[{"@type":"SearchAction","target":{"@type":"EntryPoint","urlTemplate":"https:\/\/surfmaster.ee\/?s={search_term_string}"},"query-input":{"@type":"PropertyValueSpecification","valueRequired":true,"valueName":"search_term_string"}}],"inLanguage":"en-US"},{"@type":"Organization","@id":"https:\/\/surfmaster.ee\/#organization","name":"Surfmaster","url":"https:\/\/surfmaster.ee\/","logo":{"@type":"ImageObject","inLanguage":"en-US","@id":"https:\/\/surfmaster.ee\/#\/schema\/logo\/image\/","url":"https:\/\/surfmaster.ee\/wp-content\/uploads\/2022\/03\/Asset-4@2x.png","contentUrl":"https:\/\/surfmaster.ee\/wp-content\/uploads\/2022\/03\/Asset-4@2x.png","width":1130,"height":1070,"caption":"Surfmaster"},"image":{"@id":"https:\/\/surfmaster.ee\/#\/schema\/logo\/image\/"}}]}},"_links":{"self":[{"href":"https:\/\/surfmaster.ee\/en\/wp-json\/wp\/v2\/product\/1598","targetHints":{"allow":["GET"]}}],"collection":[{"href":"https:\/\/surfmaster.ee\/en\/wp-json\/wp\/v2\/product"}],"about":[{"href":"https:\/\/surfmaster.ee\/en\/wp-json\/wp\/v2\/types\/product"}],"wp:featuredmedia":[{"embeddable":true,"href":"https:\/\/surfmaster.ee\/en\/wp-json\/wp\/v2\/media\/3603"}],"wp:attachment":[{"href":"https:\/\/surfmaster.ee\/en\/wp-json\/wp\/v2\/media?parent=1598"}],"wp:term":[{"taxonomy":"product_brand","embeddable":true,"href":"https:\/\/surfmaster.ee\/en\/wp-json\/wp\/v2\/product_brand?post=1598"},{"taxonomy":"product_cat","embeddable":true,"href":"https:\/\/surfmaster.ee\/en\/wp-json\/wp\/v2\/product_cat?post=1598"},{"taxonomy":"product_tag","embeddable":true,"href":"https:\/\/surfmaster.ee\/en\/wp-json\/wp\/v2\/product_tag?post=1598"}],"curies":[{"name":"wp","href":"https:\/\/api.w.org\/{rel}","templated":true}]}}