{"id":1628,"date":"2021-10-11T06:17:55","date_gmt":"2021-10-11T06:17:55","guid":{"rendered":"https:\/\/surfmaster.ee\/?post_type=product&#038;p=1628"},"modified":"2025-03-17T15:15:27","modified_gmt":"2025-03-17T13:15:27","slug":"paikeseloojangu-sup-matk","status":"publish","type":"product","link":"https:\/\/surfmaster.ee\/en\/paikeseloojangu-sup-matk\/","title":{"rendered":"P\u00e4ikeseloojangu SUPi matk"},"content":{"rendered":"<p>&nbsp;<\/p>\n<p>&nbsp;<\/p>","protected":false},"excerpt":{"rendered":"<h3>Sunset SUP tours<\/h3>\n<p>Come on a sunset SUP trip with friends to enjoy an active activity at sea, where time stands still and the spirit gets a new lease of life! The paddle surfing trip lasts 1.5 hours. We hike according to the weather conditions, starting from Suurerantna, Hiiumaa. No prior paddle surfing experience is required to participate in the SUP trip. It usually takes 10-15 minutes to get used to the table. The participant of the hike must be at least 12 years old.&nbsp;<\/p>\n<p><strong>NB! Trip take place according to the weather and wishes. Contact us and book a place in advance or come with your group!<\/strong><\/p>\n<p>Regular trips take place according to the calendar, see the exact times <a href=\"https:\/\/surfmaster.ee\/en\/kalender\/\">https:\/\/surfmaster.ee\/kalender\/<\/a><\/p>\n<p>The hike requires a minimum number of participants <strong>5 inimest.<\/strong><\/p>\n<ul>\n<li>We organize hikes at a time convenient for you.<\/li>\n<li>20 SUP boards in total<\/li>\n<li>The MEGA SUP table can accommodate up to 8 participants.<\/li>\n<li>Minimum number of participants is 5 people.<\/li>\n<\/ul>\n<p>Registration for Sup hikes and information by e-mail: <a href=\"mailto:info@surfmaster.ee\">info@surfmaster.ee<\/a>&nbsp;or by calling: +372 56686766<\/p>\n<p><strong>The price includes up to<\/strong><\/p>\n<p>Paddlesurfing equipment (board, paddle, leg leash), life jacket. Calypso rental and instructor guidance in colder weather.<\/p>\n<p>&nbsp;<\/p>","protected":false},"featured_media":4065,"template":"","meta":{"_acf_changed":false,"ngg_post_thumbnail":0},"product_brand":[],"product_cat":[147],"product_tag":[],"class_list":{"0":"post-1628","1":"product","2":"type-product","3":"status-publish","4":"has-post-thumbnail","6":"product_cat-surfikoolitus","8":"first","9":"instock","10":"taxable","11":"shipping-taxable","12":"purchasable","13":"product-type-simple"},"acf":[],"yoast_head":"<!-- This site is optimized with the Yoast SEO plugin v27.3 - https:\/\/yoast.com\/product\/yoast-seo-wordpress\/ -->\n<title>P\u00e4ikeseloojangu SUPi matk - Surfmaster surfikool - Surfmaster<\/title>\n<meta name=\"description\" content=\"Tule p\u00e4ikeseloojangu SUP-i matkale koos s\u00f5pradega, et nautida aktiivset tegevust merel. P\u00e4ikeseloojangu SUP matkad Surfmaster surfikoolis, Ranna Surfik\u00fclas.\" \/>\n<meta name=\"robots\" content=\"index, follow, max-snippet:-1, max-image-preview:large, max-video-preview:-1\" \/>\n<link rel=\"canonical\" href=\"https:\/\/surfmaster.ee\/en\/paikeseloojangu-sup-matk\/\" \/>\n<meta property=\"og:locale\" content=\"en_US\" \/>\n<meta property=\"og:type\" content=\"article\" \/>\n<meta property=\"og:title\" content=\"P\u00e4ikeseloojangu SUPi matk - Surfmaster surfikool - Surfmaster\" \/>\n<meta property=\"og:description\" content=\"Tule p\u00e4ikeseloojangu SUP-i matkale koos s\u00f5pradega, et nautida aktiivset tegevust merel. P\u00e4ikeseloojangu SUP matkad Surfmaster surfikoolis, Ranna Surfik\u00fclas.\" \/>\n<meta property=\"og:url\" content=\"https:\/\/surfmaster.ee\/en\/paikeseloojangu-sup-matk\/\" \/>\n<meta property=\"og:site_name\" content=\"Surfmaster\" \/>\n<meta property=\"article:modified_time\" content=\"2025-03-17T13:15:27+00:00\" \/>\n<meta property=\"og:image\" content=\"https:\/\/surfmaster.ee\/wp-content\/uploads\/2023\/03\/37133184_1838375676248906_1310539734853877760_n.jpeg\" \/>\n\t<meta property=\"og:image:width\" content=\"1568\" \/>\n\t<meta property=\"og:image:height\" content=\"587\" \/>\n\t<meta property=\"og:image:type\" content=\"image\/jpeg\" \/>\n<meta name=\"twitter:card\" content=\"summary_large_image\" \/>\n<meta name=\"twitter:label1\" content=\"Est. reading time\" \/>\n\t<meta name=\"twitter:data1\" content=\"1 minute\" \/>\n<script type=\"application\/ld+json\" class=\"yoast-schema-graph\">{\"@context\":\"https:\\\/\\\/schema.org\",\"@graph\":[{\"@type\":\"WebPage\",\"@id\":\"https:\\\/\\\/surfmaster.ee\\\/paikeseloojangu-sup-matk\\\/\",\"url\":\"https:\\\/\\\/surfmaster.ee\\\/paikeseloojangu-sup-matk\\\/\",\"name\":\"P\u00e4ikeseloojangu SUPi matk - Surfmaster surfikool - Surfmaster\",\"isPartOf\":{\"@id\":\"https:\\\/\\\/surfmaster.ee\\\/#website\"},\"primaryImageOfPage\":{\"@id\":\"https:\\\/\\\/surfmaster.ee\\\/paikeseloojangu-sup-matk\\\/#primaryimage\"},\"image\":{\"@id\":\"https:\\\/\\\/surfmaster.ee\\\/paikeseloojangu-sup-matk\\\/#primaryimage\"},\"thumbnailUrl\":\"https:\\\/\\\/surfmaster.ee\\\/wp-content\\\/uploads\\\/2023\\\/03\\\/37133184_1838375676248906_1310539734853877760_n.jpeg\",\"datePublished\":\"2021-10-11T06:17:55+00:00\",\"dateModified\":\"2025-03-17T13:15:27+00:00\",\"description\":\"Tule p\u00e4ikeseloojangu SUP-i matkale koos s\u00f5pradega, et nautida aktiivset tegevust merel. P\u00e4ikeseloojangu SUP matkad Surfmaster surfikoolis, Ranna Surfik\u00fclas.\",\"breadcrumb\":{\"@id\":\"https:\\\/\\\/surfmaster.ee\\\/paikeseloojangu-sup-matk\\\/#breadcrumb\"},\"inLanguage\":\"en-US\",\"potentialAction\":[{\"@type\":\"ReadAction\",\"target\":[\"https:\\\/\\\/surfmaster.ee\\\/paikeseloojangu-sup-matk\\\/\"]}]},{\"@type\":\"ImageObject\",\"inLanguage\":\"en-US\",\"@id\":\"https:\\\/\\\/surfmaster.ee\\\/paikeseloojangu-sup-matk\\\/#primaryimage\",\"url\":\"https:\\\/\\\/surfmaster.ee\\\/wp-content\\\/uploads\\\/2023\\\/03\\\/37133184_1838375676248906_1310539734853877760_n.jpeg\",\"contentUrl\":\"https:\\\/\\\/surfmaster.ee\\\/wp-content\\\/uploads\\\/2023\\\/03\\\/37133184_1838375676248906_1310539734853877760_n.jpeg\",\"width\":1568,\"height\":587},{\"@type\":\"BreadcrumbList\",\"@id\":\"https:\\\/\\\/surfmaster.ee\\\/paikeseloojangu-sup-matk\\\/#breadcrumb\",\"itemListElement\":[{\"@type\":\"ListItem\",\"position\":1,\"name\":\"Home\",\"item\":\"https:\\\/\\\/surfmaster.ee\\\/\"},{\"@type\":\"ListItem\",\"position\":2,\"name\":\"P\u00e4ikeseloojangu SUPi matk\"}]},{\"@type\":\"WebSite\",\"@id\":\"https:\\\/\\\/surfmaster.ee\\\/#website\",\"url\":\"https:\\\/\\\/surfmaster.ee\\\/\",\"name\":\"Surfmaster\",\"description\":\"SurfMaster Surfikool\",\"publisher\":{\"@id\":\"https:\\\/\\\/surfmaster.ee\\\/#organization\"},\"potentialAction\":[{\"@type\":\"SearchAction\",\"target\":{\"@type\":\"EntryPoint\",\"urlTemplate\":\"https:\\\/\\\/surfmaster.ee\\\/?s={search_term_string}\"},\"query-input\":{\"@type\":\"PropertyValueSpecification\",\"valueRequired\":true,\"valueName\":\"search_term_string\"}}],\"inLanguage\":\"en-US\"},{\"@type\":\"Organization\",\"@id\":\"https:\\\/\\\/surfmaster.ee\\\/#organization\",\"name\":\"Surfmaster\",\"url\":\"https:\\\/\\\/surfmaster.ee\\\/\",\"logo\":{\"@type\":\"ImageObject\",\"inLanguage\":\"en-US\",\"@id\":\"https:\\\/\\\/surfmaster.ee\\\/#\\\/schema\\\/logo\\\/image\\\/\",\"url\":\"https:\\\/\\\/surfmaster.ee\\\/wp-content\\\/uploads\\\/2022\\\/03\\\/Asset-4@2x.png\",\"contentUrl\":\"https:\\\/\\\/surfmaster.ee\\\/wp-content\\\/uploads\\\/2022\\\/03\\\/Asset-4@2x.png\",\"width\":1130,\"height\":1070,\"caption\":\"Surfmaster\"},\"image\":{\"@id\":\"https:\\\/\\\/surfmaster.ee\\\/#\\\/schema\\\/logo\\\/image\\\/\"}}]}<\/script>\n<!-- \/ Yoast SEO plugin. -->","yoast_head_json":{"title":"P\u00e4ikeseloojangu SUPi matk - Surfmaster surfikool - Surfmaster","description":"Tule p\u00e4ikeseloojangu SUP-i matkale koos s\u00f5pradega, et nautida aktiivset tegevust merel. P\u00e4ikeseloojangu SUP matkad Surfmaster surfikoolis, Ranna Surfik\u00fclas.","robots":{"index":"index","follow":"follow","max-snippet":"max-snippet:-1","max-image-preview":"max-image-preview:large","max-video-preview":"max-video-preview:-1"},"canonical":"https:\/\/surfmaster.ee\/en\/paikeseloojangu-sup-matk\/","og_locale":"en_US","og_type":"article","og_title":"P\u00e4ikeseloojangu SUPi matk - Surfmaster surfikool - Surfmaster","og_description":"Tule p\u00e4ikeseloojangu SUP-i matkale koos s\u00f5pradega, et nautida aktiivset tegevust merel. P\u00e4ikeseloojangu SUP matkad Surfmaster surfikoolis, Ranna Surfik\u00fclas.","og_url":"https:\/\/surfmaster.ee\/en\/paikeseloojangu-sup-matk\/","og_site_name":"Surfmaster","article_modified_time":"2025-03-17T13:15:27+00:00","og_image":[{"width":1568,"height":587,"url":"https:\/\/surfmaster.ee\/wp-content\/uploads\/2023\/03\/37133184_1838375676248906_1310539734853877760_n.jpeg","type":"image\/jpeg"}],"twitter_card":"summary_large_image","twitter_misc":{"Est. reading time":"1 minute"},"schema":{"@context":"https:\/\/schema.org","@graph":[{"@type":"WebPage","@id":"https:\/\/surfmaster.ee\/paikeseloojangu-sup-matk\/","url":"https:\/\/surfmaster.ee\/paikeseloojangu-sup-matk\/","name":"P\u00e4ikeseloojangu SUPi matk - Surfmaster surfikool - Surfmaster","isPartOf":{"@id":"https:\/\/surfmaster.ee\/#website"},"primaryImageOfPage":{"@id":"https:\/\/surfmaster.ee\/paikeseloojangu-sup-matk\/#primaryimage"},"image":{"@id":"https:\/\/surfmaster.ee\/paikeseloojangu-sup-matk\/#primaryimage"},"thumbnailUrl":"https:\/\/surfmaster.ee\/wp-content\/uploads\/2023\/03\/37133184_1838375676248906_1310539734853877760_n.jpeg","datePublished":"2021-10-11T06:17:55+00:00","dateModified":"2025-03-17T13:15:27+00:00","description":"Tule p\u00e4ikeseloojangu SUP-i matkale koos s\u00f5pradega, et nautida aktiivset tegevust merel. P\u00e4ikeseloojangu SUP matkad Surfmaster surfikoolis, Ranna Surfik\u00fclas.","breadcrumb":{"@id":"https:\/\/surfmaster.ee\/paikeseloojangu-sup-matk\/#breadcrumb"},"inLanguage":"en-US","potentialAction":[{"@type":"ReadAction","target":["https:\/\/surfmaster.ee\/paikeseloojangu-sup-matk\/"]}]},{"@type":"ImageObject","inLanguage":"en-US","@id":"https:\/\/surfmaster.ee\/paikeseloojangu-sup-matk\/#primaryimage","url":"https:\/\/surfmaster.ee\/wp-content\/uploads\/2023\/03\/37133184_1838375676248906_1310539734853877760_n.jpeg","contentUrl":"https:\/\/surfmaster.ee\/wp-content\/uploads\/2023\/03\/37133184_1838375676248906_1310539734853877760_n.jpeg","width":1568,"height":587},{"@type":"BreadcrumbList","@id":"https:\/\/surfmaster.ee\/paikeseloojangu-sup-matk\/#breadcrumb","itemListElement":[{"@type":"ListItem","position":1,"name":"Home","item":"https:\/\/surfmaster.ee\/"},{"@type":"ListItem","position":2,"name":"P\u00e4ikeseloojangu SUPi matk"}]},{"@type":"WebSite","@id":"https:\/\/surfmaster.ee\/#website","url":"https:\/\/surfmaster.ee\/","name":"Surfmaster","description":"SurfMaster Surfikool","publisher":{"@id":"https:\/\/surfmaster.ee\/#organization"},"potentialAction":[{"@type":"SearchAction","target":{"@type":"EntryPoint","urlTemplate":"https:\/\/surfmaster.ee\/?s={search_term_string}"},"query-input":{"@type":"PropertyValueSpecification","valueRequired":true,"valueName":"search_term_string"}}],"inLanguage":"en-US"},{"@type":"Organization","@id":"https:\/\/surfmaster.ee\/#organization","name":"Surfmaster","url":"https:\/\/surfmaster.ee\/","logo":{"@type":"ImageObject","inLanguage":"en-US","@id":"https:\/\/surfmaster.ee\/#\/schema\/logo\/image\/","url":"https:\/\/surfmaster.ee\/wp-content\/uploads\/2022\/03\/Asset-4@2x.png","contentUrl":"https:\/\/surfmaster.ee\/wp-content\/uploads\/2022\/03\/Asset-4@2x.png","width":1130,"height":1070,"caption":"Surfmaster"},"image":{"@id":"https:\/\/surfmaster.ee\/#\/schema\/logo\/image\/"}}]}},"_links":{"self":[{"href":"https:\/\/surfmaster.ee\/en\/wp-json\/wp\/v2\/product\/1628","targetHints":{"allow":["GET"]}}],"collection":[{"href":"https:\/\/surfmaster.ee\/en\/wp-json\/wp\/v2\/product"}],"about":[{"href":"https:\/\/surfmaster.ee\/en\/wp-json\/wp\/v2\/types\/product"}],"wp:featuredmedia":[{"embeddable":true,"href":"https:\/\/surfmaster.ee\/en\/wp-json\/wp\/v2\/media\/4065"}],"wp:attachment":[{"href":"https:\/\/surfmaster.ee\/en\/wp-json\/wp\/v2\/media?parent=1628"}],"wp:term":[{"taxonomy":"product_brand","embeddable":true,"href":"https:\/\/surfmaster.ee\/en\/wp-json\/wp\/v2\/product_brand?post=1628"},{"taxonomy":"product_cat","embeddable":true,"href":"https:\/\/surfmaster.ee\/en\/wp-json\/wp\/v2\/product_cat?post=1628"},{"taxonomy":"product_tag","embeddable":true,"href":"https:\/\/surfmaster.ee\/en\/wp-json\/wp\/v2\/product_tag?post=1628"}],"curies":[{"name":"wp","href":"https:\/\/api.w.org\/{rel}","templated":true}]}}