{"id":1636,"date":"2021-10-11T07:04:42","date_gmt":"2021-10-11T07:04:42","guid":{"rendered":"https:\/\/surfmaster.ee\/?post_type=product&#038;p=1636"},"modified":"2025-03-17T15:14:37","modified_gmt":"2025-03-17T13:14:37","slug":"aerusurfi-koolitus","status":"publish","type":"product","link":"https:\/\/surfmaster.ee\/en\/aerusurfi-koolitus\/","title":{"rendered":"Paddlesurf training"},"content":{"rendered":"<h3>Paddlesurf training<\/h3>\n<p>Paddlesurfing training is a theoretical and practical instruction in paddlesurfing and a good opportunity to have a sporty time with friends while surfing the sea.<\/p>\n<p>Paddle surfing, or stand up paddle surf (SUP) in English, or hoe he\u00b4e nalu in Hawaiian, is a sport with roots in Hawaii that is rapidly developing worldwide. Paddleboarding has its origins in surfing, when surf instructors stood up on a surfboard to get a better view of their students.<\/p>\n<p>Laird Hamilton and Dave Kalama were the first to introduce the ancient sport to the modern world of water sports. In 2000, Rick Thomas was the first \"modern\" surfer to bring paddle surfing from the Hawaiian Islands to the continental United States. The new area was quickly adopted by local surfers, as it offers the opportunity to stay on the wave longer and the overview of what is happening is much better.<br \/>\nBeing relatively easy to acquire, paddle surfing is today an effective additional training for many top athletes and simply a pleasant pastime for millions of people around the world.<\/p>","protected":false},"excerpt":{"rendered":"<h3>Paddlesurf training&nbsp;<\/h3>\n<p>Paddle surfing, or stand up paddle surf (SUP) in English, or hoe he\u00b4e nalu in Hawaiian, is a sport with roots in Hawaii that is rapidly developing worldwide. Paddleboarding has its origins in surfing, when surf instructors stood up on a surfboard to get a better view of their students.<\/p>\n<h3>The duration of the paddle surfing training is 1 hour and the training plan:<\/h3>\n<ol>\n<li>security<\/li>\n<li>equipment introduction<\/li>\n<li>proper board handling<\/li>\n<li>abc of rowing<\/li>\n<li>kneeling rowing<\/li>\n<li>standing up on the board<\/li>\n<li>balance and correct posture<\/li>\n<li>standing rowing<\/li>\n<li>checking the direction of travel<\/li>\n<li>maintaining balance with an oar<\/li>\n<li>rowing while standing at the back of the board<\/li>\n<li>rotation<\/li>\n<\/ol>\n<p><strong>The price includes up to<\/strong><\/p>\n<p>Paddlesurfing equipment (board, paddle, leg leash), life jacket. Calypso rental and instructor guidance in colder weather.<\/p>\n<h3>More information below<\/h3>\n<p>&nbsp;<\/p>","protected":false},"featured_media":4738,"template":"","meta":{"_acf_changed":false,"ngg_post_thumbnail":0},"product_brand":[],"product_cat":[147],"product_tag":[],"class_list":{"0":"post-1636","1":"product","2":"type-product","3":"status-publish","4":"has-post-thumbnail","6":"product_cat-surfikoolitus","8":"first","9":"instock","10":"taxable","11":"shipping-taxable","12":"purchasable","13":"product-type-variable"},"acf":[],"yoast_head":"<!-- This site is optimized with the Yoast SEO plugin v27.3 - https:\/\/yoast.com\/product\/yoast-seo-wordpress\/ -->\n<title>Aerusurfi koolitus - Surfmaster surfikool - Surfmaster<\/title>\n<meta name=\"description\" content=\"Aerusurfi koolitus\u00a0on teoreetiline ja praktiline aerusurfi \u00f5petus ning hea v\u00f5imalus s\u00f5pradega sportlikult aega veeta.\" \/>\n<meta name=\"robots\" content=\"index, follow, max-snippet:-1, max-image-preview:large, max-video-preview:-1\" \/>\n<link rel=\"canonical\" href=\"https:\/\/surfmaster.ee\/en\/aerusurfi-koolitus\/\" \/>\n<meta property=\"og:locale\" content=\"en_US\" \/>\n<meta property=\"og:type\" content=\"article\" \/>\n<meta property=\"og:title\" content=\"Aerusurfi koolitus - Surfmaster surfikool - Surfmaster\" \/>\n<meta property=\"og:description\" content=\"Aerusurfi koolitus\u00a0on teoreetiline ja praktiline aerusurfi \u00f5petus ning hea v\u00f5imalus s\u00f5pradega sportlikult aega veeta.\" \/>\n<meta property=\"og:url\" content=\"https:\/\/surfmaster.ee\/en\/aerusurfi-koolitus\/\" \/>\n<meta property=\"og:site_name\" content=\"Surfmaster\" \/>\n<meta property=\"article:modified_time\" content=\"2025-03-17T13:14:37+00:00\" \/>\n<meta property=\"og:image\" content=\"https:\/\/surfmaster.ee\/wp-content\/uploads\/2024\/02\/stand-up-paddle-board-rental-agios-georgios-crazy-sports-cover.jpeg\" \/>\n\t<meta property=\"og:image:width\" content=\"1920\" \/>\n\t<meta property=\"og:image:height\" content=\"1080\" \/>\n\t<meta property=\"og:image:type\" content=\"image\/jpeg\" \/>\n<meta name=\"twitter:card\" content=\"summary_large_image\" \/>\n<meta name=\"twitter:label1\" content=\"Est. reading time\" \/>\n\t<meta name=\"twitter:data1\" content=\"1 minute\" \/>\n<script type=\"application\/ld+json\" class=\"yoast-schema-graph\">{\"@context\":\"https:\\\/\\\/schema.org\",\"@graph\":[{\"@type\":\"WebPage\",\"@id\":\"https:\\\/\\\/surfmaster.ee\\\/aerusurfi-koolitus\\\/\",\"url\":\"https:\\\/\\\/surfmaster.ee\\\/aerusurfi-koolitus\\\/\",\"name\":\"Aerusurfi koolitus - Surfmaster surfikool - Surfmaster\",\"isPartOf\":{\"@id\":\"https:\\\/\\\/surfmaster.ee\\\/#website\"},\"primaryImageOfPage\":{\"@id\":\"https:\\\/\\\/surfmaster.ee\\\/aerusurfi-koolitus\\\/#primaryimage\"},\"image\":{\"@id\":\"https:\\\/\\\/surfmaster.ee\\\/aerusurfi-koolitus\\\/#primaryimage\"},\"thumbnailUrl\":\"https:\\\/\\\/surfmaster.ee\\\/wp-content\\\/uploads\\\/2024\\\/02\\\/stand-up-paddle-board-rental-agios-georgios-crazy-sports-cover.jpeg\",\"datePublished\":\"2021-10-11T07:04:42+00:00\",\"dateModified\":\"2025-03-17T13:14:37+00:00\",\"description\":\"Aerusurfi koolitus\u00a0on teoreetiline ja praktiline aerusurfi \u00f5petus ning hea v\u00f5imalus s\u00f5pradega sportlikult aega veeta.\",\"breadcrumb\":{\"@id\":\"https:\\\/\\\/surfmaster.ee\\\/aerusurfi-koolitus\\\/#breadcrumb\"},\"inLanguage\":\"en-US\",\"potentialAction\":[{\"@type\":\"ReadAction\",\"target\":[\"https:\\\/\\\/surfmaster.ee\\\/aerusurfi-koolitus\\\/\"]}]},{\"@type\":\"ImageObject\",\"inLanguage\":\"en-US\",\"@id\":\"https:\\\/\\\/surfmaster.ee\\\/aerusurfi-koolitus\\\/#primaryimage\",\"url\":\"https:\\\/\\\/surfmaster.ee\\\/wp-content\\\/uploads\\\/2024\\\/02\\\/stand-up-paddle-board-rental-agios-georgios-crazy-sports-cover.jpeg\",\"contentUrl\":\"https:\\\/\\\/surfmaster.ee\\\/wp-content\\\/uploads\\\/2024\\\/02\\\/stand-up-paddle-board-rental-agios-georgios-crazy-sports-cover.jpeg\",\"width\":1920,\"height\":1080},{\"@type\":\"BreadcrumbList\",\"@id\":\"https:\\\/\\\/surfmaster.ee\\\/aerusurfi-koolitus\\\/#breadcrumb\",\"itemListElement\":[{\"@type\":\"ListItem\",\"position\":1,\"name\":\"Home\",\"item\":\"https:\\\/\\\/surfmaster.ee\\\/\"},{\"@type\":\"ListItem\",\"position\":2,\"name\":\"Aerusurfi koolitus\"}]},{\"@type\":\"WebSite\",\"@id\":\"https:\\\/\\\/surfmaster.ee\\\/#website\",\"url\":\"https:\\\/\\\/surfmaster.ee\\\/\",\"name\":\"Surfmaster\",\"description\":\"SurfMaster Surfikool\",\"publisher\":{\"@id\":\"https:\\\/\\\/surfmaster.ee\\\/#organization\"},\"potentialAction\":[{\"@type\":\"SearchAction\",\"target\":{\"@type\":\"EntryPoint\",\"urlTemplate\":\"https:\\\/\\\/surfmaster.ee\\\/?s={search_term_string}\"},\"query-input\":{\"@type\":\"PropertyValueSpecification\",\"valueRequired\":true,\"valueName\":\"search_term_string\"}}],\"inLanguage\":\"en-US\"},{\"@type\":\"Organization\",\"@id\":\"https:\\\/\\\/surfmaster.ee\\\/#organization\",\"name\":\"Surfmaster\",\"url\":\"https:\\\/\\\/surfmaster.ee\\\/\",\"logo\":{\"@type\":\"ImageObject\",\"inLanguage\":\"en-US\",\"@id\":\"https:\\\/\\\/surfmaster.ee\\\/#\\\/schema\\\/logo\\\/image\\\/\",\"url\":\"https:\\\/\\\/surfmaster.ee\\\/wp-content\\\/uploads\\\/2022\\\/03\\\/Asset-4@2x.png\",\"contentUrl\":\"https:\\\/\\\/surfmaster.ee\\\/wp-content\\\/uploads\\\/2022\\\/03\\\/Asset-4@2x.png\",\"width\":1130,\"height\":1070,\"caption\":\"Surfmaster\"},\"image\":{\"@id\":\"https:\\\/\\\/surfmaster.ee\\\/#\\\/schema\\\/logo\\\/image\\\/\"}}]}<\/script>\n<!-- \/ Yoast SEO plugin. -->","yoast_head_json":{"title":"Aerusurfi koolitus - Surfmaster surfikool - Surfmaster","description":"Aerusurfi koolitus\u00a0on teoreetiline ja praktiline aerusurfi \u00f5petus ning hea v\u00f5imalus s\u00f5pradega sportlikult aega veeta.","robots":{"index":"index","follow":"follow","max-snippet":"max-snippet:-1","max-image-preview":"max-image-preview:large","max-video-preview":"max-video-preview:-1"},"canonical":"https:\/\/surfmaster.ee\/en\/aerusurfi-koolitus\/","og_locale":"en_US","og_type":"article","og_title":"Aerusurfi koolitus - Surfmaster surfikool - Surfmaster","og_description":"Aerusurfi koolitus\u00a0on teoreetiline ja praktiline aerusurfi \u00f5petus ning hea v\u00f5imalus s\u00f5pradega sportlikult aega veeta.","og_url":"https:\/\/surfmaster.ee\/en\/aerusurfi-koolitus\/","og_site_name":"Surfmaster","article_modified_time":"2025-03-17T13:14:37+00:00","og_image":[{"width":1920,"height":1080,"url":"https:\/\/surfmaster.ee\/wp-content\/uploads\/2024\/02\/stand-up-paddle-board-rental-agios-georgios-crazy-sports-cover.jpeg","type":"image\/jpeg"}],"twitter_card":"summary_large_image","twitter_misc":{"Est. reading time":"1 minute"},"schema":{"@context":"https:\/\/schema.org","@graph":[{"@type":"WebPage","@id":"https:\/\/surfmaster.ee\/aerusurfi-koolitus\/","url":"https:\/\/surfmaster.ee\/aerusurfi-koolitus\/","name":"Aerusurfi koolitus - Surfmaster surfikool - Surfmaster","isPartOf":{"@id":"https:\/\/surfmaster.ee\/#website"},"primaryImageOfPage":{"@id":"https:\/\/surfmaster.ee\/aerusurfi-koolitus\/#primaryimage"},"image":{"@id":"https:\/\/surfmaster.ee\/aerusurfi-koolitus\/#primaryimage"},"thumbnailUrl":"https:\/\/surfmaster.ee\/wp-content\/uploads\/2024\/02\/stand-up-paddle-board-rental-agios-georgios-crazy-sports-cover.jpeg","datePublished":"2021-10-11T07:04:42+00:00","dateModified":"2025-03-17T13:14:37+00:00","description":"Aerusurfi koolitus\u00a0on teoreetiline ja praktiline aerusurfi \u00f5petus ning hea v\u00f5imalus s\u00f5pradega sportlikult aega veeta.","breadcrumb":{"@id":"https:\/\/surfmaster.ee\/aerusurfi-koolitus\/#breadcrumb"},"inLanguage":"en-US","potentialAction":[{"@type":"ReadAction","target":["https:\/\/surfmaster.ee\/aerusurfi-koolitus\/"]}]},{"@type":"ImageObject","inLanguage":"en-US","@id":"https:\/\/surfmaster.ee\/aerusurfi-koolitus\/#primaryimage","url":"https:\/\/surfmaster.ee\/wp-content\/uploads\/2024\/02\/stand-up-paddle-board-rental-agios-georgios-crazy-sports-cover.jpeg","contentUrl":"https:\/\/surfmaster.ee\/wp-content\/uploads\/2024\/02\/stand-up-paddle-board-rental-agios-georgios-crazy-sports-cover.jpeg","width":1920,"height":1080},{"@type":"BreadcrumbList","@id":"https:\/\/surfmaster.ee\/aerusurfi-koolitus\/#breadcrumb","itemListElement":[{"@type":"ListItem","position":1,"name":"Home","item":"https:\/\/surfmaster.ee\/"},{"@type":"ListItem","position":2,"name":"Aerusurfi koolitus"}]},{"@type":"WebSite","@id":"https:\/\/surfmaster.ee\/#website","url":"https:\/\/surfmaster.ee\/","name":"Surfmaster","description":"SurfMaster Surfikool","publisher":{"@id":"https:\/\/surfmaster.ee\/#organization"},"potentialAction":[{"@type":"SearchAction","target":{"@type":"EntryPoint","urlTemplate":"https:\/\/surfmaster.ee\/?s={search_term_string}"},"query-input":{"@type":"PropertyValueSpecification","valueRequired":true,"valueName":"search_term_string"}}],"inLanguage":"en-US"},{"@type":"Organization","@id":"https:\/\/surfmaster.ee\/#organization","name":"Surfmaster","url":"https:\/\/surfmaster.ee\/","logo":{"@type":"ImageObject","inLanguage":"en-US","@id":"https:\/\/surfmaster.ee\/#\/schema\/logo\/image\/","url":"https:\/\/surfmaster.ee\/wp-content\/uploads\/2022\/03\/Asset-4@2x.png","contentUrl":"https:\/\/surfmaster.ee\/wp-content\/uploads\/2022\/03\/Asset-4@2x.png","width":1130,"height":1070,"caption":"Surfmaster"},"image":{"@id":"https:\/\/surfmaster.ee\/#\/schema\/logo\/image\/"}}]}},"_links":{"self":[{"href":"https:\/\/surfmaster.ee\/en\/wp-json\/wp\/v2\/product\/1636","targetHints":{"allow":["GET"]}}],"collection":[{"href":"https:\/\/surfmaster.ee\/en\/wp-json\/wp\/v2\/product"}],"about":[{"href":"https:\/\/surfmaster.ee\/en\/wp-json\/wp\/v2\/types\/product"}],"wp:featuredmedia":[{"embeddable":true,"href":"https:\/\/surfmaster.ee\/en\/wp-json\/wp\/v2\/media\/4738"}],"wp:attachment":[{"href":"https:\/\/surfmaster.ee\/en\/wp-json\/wp\/v2\/media?parent=1636"}],"wp:term":[{"taxonomy":"product_brand","embeddable":true,"href":"https:\/\/surfmaster.ee\/en\/wp-json\/wp\/v2\/product_brand?post=1636"},{"taxonomy":"product_cat","embeddable":true,"href":"https:\/\/surfmaster.ee\/en\/wp-json\/wp\/v2\/product_cat?post=1636"},{"taxonomy":"product_tag","embeddable":true,"href":"https:\/\/surfmaster.ee\/en\/wp-json\/wp\/v2\/product_tag?post=1636"}],"curies":[{"name":"wp","href":"https:\/\/api.w.org\/{rel}","templated":true}]}}