{"id":2272,"date":"2021-11-01T12:38:43","date_gmt":"2021-11-01T12:38:43","guid":{"rendered":"https:\/\/surfmaster.ee\/?post_type=product&#038;p=2272"},"modified":"2025-03-17T15:10:14","modified_gmt":"2025-03-17T13:10:14","slug":"tiivasurfi-koolitus-talvel","status":"publish","type":"product","link":"https:\/\/surfmaster.ee\/en\/tiivasurfi-koolitus-talvel\/","title":{"rendered":"Wing surfing training in winter"},"content":{"rendered":"<p>Wingsurf koolitus talvel loob kirjeldamatult laheda elamuse ja ala on Eestis v\u00e4ga populaarne. Olgugi, et tiivasurf on f\u00fc\u00fcsilist pingutust n\u00f5udev, sobib see igas vanuses harrastajatele. Tuuliseid ilmasid jagub talvel k\u00fcllaga ja kohalikud ilmastikutingimused sobivad tiivasurfiks ideaalselt.&nbsp;<\/p>\n<p>Tiivasurfiga on k\u00f5ige lihtsam alustada talvel, sest lumel liikuma saada on oluliselt lihtsam kui vees. Samas saab lumel kogutud oskuseid edukalt vette minnes \u00e4ra kasutada.<\/p>\n<p>Tiivasurfi koolitusel \u00f5petavad Sind surfikooli kogenud instruktorid , et v\u00e4ltida ohtlike olukordi, valida \u00f5iget varustust ning hinnata ilmastikuolusid. \u00d5petatakse tiiva kokkuseadmist ning viise, kuidas tiiba ja lumelauda\/m\u00e4esuuska tuule abil liikuma saada.<\/p>\n<p><strong>Koolitused toimuvad, kui tuuleolud on minimaalselt 4 m\/s.&nbsp;<\/strong><\/p>\n<p><strong>Vanusepiirang alates 10 eluaastast.<\/strong><\/p>\n<h3>Tiivasurfi koolitus talvel sisaldab:<\/h3>\n<ul>\n<li>An overview of wing development and safety<\/li>\n<li>Weather conditions (wind, weather conditions)<\/li>\n<li>Professional terminology and description<\/li>\n<li>Setting up an inflatable wing<\/li>\n<li>Tiiva lennutamine ( suurus 2.1-6 m2)<\/li>\n<li>S\u00f5idu alustamine tiiva ja lumelauaga\/suuskadega.<\/li>\n<li>Iseseiseiv harjutamise aeg.<\/li>\n<\/ul>\n<p><strong>The price includes up to<\/strong> Tiivasurfi varustust, lisaks lumelaua varustust (laud, saapad, kiiver). Koolituseks kuluv aeg keskmiselt 2 tundi. Koolituse aeg palume broneerida telefonil 56686766 v\u00f5i kirjuta <a href=\"mailto:info@surfmaster.ee\">info@surfmaster.ee<\/a><\/p>\n<p>Broneerimisel pakutakse v\u00e4lja erinevad kuup\u00e4evad ja kellaajad, mille hulgast saate valida Teile sobiva. Koolitused toimuvad Tallinna l\u00e4hedal p\u00f5ldudel v\u00f5i j\u00e4\u00e4tunud j\u00e4rvedel.<\/p>","protected":false},"excerpt":{"rendered":"<h3>Tiivasurf ehk wingsurf koolitus talvel<\/h3>\n<p>Tiivasurf (wingsurf) on eelk\u00f5ige lohesurfi ja purjelaua ning aerusurfi edasi arendus. Laual seistes hoiab surfar k\u00e4es tiiba, mida tuul edasi kannab. &nbsp;Tiibade kasutamine ei piirdu ainult veespordiga, vaid seda kasutatakse s\u00f5itmiseks lumel, j\u00e4\u00e4l v\u00f5i maismaal. T\u00e4nasel hetkel kasutatakse pumbatavaid ja kompaktseid ning kergeid tuuletiibasid.&nbsp;<\/p>\n<p><strong>The price includes up to<\/strong> Tiivasurfi varustust, lisaks lumelaua varustust (laud, saapad, kiiver). Koolituseks kuluv aeg keskmiselt 2 tundi.&nbsp;Broneerimisel pakutakse v\u00e4lja erinevad kuup\u00e4evad ja kellaajad, mille hulgast saate valida Teile sobiva.<\/p>\n<p><strong>Koolitused toimuvad Tallinna l\u00e4hedal p\u00f5ldudel v\u00f5i j\u00e4\u00e4tunud j\u00e4rvedel.<\/strong><\/p>\n<p><strong>Anna koolituse soovist meile teada Risto tel: 56686766 \/ e-mail: <a href=\"mailto:info@surfmaster.ee\">info@surfmaster.ee<\/a><\/strong><\/p>","protected":false},"featured_media":3604,"template":"","meta":{"_acf_changed":false,"ngg_post_thumbnail":0},"product_brand":[],"product_cat":[147,92],"product_tag":[],"class_list":{"0":"post-2272","1":"product","2":"type-product","3":"status-publish","4":"has-post-thumbnail","6":"product_cat-surfikoolitus","7":"product_cat-tiivasurf-koolitus","9":"first","10":"instock","11":"taxable","12":"shipping-taxable","13":"purchasable","14":"product-type-variable"},"acf":[],"yoast_head":"<!-- This site is optimized with the Yoast SEO plugin v27.3 - https:\/\/yoast.com\/product\/yoast-seo-wordpress\/ -->\n<title>Tiivasurfi koolitus talvel - Surfmaster<\/title>\n<meta name=\"description\" content=\"Wingsurf koolitus talvel loob kirjeldamatult laheda elamuse. Tuule ja tiiva j\u00f5ul saab liikuda lumeleua, m\u00e4esuuskade v\u00f5i uiskudega j\u00e4\u00e4peal.\" \/>\n<meta name=\"robots\" content=\"index, follow, max-snippet:-1, max-image-preview:large, max-video-preview:-1\" \/>\n<link rel=\"canonical\" href=\"https:\/\/surfmaster.ee\/en\/tiivasurfi-koolitus-talvel\/\" \/>\n<meta property=\"og:locale\" content=\"en_US\" \/>\n<meta property=\"og:type\" content=\"article\" \/>\n<meta property=\"og:title\" content=\"Tiivasurfi koolitus talvel - Surfmaster\" \/>\n<meta property=\"og:description\" content=\"Wingsurf koolitus talvel loob kirjeldamatult laheda elamuse. Tuule ja tiiva j\u00f5ul saab liikuda lumeleua, m\u00e4esuuskade v\u00f5i uiskudega j\u00e4\u00e4peal.\" \/>\n<meta property=\"og:url\" content=\"https:\/\/surfmaster.ee\/en\/tiivasurfi-koolitus-talvel\/\" \/>\n<meta property=\"og:site_name\" content=\"Surfmaster\" \/>\n<meta property=\"article:modified_time\" content=\"2025-03-17T13:10:14+00:00\" \/>\n<meta property=\"og:image\" content=\"https:\/\/surfmaster.ee\/wp-content\/uploads\/2021\/11\/veebIMG_2686.jpg\" \/>\n\t<meta property=\"og:image:width\" content=\"1536\" \/>\n\t<meta property=\"og:image:height\" content=\"1920\" \/>\n\t<meta property=\"og:image:type\" content=\"image\/jpeg\" \/>\n<meta name=\"twitter:card\" content=\"summary_large_image\" \/>\n<meta name=\"twitter:label1\" content=\"Est. reading time\" \/>\n\t<meta name=\"twitter:data1\" content=\"2 minutes\" \/>\n<script type=\"application\/ld+json\" class=\"yoast-schema-graph\">{\"@context\":\"https:\\\/\\\/schema.org\",\"@graph\":[{\"@type\":\"WebPage\",\"@id\":\"https:\\\/\\\/surfmaster.ee\\\/tiivasurfi-koolitus-talvel\\\/\",\"url\":\"https:\\\/\\\/surfmaster.ee\\\/tiivasurfi-koolitus-talvel\\\/\",\"name\":\"Tiivasurfi koolitus talvel - Surfmaster\",\"isPartOf\":{\"@id\":\"https:\\\/\\\/surfmaster.ee\\\/#website\"},\"primaryImageOfPage\":{\"@id\":\"https:\\\/\\\/surfmaster.ee\\\/tiivasurfi-koolitus-talvel\\\/#primaryimage\"},\"image\":{\"@id\":\"https:\\\/\\\/surfmaster.ee\\\/tiivasurfi-koolitus-talvel\\\/#primaryimage\"},\"thumbnailUrl\":\"https:\\\/\\\/surfmaster.ee\\\/wp-content\\\/uploads\\\/2021\\\/11\\\/veebIMG_2686.jpg\",\"datePublished\":\"2021-11-01T12:38:43+00:00\",\"dateModified\":\"2025-03-17T13:10:14+00:00\",\"description\":\"Wingsurf koolitus talvel loob kirjeldamatult laheda elamuse. Tuule ja tiiva j\u00f5ul saab liikuda lumeleua, m\u00e4esuuskade v\u00f5i uiskudega j\u00e4\u00e4peal.\",\"breadcrumb\":{\"@id\":\"https:\\\/\\\/surfmaster.ee\\\/tiivasurfi-koolitus-talvel\\\/#breadcrumb\"},\"inLanguage\":\"en-US\",\"potentialAction\":[{\"@type\":\"ReadAction\",\"target\":[\"https:\\\/\\\/surfmaster.ee\\\/tiivasurfi-koolitus-talvel\\\/\"]}]},{\"@type\":\"ImageObject\",\"inLanguage\":\"en-US\",\"@id\":\"https:\\\/\\\/surfmaster.ee\\\/tiivasurfi-koolitus-talvel\\\/#primaryimage\",\"url\":\"https:\\\/\\\/surfmaster.ee\\\/wp-content\\\/uploads\\\/2021\\\/11\\\/veebIMG_2686.jpg\",\"contentUrl\":\"https:\\\/\\\/surfmaster.ee\\\/wp-content\\\/uploads\\\/2021\\\/11\\\/veebIMG_2686.jpg\",\"width\":1536,\"height\":1920},{\"@type\":\"BreadcrumbList\",\"@id\":\"https:\\\/\\\/surfmaster.ee\\\/tiivasurfi-koolitus-talvel\\\/#breadcrumb\",\"itemListElement\":[{\"@type\":\"ListItem\",\"position\":1,\"name\":\"Home\",\"item\":\"https:\\\/\\\/surfmaster.ee\\\/\"},{\"@type\":\"ListItem\",\"position\":2,\"name\":\"Tiivasurfi koolitus talvel\"}]},{\"@type\":\"WebSite\",\"@id\":\"https:\\\/\\\/surfmaster.ee\\\/#website\",\"url\":\"https:\\\/\\\/surfmaster.ee\\\/\",\"name\":\"Surfmaster\",\"description\":\"SurfMaster Surfikool\",\"publisher\":{\"@id\":\"https:\\\/\\\/surfmaster.ee\\\/#organization\"},\"potentialAction\":[{\"@type\":\"SearchAction\",\"target\":{\"@type\":\"EntryPoint\",\"urlTemplate\":\"https:\\\/\\\/surfmaster.ee\\\/?s={search_term_string}\"},\"query-input\":{\"@type\":\"PropertyValueSpecification\",\"valueRequired\":true,\"valueName\":\"search_term_string\"}}],\"inLanguage\":\"en-US\"},{\"@type\":\"Organization\",\"@id\":\"https:\\\/\\\/surfmaster.ee\\\/#organization\",\"name\":\"Surfmaster\",\"url\":\"https:\\\/\\\/surfmaster.ee\\\/\",\"logo\":{\"@type\":\"ImageObject\",\"inLanguage\":\"en-US\",\"@id\":\"https:\\\/\\\/surfmaster.ee\\\/#\\\/schema\\\/logo\\\/image\\\/\",\"url\":\"https:\\\/\\\/surfmaster.ee\\\/wp-content\\\/uploads\\\/2022\\\/03\\\/Asset-4@2x.png\",\"contentUrl\":\"https:\\\/\\\/surfmaster.ee\\\/wp-content\\\/uploads\\\/2022\\\/03\\\/Asset-4@2x.png\",\"width\":1130,\"height\":1070,\"caption\":\"Surfmaster\"},\"image\":{\"@id\":\"https:\\\/\\\/surfmaster.ee\\\/#\\\/schema\\\/logo\\\/image\\\/\"}}]}<\/script>\n<!-- \/ Yoast SEO plugin. -->","yoast_head_json":{"title":"Tiivasurfi koolitus talvel - Surfmaster","description":"Wingsurf koolitus talvel loob kirjeldamatult laheda elamuse. Tuule ja tiiva j\u00f5ul saab liikuda lumeleua, m\u00e4esuuskade v\u00f5i uiskudega j\u00e4\u00e4peal.","robots":{"index":"index","follow":"follow","max-snippet":"max-snippet:-1","max-image-preview":"max-image-preview:large","max-video-preview":"max-video-preview:-1"},"canonical":"https:\/\/surfmaster.ee\/en\/tiivasurfi-koolitus-talvel\/","og_locale":"en_US","og_type":"article","og_title":"Tiivasurfi koolitus talvel - Surfmaster","og_description":"Wingsurf koolitus talvel loob kirjeldamatult laheda elamuse. Tuule ja tiiva j\u00f5ul saab liikuda lumeleua, m\u00e4esuuskade v\u00f5i uiskudega j\u00e4\u00e4peal.","og_url":"https:\/\/surfmaster.ee\/en\/tiivasurfi-koolitus-talvel\/","og_site_name":"Surfmaster","article_modified_time":"2025-03-17T13:10:14+00:00","og_image":[{"width":1536,"height":1920,"url":"https:\/\/surfmaster.ee\/wp-content\/uploads\/2021\/11\/veebIMG_2686.jpg","type":"image\/jpeg"}],"twitter_card":"summary_large_image","twitter_misc":{"Est. reading time":"2 minutes"},"schema":{"@context":"https:\/\/schema.org","@graph":[{"@type":"WebPage","@id":"https:\/\/surfmaster.ee\/tiivasurfi-koolitus-talvel\/","url":"https:\/\/surfmaster.ee\/tiivasurfi-koolitus-talvel\/","name":"Tiivasurfi koolitus talvel - Surfmaster","isPartOf":{"@id":"https:\/\/surfmaster.ee\/#website"},"primaryImageOfPage":{"@id":"https:\/\/surfmaster.ee\/tiivasurfi-koolitus-talvel\/#primaryimage"},"image":{"@id":"https:\/\/surfmaster.ee\/tiivasurfi-koolitus-talvel\/#primaryimage"},"thumbnailUrl":"https:\/\/surfmaster.ee\/wp-content\/uploads\/2021\/11\/veebIMG_2686.jpg","datePublished":"2021-11-01T12:38:43+00:00","dateModified":"2025-03-17T13:10:14+00:00","description":"Wingsurf koolitus talvel loob kirjeldamatult laheda elamuse. Tuule ja tiiva j\u00f5ul saab liikuda lumeleua, m\u00e4esuuskade v\u00f5i uiskudega j\u00e4\u00e4peal.","breadcrumb":{"@id":"https:\/\/surfmaster.ee\/tiivasurfi-koolitus-talvel\/#breadcrumb"},"inLanguage":"en-US","potentialAction":[{"@type":"ReadAction","target":["https:\/\/surfmaster.ee\/tiivasurfi-koolitus-talvel\/"]}]},{"@type":"ImageObject","inLanguage":"en-US","@id":"https:\/\/surfmaster.ee\/tiivasurfi-koolitus-talvel\/#primaryimage","url":"https:\/\/surfmaster.ee\/wp-content\/uploads\/2021\/11\/veebIMG_2686.jpg","contentUrl":"https:\/\/surfmaster.ee\/wp-content\/uploads\/2021\/11\/veebIMG_2686.jpg","width":1536,"height":1920},{"@type":"BreadcrumbList","@id":"https:\/\/surfmaster.ee\/tiivasurfi-koolitus-talvel\/#breadcrumb","itemListElement":[{"@type":"ListItem","position":1,"name":"Home","item":"https:\/\/surfmaster.ee\/"},{"@type":"ListItem","position":2,"name":"Tiivasurfi koolitus talvel"}]},{"@type":"WebSite","@id":"https:\/\/surfmaster.ee\/#website","url":"https:\/\/surfmaster.ee\/","name":"Surfmaster","description":"SurfMaster Surfikool","publisher":{"@id":"https:\/\/surfmaster.ee\/#organization"},"potentialAction":[{"@type":"SearchAction","target":{"@type":"EntryPoint","urlTemplate":"https:\/\/surfmaster.ee\/?s={search_term_string}"},"query-input":{"@type":"PropertyValueSpecification","valueRequired":true,"valueName":"search_term_string"}}],"inLanguage":"en-US"},{"@type":"Organization","@id":"https:\/\/surfmaster.ee\/#organization","name":"Surfmaster","url":"https:\/\/surfmaster.ee\/","logo":{"@type":"ImageObject","inLanguage":"en-US","@id":"https:\/\/surfmaster.ee\/#\/schema\/logo\/image\/","url":"https:\/\/surfmaster.ee\/wp-content\/uploads\/2022\/03\/Asset-4@2x.png","contentUrl":"https:\/\/surfmaster.ee\/wp-content\/uploads\/2022\/03\/Asset-4@2x.png","width":1130,"height":1070,"caption":"Surfmaster"},"image":{"@id":"https:\/\/surfmaster.ee\/#\/schema\/logo\/image\/"}}]}},"_links":{"self":[{"href":"https:\/\/surfmaster.ee\/en\/wp-json\/wp\/v2\/product\/2272","targetHints":{"allow":["GET"]}}],"collection":[{"href":"https:\/\/surfmaster.ee\/en\/wp-json\/wp\/v2\/product"}],"about":[{"href":"https:\/\/surfmaster.ee\/en\/wp-json\/wp\/v2\/types\/product"}],"wp:featuredmedia":[{"embeddable":true,"href":"https:\/\/surfmaster.ee\/en\/wp-json\/wp\/v2\/media\/3604"}],"wp:attachment":[{"href":"https:\/\/surfmaster.ee\/en\/wp-json\/wp\/v2\/media?parent=2272"}],"wp:term":[{"taxonomy":"product_brand","embeddable":true,"href":"https:\/\/surfmaster.ee\/en\/wp-json\/wp\/v2\/product_brand?post=2272"},{"taxonomy":"product_cat","embeddable":true,"href":"https:\/\/surfmaster.ee\/en\/wp-json\/wp\/v2\/product_cat?post=2272"},{"taxonomy":"product_tag","embeddable":true,"href":"https:\/\/surfmaster.ee\/en\/wp-json\/wp\/v2\/product_tag?post=2272"}],"curies":[{"name":"wp","href":"https:\/\/api.w.org\/{rel}","templated":true}]}}