{"id":2300,"date":"2021-11-03T13:07:02","date_gmt":"2021-11-03T13:07:02","guid":{"rendered":"https:\/\/surfmaster.ee\/?post_type=product&#038;p=2300"},"modified":"2024-11-06T17:23:42","modified_gmt":"2024-11-06T15:23:42","slug":"laste-noorte-surfi-sunnipaev","status":"publish","type":"product","link":"https:\/\/surfmaster.ee\/en\/laste-noorte-surfi-sunnipaev\/","title":{"rendered":"Children and youth surfing birthdays"},"content":{"rendered":"","protected":false},"excerpt":{"rendered":"<h3>Children and youth surfing birthdays<\/h3>\n<p>Celebrate your birthday with an exciting adventure at sea and chilling and toning your body with friends at Ranna Surfik\u00fcla. Any other fun activities you would like to do are also welcome.<\/p>\n<p>We offer you a special opportunity to spend the most important day of your year with your friends hiking on the sea with paddleboards. In addition, the possibility to enjoy a table on the outdoor terrace of the surf village after the surf birthday.&nbsp;<\/p>\n<p>ASK FOR A DETAILED OFFER ALREADY TODAY!<\/p>\n<h3>Laste, noorte surfi s\u00fcnnip\u00e4evad n\u00e4idispakkumine, kuni 2 tundi<\/h3>\n<p>Paddlesurf trip 1 hour with theory training, equipment and tour guide.<\/p>\n<ul>\n<li>50 \u20ac up to 10 children SUP trip<\/li>\n<li>&nbsp;5 \u20ac<span class=\"Apple-converted-space\">&nbsp; each subsequent participant.<\/span><\/li>\n<li>V\u00e4literrassi ja katusealuse kasutust kuni 1 tund&nbsp;<\/li>\n<\/ul>\n<p>Hind ei sisalda:<\/p>\n<ul>\n<li>Toitlustust (k\u00fcsi pakkumist)<\/li>\n<\/ul>","protected":false},"featured_media":4757,"template":"","meta":{"_acf_changed":false,"ngg_post_thumbnail":0},"product_brand":[],"product_cat":[146,81],"product_tag":[],"class_list":{"0":"post-2300","1":"product","2":"type-product","3":"status-publish","4":"has-post-thumbnail","6":"product_cat-surfikula","7":"product_cat-suvepaevad","9":"first","10":"instock","11":"taxable","12":"shipping-taxable","13":"purchasable","14":"product-type-simple"},"acf":[],"yoast_head":"<!-- This site is optimized with the Yoast SEO plugin v27.3 - https:\/\/yoast.com\/product\/yoast-seo-wordpress\/ -->\n<title>Laste ja noorte surfi s\u00fcnnip\u00e4ev - Surfmaster<\/title>\n<meta name=\"description\" content=\"T\u00e4hista oma s\u00fcnnip\u00e4eva p\u00f5neva seiklusega merel ja s\u00f5pradega koos rannal chillides. Noorte surfi s\u00fcnnip\u00e4evad Ranna Surfik\u00fclas, Surfmaster surfikoolis.\" \/>\n<meta name=\"robots\" content=\"index, follow, max-snippet:-1, max-image-preview:large, max-video-preview:-1\" \/>\n<link rel=\"canonical\" href=\"https:\/\/surfmaster.ee\/en\/laste-noorte-surfi-sunnipaev\/\" \/>\n<meta property=\"og:locale\" content=\"en_US\" \/>\n<meta property=\"og:type\" content=\"article\" \/>\n<meta property=\"og:title\" content=\"Laste ja noorte surfi s\u00fcnnip\u00e4ev - Surfmaster\" \/>\n<meta property=\"og:description\" content=\"T\u00e4hista oma s\u00fcnnip\u00e4eva p\u00f5neva seiklusega merel ja s\u00f5pradega koos rannal chillides. Noorte surfi s\u00fcnnip\u00e4evad Ranna Surfik\u00fclas, Surfmaster surfikoolis.\" \/>\n<meta property=\"og:url\" content=\"https:\/\/surfmaster.ee\/en\/laste-noorte-surfi-sunnipaev\/\" \/>\n<meta property=\"og:site_name\" content=\"Surfmaster\" \/>\n<meta property=\"article:modified_time\" content=\"2024-11-06T15:23:42+00:00\" \/>\n<meta property=\"og:image\" content=\"https:\/\/surfmaster.ee\/wp-content\/uploads\/2024\/02\/IMG_5075-scaled.jpeg\" \/>\n\t<meta property=\"og:image:width\" content=\"2560\" \/>\n\t<meta property=\"og:image:height\" content=\"1706\" \/>\n\t<meta property=\"og:image:type\" content=\"image\/jpeg\" \/>\n<meta name=\"twitter:card\" content=\"summary_large_image\" \/>\n<meta name=\"twitter:label1\" content=\"Est. reading time\" \/>\n\t<meta name=\"twitter:data1\" content=\"1 minute\" \/>\n<script type=\"application\/ld+json\" class=\"yoast-schema-graph\">{\"@context\":\"https:\\\/\\\/schema.org\",\"@graph\":[{\"@type\":\"WebPage\",\"@id\":\"https:\\\/\\\/surfmaster.ee\\\/laste-noorte-surfi-sunnipaev\\\/\",\"url\":\"https:\\\/\\\/surfmaster.ee\\\/laste-noorte-surfi-sunnipaev\\\/\",\"name\":\"Laste ja noorte surfi s\u00fcnnip\u00e4ev - Surfmaster\",\"isPartOf\":{\"@id\":\"https:\\\/\\\/surfmaster.ee\\\/#website\"},\"primaryImageOfPage\":{\"@id\":\"https:\\\/\\\/surfmaster.ee\\\/laste-noorte-surfi-sunnipaev\\\/#primaryimage\"},\"image\":{\"@id\":\"https:\\\/\\\/surfmaster.ee\\\/laste-noorte-surfi-sunnipaev\\\/#primaryimage\"},\"thumbnailUrl\":\"https:\\\/\\\/surfmaster.ee\\\/wp-content\\\/uploads\\\/2024\\\/02\\\/IMG_5075-scaled.jpeg\",\"datePublished\":\"2021-11-03T13:07:02+00:00\",\"dateModified\":\"2024-11-06T15:23:42+00:00\",\"description\":\"T\u00e4hista oma s\u00fcnnip\u00e4eva p\u00f5neva seiklusega merel ja s\u00f5pradega koos rannal chillides. Noorte surfi s\u00fcnnip\u00e4evad Ranna Surfik\u00fclas, Surfmaster surfikoolis.\",\"breadcrumb\":{\"@id\":\"https:\\\/\\\/surfmaster.ee\\\/laste-noorte-surfi-sunnipaev\\\/#breadcrumb\"},\"inLanguage\":\"en-US\",\"potentialAction\":[{\"@type\":\"ReadAction\",\"target\":[\"https:\\\/\\\/surfmaster.ee\\\/laste-noorte-surfi-sunnipaev\\\/\"]}]},{\"@type\":\"ImageObject\",\"inLanguage\":\"en-US\",\"@id\":\"https:\\\/\\\/surfmaster.ee\\\/laste-noorte-surfi-sunnipaev\\\/#primaryimage\",\"url\":\"https:\\\/\\\/surfmaster.ee\\\/wp-content\\\/uploads\\\/2024\\\/02\\\/IMG_5075-scaled.jpeg\",\"contentUrl\":\"https:\\\/\\\/surfmaster.ee\\\/wp-content\\\/uploads\\\/2024\\\/02\\\/IMG_5075-scaled.jpeg\",\"width\":2560,\"height\":1706},{\"@type\":\"BreadcrumbList\",\"@id\":\"https:\\\/\\\/surfmaster.ee\\\/laste-noorte-surfi-sunnipaev\\\/#breadcrumb\",\"itemListElement\":[{\"@type\":\"ListItem\",\"position\":1,\"name\":\"Home\",\"item\":\"https:\\\/\\\/surfmaster.ee\\\/\"},{\"@type\":\"ListItem\",\"position\":2,\"name\":\"Laste ja noorte surfi s\u00fcnnip\u00e4ev\"}]},{\"@type\":\"WebSite\",\"@id\":\"https:\\\/\\\/surfmaster.ee\\\/#website\",\"url\":\"https:\\\/\\\/surfmaster.ee\\\/\",\"name\":\"Surfmaster\",\"description\":\"SurfMaster Surfikool\",\"publisher\":{\"@id\":\"https:\\\/\\\/surfmaster.ee\\\/#organization\"},\"potentialAction\":[{\"@type\":\"SearchAction\",\"target\":{\"@type\":\"EntryPoint\",\"urlTemplate\":\"https:\\\/\\\/surfmaster.ee\\\/?s={search_term_string}\"},\"query-input\":{\"@type\":\"PropertyValueSpecification\",\"valueRequired\":true,\"valueName\":\"search_term_string\"}}],\"inLanguage\":\"en-US\"},{\"@type\":\"Organization\",\"@id\":\"https:\\\/\\\/surfmaster.ee\\\/#organization\",\"name\":\"Surfmaster\",\"url\":\"https:\\\/\\\/surfmaster.ee\\\/\",\"logo\":{\"@type\":\"ImageObject\",\"inLanguage\":\"en-US\",\"@id\":\"https:\\\/\\\/surfmaster.ee\\\/#\\\/schema\\\/logo\\\/image\\\/\",\"url\":\"https:\\\/\\\/surfmaster.ee\\\/wp-content\\\/uploads\\\/2022\\\/03\\\/Asset-4@2x.png\",\"contentUrl\":\"https:\\\/\\\/surfmaster.ee\\\/wp-content\\\/uploads\\\/2022\\\/03\\\/Asset-4@2x.png\",\"width\":1130,\"height\":1070,\"caption\":\"Surfmaster\"},\"image\":{\"@id\":\"https:\\\/\\\/surfmaster.ee\\\/#\\\/schema\\\/logo\\\/image\\\/\"}}]}<\/script>\n<!-- \/ Yoast SEO plugin. -->","yoast_head_json":{"title":"Laste ja noorte surfi s\u00fcnnip\u00e4ev - Surfmaster","description":"T\u00e4hista oma s\u00fcnnip\u00e4eva p\u00f5neva seiklusega merel ja s\u00f5pradega koos rannal chillides. Noorte surfi s\u00fcnnip\u00e4evad Ranna Surfik\u00fclas, Surfmaster surfikoolis.","robots":{"index":"index","follow":"follow","max-snippet":"max-snippet:-1","max-image-preview":"max-image-preview:large","max-video-preview":"max-video-preview:-1"},"canonical":"https:\/\/surfmaster.ee\/en\/laste-noorte-surfi-sunnipaev\/","og_locale":"en_US","og_type":"article","og_title":"Laste ja noorte surfi s\u00fcnnip\u00e4ev - Surfmaster","og_description":"T\u00e4hista oma s\u00fcnnip\u00e4eva p\u00f5neva seiklusega merel ja s\u00f5pradega koos rannal chillides. Noorte surfi s\u00fcnnip\u00e4evad Ranna Surfik\u00fclas, Surfmaster surfikoolis.","og_url":"https:\/\/surfmaster.ee\/en\/laste-noorte-surfi-sunnipaev\/","og_site_name":"Surfmaster","article_modified_time":"2024-11-06T15:23:42+00:00","og_image":[{"width":2560,"height":1706,"url":"https:\/\/surfmaster.ee\/wp-content\/uploads\/2024\/02\/IMG_5075-scaled.jpeg","type":"image\/jpeg"}],"twitter_card":"summary_large_image","twitter_misc":{"Est. reading time":"1 minute"},"schema":{"@context":"https:\/\/schema.org","@graph":[{"@type":"WebPage","@id":"https:\/\/surfmaster.ee\/laste-noorte-surfi-sunnipaev\/","url":"https:\/\/surfmaster.ee\/laste-noorte-surfi-sunnipaev\/","name":"Laste ja noorte surfi s\u00fcnnip\u00e4ev - Surfmaster","isPartOf":{"@id":"https:\/\/surfmaster.ee\/#website"},"primaryImageOfPage":{"@id":"https:\/\/surfmaster.ee\/laste-noorte-surfi-sunnipaev\/#primaryimage"},"image":{"@id":"https:\/\/surfmaster.ee\/laste-noorte-surfi-sunnipaev\/#primaryimage"},"thumbnailUrl":"https:\/\/surfmaster.ee\/wp-content\/uploads\/2024\/02\/IMG_5075-scaled.jpeg","datePublished":"2021-11-03T13:07:02+00:00","dateModified":"2024-11-06T15:23:42+00:00","description":"T\u00e4hista oma s\u00fcnnip\u00e4eva p\u00f5neva seiklusega merel ja s\u00f5pradega koos rannal chillides. Noorte surfi s\u00fcnnip\u00e4evad Ranna Surfik\u00fclas, Surfmaster surfikoolis.","breadcrumb":{"@id":"https:\/\/surfmaster.ee\/laste-noorte-surfi-sunnipaev\/#breadcrumb"},"inLanguage":"en-US","potentialAction":[{"@type":"ReadAction","target":["https:\/\/surfmaster.ee\/laste-noorte-surfi-sunnipaev\/"]}]},{"@type":"ImageObject","inLanguage":"en-US","@id":"https:\/\/surfmaster.ee\/laste-noorte-surfi-sunnipaev\/#primaryimage","url":"https:\/\/surfmaster.ee\/wp-content\/uploads\/2024\/02\/IMG_5075-scaled.jpeg","contentUrl":"https:\/\/surfmaster.ee\/wp-content\/uploads\/2024\/02\/IMG_5075-scaled.jpeg","width":2560,"height":1706},{"@type":"BreadcrumbList","@id":"https:\/\/surfmaster.ee\/laste-noorte-surfi-sunnipaev\/#breadcrumb","itemListElement":[{"@type":"ListItem","position":1,"name":"Home","item":"https:\/\/surfmaster.ee\/"},{"@type":"ListItem","position":2,"name":"Laste ja noorte surfi s\u00fcnnip\u00e4ev"}]},{"@type":"WebSite","@id":"https:\/\/surfmaster.ee\/#website","url":"https:\/\/surfmaster.ee\/","name":"Surfmaster","description":"SurfMaster Surfikool","publisher":{"@id":"https:\/\/surfmaster.ee\/#organization"},"potentialAction":[{"@type":"SearchAction","target":{"@type":"EntryPoint","urlTemplate":"https:\/\/surfmaster.ee\/?s={search_term_string}"},"query-input":{"@type":"PropertyValueSpecification","valueRequired":true,"valueName":"search_term_string"}}],"inLanguage":"en-US"},{"@type":"Organization","@id":"https:\/\/surfmaster.ee\/#organization","name":"Surfmaster","url":"https:\/\/surfmaster.ee\/","logo":{"@type":"ImageObject","inLanguage":"en-US","@id":"https:\/\/surfmaster.ee\/#\/schema\/logo\/image\/","url":"https:\/\/surfmaster.ee\/wp-content\/uploads\/2022\/03\/Asset-4@2x.png","contentUrl":"https:\/\/surfmaster.ee\/wp-content\/uploads\/2022\/03\/Asset-4@2x.png","width":1130,"height":1070,"caption":"Surfmaster"},"image":{"@id":"https:\/\/surfmaster.ee\/#\/schema\/logo\/image\/"}}]}},"_links":{"self":[{"href":"https:\/\/surfmaster.ee\/en\/wp-json\/wp\/v2\/product\/2300","targetHints":{"allow":["GET"]}}],"collection":[{"href":"https:\/\/surfmaster.ee\/en\/wp-json\/wp\/v2\/product"}],"about":[{"href":"https:\/\/surfmaster.ee\/en\/wp-json\/wp\/v2\/types\/product"}],"wp:featuredmedia":[{"embeddable":true,"href":"https:\/\/surfmaster.ee\/en\/wp-json\/wp\/v2\/media\/4757"}],"wp:attachment":[{"href":"https:\/\/surfmaster.ee\/en\/wp-json\/wp\/v2\/media?parent=2300"}],"wp:term":[{"taxonomy":"product_brand","embeddable":true,"href":"https:\/\/surfmaster.ee\/en\/wp-json\/wp\/v2\/product_brand?post=2300"},{"taxonomy":"product_cat","embeddable":true,"href":"https:\/\/surfmaster.ee\/en\/wp-json\/wp\/v2\/product_cat?post=2300"},{"taxonomy":"product_tag","embeddable":true,"href":"https:\/\/surfmaster.ee\/en\/wp-json\/wp\/v2\/product_tag?post=2300"}],"curies":[{"name":"wp","href":"https:\/\/api.w.org\/{rel}","templated":true}]}}