{"id":2311,"date":"2021-11-03T13:30:27","date_gmt":"2021-11-03T13:30:27","guid":{"rendered":"https:\/\/surfmaster.ee\/?post_type=product&#038;p=2311"},"modified":"2025-03-12T10:47:58","modified_gmt":"2025-03-12T08:47:58","slug":"surfikula-rent","status":"publish","type":"product","link":"https:\/\/surfmaster.ee\/en\/surfikula-rent\/","title":{"rendered":"Ranna Surfik\u00fcla place rent"},"content":{"rendered":"","protected":false},"excerpt":{"rendered":"<div class=\"flex-1 overflow-hidden @container\/thread\">\n<div class=\"h-full\">\n<div class=\"react-scroll-to-bottom--css-evrci-79elbk h-full\">\n<div class=\"react-scroll-to-bottom--css-evrci-1n7m0yu\">\n<div class=\"flex flex-col text-sm md:pb-9\">\n<article class=\"w-full scroll-mb-[var(--thread-trailing-height,150px)] text-token-text-primary focus-visible:outline-2 focus-visible:outline-offset-[-4px]\" dir=\"auto\" data-testid=\"conversation-turn-39\" data-scroll-anchor=\"true\">\n<div class=\"m-auto text-base py-[18px] px-3 md:px-4 w-full md:px-5 lg:px-4 xl:px-5\">\n<div class=\"mx-auto flex flex-1 gap-4 text-base md:gap-5 lg:gap-6 md:max-w-3xl lg:max-w-[40rem] xl:max-w-[48rem]\">\n<div class=\"group\/conversation-turn relative flex w-full min-w-0 flex-col agent-turn\">\n<div class=\"flex-col gap-1 md:gap-3\">\n<div class=\"flex max-w-full flex-col flex-grow\">\n<div class=\"min-h-8 text-message flex w-full flex-col items-end gap-2 whitespace-normal break-words text-start [.text-message+&amp;]:mt-5\" dir=\"auto\" data-message-author-role=\"assistant\" data-message-id=\"99b9efa4-1f90-4034-a56d-89e4dd980f25\" data-message-model-slug=\"gpt-4o\">\n<div class=\"flex w-full flex-col gap-1 empty:hidden first:pt-[3px]\">\n<div class=\"markdown prose w-full break-words dark:prose-invert light\">\n<h3>Ranna Surfik\u00fcla koha rent<\/h3>\n<p><strong>Hea v\u00f5imalus korraldada Ranna Surfik\u00fclas meeldej\u00e4\u00e4v s\u00fcndmus vastavalt oma soovidele!<\/strong><\/p>\n<p>Ranna Surfik\u00fcla pakub ideaalset v\u00f5imalust organiseerida t\u00e4iesti oma unikaalne \u00fcritus. Meil saab:<\/p>\n<ul>\n<li>Surfata ja ujuda.<\/li>\n<li>Korraldada erinevaid liikumis-, palli- ja rannam\u00e4nge.<\/li>\n<li>L\u00f5\u00f5gastuda looduse r\u00fcpes ja matkata metsas.<\/li>\n<\/ul>\n<h4><strong>\u00d6\u00f6bimisv\u00f5imalused lisatasu eest<\/strong><\/h4>\n<p>Pakume majutust:<\/p>\n<ul>\n<li>Glamping-telkides.<\/li>\n<li>Hammock-ripptelkides.<\/li>\n<li>Safari peretelgis<\/li>\n<li>Teisel korrusel majas<\/li>\n<li>Surfibussis.<\/li>\n<\/ul>\n<p>Kokku mahutavad meie \u00f6\u00f6bimisv\u00f5imalused kuni 50 osalejat. Samuti on v\u00f5imalik tulla oma telgi v\u00f5i matkaautoga.<\/p>\n<h4><strong>Toitlustus<\/strong><\/h4>\n<p>Pakume toitlustust vastavalt teie soovidele ja programmi vajadustele (kuni 3 korda p\u00e4evas).<\/p>\n<p><strong>Kui soovid korraldada meeldej\u00e4\u00e4vat s\u00fcndmust, v\u00f5ta meiega \u00fchendust!<\/strong><\/p>\n<hr>\n<h3><strong>N\u00e4idispakkumine<\/strong><\/h3>\n<p><strong>Hind sisaldab:<\/strong><\/p>\n<ul>\n<li>Kuni 2 tundi Ranna Surfik\u00fcla ala kasutamist (10 osalejat).<\/li>\n<li>Ranna Surfik\u00fcla inventari kasutus.<\/li>\n<li>Rannam\u00e4ngude inventari kasutamist (discgolf, v\u00f5rkpall, korvpall jne).<\/li>\n<\/ul>\n<p>Kokku 300 eur<\/p>\n<p><strong>T\u00e4helepanu:<\/strong> S\u00fcndmuse t\u00e4pne tegevuskava ja ajakava koosk\u00f5lastatakse eelnevalt poolte vahel. K\u00fcsi pakkumist!<\/p>\n<p><strong>Tee oma s\u00fcndmus eriliseks \u2013 tule Ranna Surfik\u00fclla!<\/strong><\/p>\n<\/div>\n<\/div>\n<\/div>\n<\/div>\n<div class=\"pr-2 lg:pr-0\">&nbsp;<\/div>\n<\/div>\n<\/div>\n<\/div>\n<\/div>\n<\/article>\n<\/div>\n<\/div>\n<\/div>\n<\/div>\n<\/div>\n","protected":false},"featured_media":4740,"template":"","meta":{"_acf_changed":false,"ngg_post_thumbnail":0},"product_brand":[],"product_cat":[146,81],"product_tag":[],"class_list":{"0":"post-2311","1":"product","2":"type-product","3":"status-publish","4":"has-post-thumbnail","6":"product_cat-surfikula","7":"product_cat-suvepaevad","9":"first","10":"instock","11":"taxable","12":"shipping-taxable","13":"purchasable","14":"product-type-simple"},"acf":[],"yoast_head":"<!-- This site is optimized with the Yoast SEO plugin v27.3 - https:\/\/yoast.com\/product\/yoast-seo-wordpress\/ -->\n<title>Ranna Surfik\u00fcla koharent - Meeldej\u00e4\u00e4vad s\u00fcndmused Hiiumaal Surfmaster<\/title>\n<meta name=\"description\" content=\"Ranna Surfik\u00fclas meeldej\u00e4\u00e4va s\u00fcndmuse korraldamine on meie lahendada. Anna endast m\u00e4rku ja leiame sulle sobivad tegevused puhkuseks.\" \/>\n<meta name=\"robots\" content=\"index, follow, max-snippet:-1, max-image-preview:large, max-video-preview:-1\" \/>\n<link rel=\"canonical\" href=\"https:\/\/surfmaster.ee\/en\/surfikula-rent\/\" \/>\n<meta property=\"og:locale\" content=\"en_US\" \/>\n<meta property=\"og:type\" content=\"article\" \/>\n<meta property=\"og:title\" content=\"Ranna Surfik\u00fcla koharent - Meeldej\u00e4\u00e4vad s\u00fcndmused Hiiumaal Surfmaster\" \/>\n<meta property=\"og:description\" content=\"Ranna Surfik\u00fclas meeldej\u00e4\u00e4va s\u00fcndmuse korraldamine on meie lahendada. Anna endast m\u00e4rku ja leiame sulle sobivad tegevused puhkuseks.\" \/>\n<meta property=\"og:url\" content=\"https:\/\/surfmaster.ee\/en\/surfikula-rent\/\" \/>\n<meta property=\"og:site_name\" content=\"Surfmaster\" \/>\n<meta property=\"article:modified_time\" content=\"2025-03-12T08:47:58+00:00\" \/>\n<meta property=\"og:image\" content=\"https:\/\/surfmaster.ee\/wp-content\/uploads\/2024\/02\/ethan-robertson-SYx3UCHZJlo-unsplash-669x446-1.jpeg\" \/>\n\t<meta property=\"og:image:width\" content=\"669\" \/>\n\t<meta property=\"og:image:height\" content=\"446\" \/>\n\t<meta property=\"og:image:type\" content=\"image\/jpeg\" \/>\n<meta name=\"twitter:card\" content=\"summary_large_image\" \/>\n<script type=\"application\/ld+json\" class=\"yoast-schema-graph\">{\"@context\":\"https:\\\/\\\/schema.org\",\"@graph\":[{\"@type\":\"WebPage\",\"@id\":\"https:\\\/\\\/surfmaster.ee\\\/surfikula-rent\\\/\",\"url\":\"https:\\\/\\\/surfmaster.ee\\\/surfikula-rent\\\/\",\"name\":\"Ranna Surfik\u00fcla koharent - Meeldej\u00e4\u00e4vad s\u00fcndmused Hiiumaal Surfmaster\",\"isPartOf\":{\"@id\":\"https:\\\/\\\/surfmaster.ee\\\/#website\"},\"primaryImageOfPage\":{\"@id\":\"https:\\\/\\\/surfmaster.ee\\\/surfikula-rent\\\/#primaryimage\"},\"image\":{\"@id\":\"https:\\\/\\\/surfmaster.ee\\\/surfikula-rent\\\/#primaryimage\"},\"thumbnailUrl\":\"https:\\\/\\\/surfmaster.ee\\\/wp-content\\\/uploads\\\/2024\\\/02\\\/ethan-robertson-SYx3UCHZJlo-unsplash-669x446-1.jpeg\",\"datePublished\":\"2021-11-03T13:30:27+00:00\",\"dateModified\":\"2025-03-12T08:47:58+00:00\",\"description\":\"Ranna Surfik\u00fclas meeldej\u00e4\u00e4va s\u00fcndmuse korraldamine on meie lahendada. Anna endast m\u00e4rku ja leiame sulle sobivad tegevused puhkuseks.\",\"breadcrumb\":{\"@id\":\"https:\\\/\\\/surfmaster.ee\\\/surfikula-rent\\\/#breadcrumb\"},\"inLanguage\":\"en-US\",\"potentialAction\":[{\"@type\":\"ReadAction\",\"target\":[\"https:\\\/\\\/surfmaster.ee\\\/surfikula-rent\\\/\"]}]},{\"@type\":\"ImageObject\",\"inLanguage\":\"en-US\",\"@id\":\"https:\\\/\\\/surfmaster.ee\\\/surfikula-rent\\\/#primaryimage\",\"url\":\"https:\\\/\\\/surfmaster.ee\\\/wp-content\\\/uploads\\\/2024\\\/02\\\/ethan-robertson-SYx3UCHZJlo-unsplash-669x446-1.jpeg\",\"contentUrl\":\"https:\\\/\\\/surfmaster.ee\\\/wp-content\\\/uploads\\\/2024\\\/02\\\/ethan-robertson-SYx3UCHZJlo-unsplash-669x446-1.jpeg\",\"width\":669,\"height\":446},{\"@type\":\"BreadcrumbList\",\"@id\":\"https:\\\/\\\/surfmaster.ee\\\/surfikula-rent\\\/#breadcrumb\",\"itemListElement\":[{\"@type\":\"ListItem\",\"position\":1,\"name\":\"Home\",\"item\":\"https:\\\/\\\/surfmaster.ee\\\/\"},{\"@type\":\"ListItem\",\"position\":2,\"name\":\"Ranna Surfik\u00fcla koharent\"}]},{\"@type\":\"WebSite\",\"@id\":\"https:\\\/\\\/surfmaster.ee\\\/#website\",\"url\":\"https:\\\/\\\/surfmaster.ee\\\/\",\"name\":\"Surfmaster\",\"description\":\"SurfMaster Surfikool\",\"publisher\":{\"@id\":\"https:\\\/\\\/surfmaster.ee\\\/#organization\"},\"potentialAction\":[{\"@type\":\"SearchAction\",\"target\":{\"@type\":\"EntryPoint\",\"urlTemplate\":\"https:\\\/\\\/surfmaster.ee\\\/?s={search_term_string}\"},\"query-input\":{\"@type\":\"PropertyValueSpecification\",\"valueRequired\":true,\"valueName\":\"search_term_string\"}}],\"inLanguage\":\"en-US\"},{\"@type\":\"Organization\",\"@id\":\"https:\\\/\\\/surfmaster.ee\\\/#organization\",\"name\":\"Surfmaster\",\"url\":\"https:\\\/\\\/surfmaster.ee\\\/\",\"logo\":{\"@type\":\"ImageObject\",\"inLanguage\":\"en-US\",\"@id\":\"https:\\\/\\\/surfmaster.ee\\\/#\\\/schema\\\/logo\\\/image\\\/\",\"url\":\"https:\\\/\\\/surfmaster.ee\\\/wp-content\\\/uploads\\\/2022\\\/03\\\/Asset-4@2x.png\",\"contentUrl\":\"https:\\\/\\\/surfmaster.ee\\\/wp-content\\\/uploads\\\/2022\\\/03\\\/Asset-4@2x.png\",\"width\":1130,\"height\":1070,\"caption\":\"Surfmaster\"},\"image\":{\"@id\":\"https:\\\/\\\/surfmaster.ee\\\/#\\\/schema\\\/logo\\\/image\\\/\"}}]}<\/script>\n<!-- \/ Yoast SEO plugin. -->","yoast_head_json":{"title":"Ranna Surfik\u00fcla koharent - Meeldej\u00e4\u00e4vad s\u00fcndmused Hiiumaal Surfmaster","description":"Ranna Surfik\u00fclas meeldej\u00e4\u00e4va s\u00fcndmuse korraldamine on meie lahendada. Anna endast m\u00e4rku ja leiame sulle sobivad tegevused puhkuseks.","robots":{"index":"index","follow":"follow","max-snippet":"max-snippet:-1","max-image-preview":"max-image-preview:large","max-video-preview":"max-video-preview:-1"},"canonical":"https:\/\/surfmaster.ee\/en\/surfikula-rent\/","og_locale":"en_US","og_type":"article","og_title":"Ranna Surfik\u00fcla koharent - Meeldej\u00e4\u00e4vad s\u00fcndmused Hiiumaal Surfmaster","og_description":"Ranna Surfik\u00fclas meeldej\u00e4\u00e4va s\u00fcndmuse korraldamine on meie lahendada. Anna endast m\u00e4rku ja leiame sulle sobivad tegevused puhkuseks.","og_url":"https:\/\/surfmaster.ee\/en\/surfikula-rent\/","og_site_name":"Surfmaster","article_modified_time":"2025-03-12T08:47:58+00:00","og_image":[{"width":669,"height":446,"url":"https:\/\/surfmaster.ee\/wp-content\/uploads\/2024\/02\/ethan-robertson-SYx3UCHZJlo-unsplash-669x446-1.jpeg","type":"image\/jpeg"}],"twitter_card":"summary_large_image","schema":{"@context":"https:\/\/schema.org","@graph":[{"@type":"WebPage","@id":"https:\/\/surfmaster.ee\/surfikula-rent\/","url":"https:\/\/surfmaster.ee\/surfikula-rent\/","name":"Ranna Surfik\u00fcla koharent - Meeldej\u00e4\u00e4vad s\u00fcndmused Hiiumaal Surfmaster","isPartOf":{"@id":"https:\/\/surfmaster.ee\/#website"},"primaryImageOfPage":{"@id":"https:\/\/surfmaster.ee\/surfikula-rent\/#primaryimage"},"image":{"@id":"https:\/\/surfmaster.ee\/surfikula-rent\/#primaryimage"},"thumbnailUrl":"https:\/\/surfmaster.ee\/wp-content\/uploads\/2024\/02\/ethan-robertson-SYx3UCHZJlo-unsplash-669x446-1.jpeg","datePublished":"2021-11-03T13:30:27+00:00","dateModified":"2025-03-12T08:47:58+00:00","description":"Ranna Surfik\u00fclas meeldej\u00e4\u00e4va s\u00fcndmuse korraldamine on meie lahendada. Anna endast m\u00e4rku ja leiame sulle sobivad tegevused puhkuseks.","breadcrumb":{"@id":"https:\/\/surfmaster.ee\/surfikula-rent\/#breadcrumb"},"inLanguage":"en-US","potentialAction":[{"@type":"ReadAction","target":["https:\/\/surfmaster.ee\/surfikula-rent\/"]}]},{"@type":"ImageObject","inLanguage":"en-US","@id":"https:\/\/surfmaster.ee\/surfikula-rent\/#primaryimage","url":"https:\/\/surfmaster.ee\/wp-content\/uploads\/2024\/02\/ethan-robertson-SYx3UCHZJlo-unsplash-669x446-1.jpeg","contentUrl":"https:\/\/surfmaster.ee\/wp-content\/uploads\/2024\/02\/ethan-robertson-SYx3UCHZJlo-unsplash-669x446-1.jpeg","width":669,"height":446},{"@type":"BreadcrumbList","@id":"https:\/\/surfmaster.ee\/surfikula-rent\/#breadcrumb","itemListElement":[{"@type":"ListItem","position":1,"name":"Home","item":"https:\/\/surfmaster.ee\/"},{"@type":"ListItem","position":2,"name":"Ranna Surfik\u00fcla koharent"}]},{"@type":"WebSite","@id":"https:\/\/surfmaster.ee\/#website","url":"https:\/\/surfmaster.ee\/","name":"Surfmaster","description":"SurfMaster Surfikool","publisher":{"@id":"https:\/\/surfmaster.ee\/#organization"},"potentialAction":[{"@type":"SearchAction","target":{"@type":"EntryPoint","urlTemplate":"https:\/\/surfmaster.ee\/?s={search_term_string}"},"query-input":{"@type":"PropertyValueSpecification","valueRequired":true,"valueName":"search_term_string"}}],"inLanguage":"en-US"},{"@type":"Organization","@id":"https:\/\/surfmaster.ee\/#organization","name":"Surfmaster","url":"https:\/\/surfmaster.ee\/","logo":{"@type":"ImageObject","inLanguage":"en-US","@id":"https:\/\/surfmaster.ee\/#\/schema\/logo\/image\/","url":"https:\/\/surfmaster.ee\/wp-content\/uploads\/2022\/03\/Asset-4@2x.png","contentUrl":"https:\/\/surfmaster.ee\/wp-content\/uploads\/2022\/03\/Asset-4@2x.png","width":1130,"height":1070,"caption":"Surfmaster"},"image":{"@id":"https:\/\/surfmaster.ee\/#\/schema\/logo\/image\/"}}]}},"_links":{"self":[{"href":"https:\/\/surfmaster.ee\/en\/wp-json\/wp\/v2\/product\/2311","targetHints":{"allow":["GET"]}}],"collection":[{"href":"https:\/\/surfmaster.ee\/en\/wp-json\/wp\/v2\/product"}],"about":[{"href":"https:\/\/surfmaster.ee\/en\/wp-json\/wp\/v2\/types\/product"}],"wp:featuredmedia":[{"embeddable":true,"href":"https:\/\/surfmaster.ee\/en\/wp-json\/wp\/v2\/media\/4740"}],"wp:attachment":[{"href":"https:\/\/surfmaster.ee\/en\/wp-json\/wp\/v2\/media?parent=2311"}],"wp:term":[{"taxonomy":"product_brand","embeddable":true,"href":"https:\/\/surfmaster.ee\/en\/wp-json\/wp\/v2\/product_brand?post=2311"},{"taxonomy":"product_cat","embeddable":true,"href":"https:\/\/surfmaster.ee\/en\/wp-json\/wp\/v2\/product_cat?post=2311"},{"taxonomy":"product_tag","embeddable":true,"href":"https:\/\/surfmaster.ee\/en\/wp-json\/wp\/v2\/product_tag?post=2311"}],"curies":[{"name":"wp","href":"https:\/\/api.w.org\/{rel}","templated":true}]}}