{"id":2319,"date":"2021-11-03T13:55:05","date_gmt":"2021-11-03T13:55:05","guid":{"rendered":"https:\/\/surfmaster.ee\/?post_type=product&#038;p=2319"},"modified":"2025-01-16T12:55:27","modified_gmt":"2025-01-16T10:55:27","slug":"firma-suvepaevad-eesti","status":"publish","type":"product","link":"https:\/\/surfmaster.ee\/en\/firma-suvepaevad-eesti\/","title":{"rendered":"Company summer days across Estonia"},"content":{"rendered":"","protected":false},"excerpt":{"rendered":"<h3>Kordumatu elamus ja r\u00f5\u00f5msameelne tiim<\/h3>\n<p><strong>V\u00d5TA MEIEGA \u00dcHENDUST JA LEIAME KOOS SOBIVAD TEGEVUSED M\u00d5NUSAKS SUVEP\u00c4EVAKS!<\/strong><\/p>\n<p><strong>Aerusurf, tiivasurf ja lohesurf teie firma\u00fcritustel!<\/strong><\/p>\n<p>Tuleme teie valitud asukohta, pakume v\u00f5imalust proovida surfamist ning kogeda vee peal t\u00f5elist vabadust. Meil on \u00fcle 20 aasta surfikogemust, ja meie instruktorid on oma ala professionaalid.<\/p>\n<h4><strong>Aerusurf<\/strong><\/h4>\n<p>Pakume aerusurfi laudade renti koos instruktorite ja transpordiga. Vastavalt teie soovidele saame:<\/p>\n<ul>\n<li>Korraldada aerusurfi koolitusi.<\/li>\n<li>Viia l\u00e4bi aerusurfi matkasid.<\/li>\n<li>Pakkuda joogatunde aerusurfi laudadel.<\/li>\n<li>Korraldada teatev\u00f5istlusi ja m\u00e4nge vees.<\/li>\n<\/ul>\n<p>Aerusurf on l\u00f5bus ja kergesti omandatav spordiala, mida saavad nautida k\u00f5ik, olenemata vanusest v\u00f5i f\u00fc\u00fcsilisest vormist. Aerusurf sobib igasugusele veekogule \u2013 olgu selleks tiik, j\u00e4rv, j\u00f5gi v\u00f5i meri.<\/p>\n<h4><strong>Tiivasurf<\/strong><\/h4>\n<p>Lisaks aerusurfile pakume tiivasurfi. Selleks sobivad k\u00f5ik veekogud ning eelnev surfikogemus ei ole vajalik. Meie kogenud instruktorid viivad l\u00e4bi:<\/p>\n<ul>\n<li>Algkoolitusi.<\/li>\n<li>Praktilisi s\u00f5idutreeninguid vees.<\/li>\n<\/ul>\n<p>Tiivasurf on p\u00f5nev ja mitmek\u00fclgne viis veespordi nautimiseks.<\/p>\n<h4><strong>Lohesurf<\/strong><\/h4>\n<p>Lohesurf on maailmas kiiresti populaarsust koguv veespordiala. Meie sissejuhatav lohesurfi algkoolitus gruppidele sisaldab:<\/p>\n<ul>\n<li>Lohesurfi tutvustust.<\/li>\n<li>Praktilisi harjutusi rannal spetsiaalsete \u00f5ppelohedega.<\/li>\n<li>Suurte s\u00f5idulohede kokkupanemist ja lennutamist (vastavalt tuuleoludele).<\/li>\n<\/ul>\n<p>Pakume kuni 5 \u00f5ppelohe komplekti, et osalejad saaksid aktiivselt harjutada.<\/p>\n<hr>\n<h3><strong>N\u00e4idispakkumine firma suvep\u00e4evadeks<\/strong><\/h3>\n<p><strong>Hind: 800 \u20ac&nbsp;<\/strong><\/p>\n<p>Sisaldab:<\/p>\n<ul>\n<li>Aerusurfi SUP-komplektid (10 tk).<\/li>\n<li>Surfiriietus (kalipso ja p\u00e4\u00e4stevestid, 10 tk).<\/li>\n<li>Koolitus ja instruktoriteenused kuni 3 tunniks.<\/li>\n<\/ul>\n<p><strong>NB! Hindadele lisandub transport vastavalt \u00fcrituse toimumiskohale. K\u00fcsi pakkumist!<\/strong><\/p>\n<p><strong>V\u00f5tke meiega \u00fchendust ja planeerime teie firma\u00fcritusele meeldej\u00e4\u00e4va surfielamuse!<\/strong><\/p>","protected":false},"featured_media":4800,"template":"","meta":{"_acf_changed":false,"ngg_post_thumbnail":0},"product_brand":[],"product_cat":[146,81],"product_tag":[],"class_list":{"0":"post-2319","1":"product","2":"type-product","3":"status-publish","4":"has-post-thumbnail","6":"product_cat-surfikula","7":"product_cat-suvepaevad","9":"first","10":"instock","11":"taxable","12":"shipping-taxable","13":"purchasable","14":"product-type-simple"},"acf":[],"yoast_head":"<!-- This site is optimized with the Yoast SEO plugin v27.3 - https:\/\/yoast.com\/product\/yoast-seo-wordpress\/ -->\n<title>Firma suvep\u00e4evad kogu Eesti - Surfmaster<\/title>\n<meta name=\"description\" content=\"Meie missiooniks on tutvustada inimestele surfamise kogemust ja tunda veepeal olles t\u00f5elist vabadust. Firma suvep\u00e4evad \u00fcle Eesti.\" \/>\n<meta name=\"robots\" content=\"index, follow, max-snippet:-1, max-image-preview:large, max-video-preview:-1\" \/>\n<link rel=\"canonical\" href=\"https:\/\/surfmaster.ee\/en\/firma-suvepaevad-eesti\/\" \/>\n<meta property=\"og:locale\" content=\"en_US\" \/>\n<meta property=\"og:type\" content=\"article\" \/>\n<meta property=\"og:title\" content=\"Firma suvep\u00e4evad kogu Eesti - Surfmaster\" \/>\n<meta property=\"og:description\" content=\"Meie missiooniks on tutvustada inimestele surfamise kogemust ja tunda veepeal olles t\u00f5elist vabadust. Firma suvep\u00e4evad \u00fcle Eesti.\" \/>\n<meta property=\"og:url\" content=\"https:\/\/surfmaster.ee\/en\/firma-suvepaevad-eesti\/\" \/>\n<meta property=\"og:site_name\" content=\"Surfmaster\" \/>\n<meta property=\"article:modified_time\" content=\"2025-01-16T10:55:27+00:00\" \/>\n<meta property=\"og:image\" content=\"https:\/\/surfmaster.ee\/wp-content\/uploads\/2024\/02\/IMG_5101-scaled.jpeg\" \/>\n\t<meta property=\"og:image:width\" content=\"2560\" \/>\n\t<meta property=\"og:image:height\" content=\"1707\" \/>\n\t<meta property=\"og:image:type\" content=\"image\/jpeg\" \/>\n<meta name=\"twitter:card\" content=\"summary_large_image\" \/>\n<meta name=\"twitter:label1\" content=\"Est. reading time\" \/>\n\t<meta name=\"twitter:data1\" content=\"1 minute\" \/>\n<script type=\"application\/ld+json\" class=\"yoast-schema-graph\">{\"@context\":\"https:\\\/\\\/schema.org\",\"@graph\":[{\"@type\":\"WebPage\",\"@id\":\"https:\\\/\\\/surfmaster.ee\\\/firma-suvepaevad-eesti\\\/\",\"url\":\"https:\\\/\\\/surfmaster.ee\\\/firma-suvepaevad-eesti\\\/\",\"name\":\"Firma suvep\u00e4evad kogu Eesti - Surfmaster\",\"isPartOf\":{\"@id\":\"https:\\\/\\\/surfmaster.ee\\\/#website\"},\"primaryImageOfPage\":{\"@id\":\"https:\\\/\\\/surfmaster.ee\\\/firma-suvepaevad-eesti\\\/#primaryimage\"},\"image\":{\"@id\":\"https:\\\/\\\/surfmaster.ee\\\/firma-suvepaevad-eesti\\\/#primaryimage\"},\"thumbnailUrl\":\"https:\\\/\\\/surfmaster.ee\\\/wp-content\\\/uploads\\\/2024\\\/02\\\/IMG_5101-scaled.jpeg\",\"datePublished\":\"2021-11-03T13:55:05+00:00\",\"dateModified\":\"2025-01-16T10:55:27+00:00\",\"description\":\"Meie missiooniks on tutvustada inimestele surfamise kogemust ja tunda veepeal olles t\u00f5elist vabadust. Firma suvep\u00e4evad \u00fcle Eesti.\",\"breadcrumb\":{\"@id\":\"https:\\\/\\\/surfmaster.ee\\\/firma-suvepaevad-eesti\\\/#breadcrumb\"},\"inLanguage\":\"en-US\",\"potentialAction\":[{\"@type\":\"ReadAction\",\"target\":[\"https:\\\/\\\/surfmaster.ee\\\/firma-suvepaevad-eesti\\\/\"]}]},{\"@type\":\"ImageObject\",\"inLanguage\":\"en-US\",\"@id\":\"https:\\\/\\\/surfmaster.ee\\\/firma-suvepaevad-eesti\\\/#primaryimage\",\"url\":\"https:\\\/\\\/surfmaster.ee\\\/wp-content\\\/uploads\\\/2024\\\/02\\\/IMG_5101-scaled.jpeg\",\"contentUrl\":\"https:\\\/\\\/surfmaster.ee\\\/wp-content\\\/uploads\\\/2024\\\/02\\\/IMG_5101-scaled.jpeg\",\"width\":2560,\"height\":1707},{\"@type\":\"BreadcrumbList\",\"@id\":\"https:\\\/\\\/surfmaster.ee\\\/firma-suvepaevad-eesti\\\/#breadcrumb\",\"itemListElement\":[{\"@type\":\"ListItem\",\"position\":1,\"name\":\"Home\",\"item\":\"https:\\\/\\\/surfmaster.ee\\\/\"},{\"@type\":\"ListItem\",\"position\":2,\"name\":\"Firma suvep\u00e4evad kogu Eesti\"}]},{\"@type\":\"WebSite\",\"@id\":\"https:\\\/\\\/surfmaster.ee\\\/#website\",\"url\":\"https:\\\/\\\/surfmaster.ee\\\/\",\"name\":\"Surfmaster\",\"description\":\"SurfMaster Surfikool\",\"publisher\":{\"@id\":\"https:\\\/\\\/surfmaster.ee\\\/#organization\"},\"potentialAction\":[{\"@type\":\"SearchAction\",\"target\":{\"@type\":\"EntryPoint\",\"urlTemplate\":\"https:\\\/\\\/surfmaster.ee\\\/?s={search_term_string}\"},\"query-input\":{\"@type\":\"PropertyValueSpecification\",\"valueRequired\":true,\"valueName\":\"search_term_string\"}}],\"inLanguage\":\"en-US\"},{\"@type\":\"Organization\",\"@id\":\"https:\\\/\\\/surfmaster.ee\\\/#organization\",\"name\":\"Surfmaster\",\"url\":\"https:\\\/\\\/surfmaster.ee\\\/\",\"logo\":{\"@type\":\"ImageObject\",\"inLanguage\":\"en-US\",\"@id\":\"https:\\\/\\\/surfmaster.ee\\\/#\\\/schema\\\/logo\\\/image\\\/\",\"url\":\"https:\\\/\\\/surfmaster.ee\\\/wp-content\\\/uploads\\\/2022\\\/03\\\/Asset-4@2x.png\",\"contentUrl\":\"https:\\\/\\\/surfmaster.ee\\\/wp-content\\\/uploads\\\/2022\\\/03\\\/Asset-4@2x.png\",\"width\":1130,\"height\":1070,\"caption\":\"Surfmaster\"},\"image\":{\"@id\":\"https:\\\/\\\/surfmaster.ee\\\/#\\\/schema\\\/logo\\\/image\\\/\"}}]}<\/script>\n<!-- \/ Yoast SEO plugin. -->","yoast_head_json":{"title":"Firma suvep\u00e4evad kogu Eesti - Surfmaster","description":"Meie missiooniks on tutvustada inimestele surfamise kogemust ja tunda veepeal olles t\u00f5elist vabadust. Firma suvep\u00e4evad \u00fcle Eesti.","robots":{"index":"index","follow":"follow","max-snippet":"max-snippet:-1","max-image-preview":"max-image-preview:large","max-video-preview":"max-video-preview:-1"},"canonical":"https:\/\/surfmaster.ee\/en\/firma-suvepaevad-eesti\/","og_locale":"en_US","og_type":"article","og_title":"Firma suvep\u00e4evad kogu Eesti - Surfmaster","og_description":"Meie missiooniks on tutvustada inimestele surfamise kogemust ja tunda veepeal olles t\u00f5elist vabadust. Firma suvep\u00e4evad \u00fcle Eesti.","og_url":"https:\/\/surfmaster.ee\/en\/firma-suvepaevad-eesti\/","og_site_name":"Surfmaster","article_modified_time":"2025-01-16T10:55:27+00:00","og_image":[{"width":2560,"height":1707,"url":"https:\/\/surfmaster.ee\/wp-content\/uploads\/2024\/02\/IMG_5101-scaled.jpeg","type":"image\/jpeg"}],"twitter_card":"summary_large_image","twitter_misc":{"Est. reading time":"1 minute"},"schema":{"@context":"https:\/\/schema.org","@graph":[{"@type":"WebPage","@id":"https:\/\/surfmaster.ee\/firma-suvepaevad-eesti\/","url":"https:\/\/surfmaster.ee\/firma-suvepaevad-eesti\/","name":"Firma suvep\u00e4evad kogu Eesti - Surfmaster","isPartOf":{"@id":"https:\/\/surfmaster.ee\/#website"},"primaryImageOfPage":{"@id":"https:\/\/surfmaster.ee\/firma-suvepaevad-eesti\/#primaryimage"},"image":{"@id":"https:\/\/surfmaster.ee\/firma-suvepaevad-eesti\/#primaryimage"},"thumbnailUrl":"https:\/\/surfmaster.ee\/wp-content\/uploads\/2024\/02\/IMG_5101-scaled.jpeg","datePublished":"2021-11-03T13:55:05+00:00","dateModified":"2025-01-16T10:55:27+00:00","description":"Meie missiooniks on tutvustada inimestele surfamise kogemust ja tunda veepeal olles t\u00f5elist vabadust. Firma suvep\u00e4evad \u00fcle Eesti.","breadcrumb":{"@id":"https:\/\/surfmaster.ee\/firma-suvepaevad-eesti\/#breadcrumb"},"inLanguage":"en-US","potentialAction":[{"@type":"ReadAction","target":["https:\/\/surfmaster.ee\/firma-suvepaevad-eesti\/"]}]},{"@type":"ImageObject","inLanguage":"en-US","@id":"https:\/\/surfmaster.ee\/firma-suvepaevad-eesti\/#primaryimage","url":"https:\/\/surfmaster.ee\/wp-content\/uploads\/2024\/02\/IMG_5101-scaled.jpeg","contentUrl":"https:\/\/surfmaster.ee\/wp-content\/uploads\/2024\/02\/IMG_5101-scaled.jpeg","width":2560,"height":1707},{"@type":"BreadcrumbList","@id":"https:\/\/surfmaster.ee\/firma-suvepaevad-eesti\/#breadcrumb","itemListElement":[{"@type":"ListItem","position":1,"name":"Home","item":"https:\/\/surfmaster.ee\/"},{"@type":"ListItem","position":2,"name":"Firma suvep\u00e4evad kogu Eesti"}]},{"@type":"WebSite","@id":"https:\/\/surfmaster.ee\/#website","url":"https:\/\/surfmaster.ee\/","name":"Surfmaster","description":"SurfMaster Surfikool","publisher":{"@id":"https:\/\/surfmaster.ee\/#organization"},"potentialAction":[{"@type":"SearchAction","target":{"@type":"EntryPoint","urlTemplate":"https:\/\/surfmaster.ee\/?s={search_term_string}"},"query-input":{"@type":"PropertyValueSpecification","valueRequired":true,"valueName":"search_term_string"}}],"inLanguage":"en-US"},{"@type":"Organization","@id":"https:\/\/surfmaster.ee\/#organization","name":"Surfmaster","url":"https:\/\/surfmaster.ee\/","logo":{"@type":"ImageObject","inLanguage":"en-US","@id":"https:\/\/surfmaster.ee\/#\/schema\/logo\/image\/","url":"https:\/\/surfmaster.ee\/wp-content\/uploads\/2022\/03\/Asset-4@2x.png","contentUrl":"https:\/\/surfmaster.ee\/wp-content\/uploads\/2022\/03\/Asset-4@2x.png","width":1130,"height":1070,"caption":"Surfmaster"},"image":{"@id":"https:\/\/surfmaster.ee\/#\/schema\/logo\/image\/"}}]}},"_links":{"self":[{"href":"https:\/\/surfmaster.ee\/en\/wp-json\/wp\/v2\/product\/2319","targetHints":{"allow":["GET"]}}],"collection":[{"href":"https:\/\/surfmaster.ee\/en\/wp-json\/wp\/v2\/product"}],"about":[{"href":"https:\/\/surfmaster.ee\/en\/wp-json\/wp\/v2\/types\/product"}],"wp:featuredmedia":[{"embeddable":true,"href":"https:\/\/surfmaster.ee\/en\/wp-json\/wp\/v2\/media\/4800"}],"wp:attachment":[{"href":"https:\/\/surfmaster.ee\/en\/wp-json\/wp\/v2\/media?parent=2319"}],"wp:term":[{"taxonomy":"product_brand","embeddable":true,"href":"https:\/\/surfmaster.ee\/en\/wp-json\/wp\/v2\/product_brand?post=2319"},{"taxonomy":"product_cat","embeddable":true,"href":"https:\/\/surfmaster.ee\/en\/wp-json\/wp\/v2\/product_cat?post=2319"},{"taxonomy":"product_tag","embeddable":true,"href":"https:\/\/surfmaster.ee\/en\/wp-json\/wp\/v2\/product_tag?post=2319"}],"curies":[{"name":"wp","href":"https:\/\/api.w.org\/{rel}","templated":true}]}}