{"id":4150,"date":"2023-03-15T15:29:02","date_gmt":"2023-03-15T13:29:02","guid":{"rendered":"https:\/\/surfmaster.ee\/?post_type=product&#038;p=4150"},"modified":"2025-01-14T14:20:48","modified_gmt":"2025-01-14T12:20:48","slug":"ranna-surfikula-majutus","status":"publish","type":"product","link":"https:\/\/surfmaster.ee\/en\/ranna-surfikula-majutus\/","title":{"rendered":"Accommodation information, Ranna Surfik\u00fcla:"},"content":{"rendered":"","protected":false},"excerpt":{"rendered":"<h3><strong>Majutust pakume kuni 40 osalejale Ranna Surfik\u00fclas.<\/strong><\/h3>\n<p><strong>Majutusinfo ja broneerimine \u00fcleval booking.com<\/strong> <a href=\"https:\/\/www.booking.com\/hotel\/ee\/ranna-surfikula.et.html\">https:\/\/www.booking.com\/hotel\/ee\/ranna-surfikula.et.html<\/a><\/p>\n<p>\u00d6\u00f6bimise valikud:<\/p>\n<ol>\n<li>&nbsp;Glamping telk, 2 kohta.&nbsp;4 tk.&nbsp;<em>NB! If you come to the camp alone, the other participant does not have to stay separately.<\/em><\/li>\n<li>&nbsp;Glamping telk 3 kohta.&nbsp;1 tk.<em>&nbsp;The glamping tent is furnished with furniture and a fireplace and bed linen<\/em><\/li>\n<li>&nbsp;SuperStar glamping telk 4 kohta. 1 tk.&nbsp;<em>The glamping tent is furnished with furniture and a fireplace and bed linen<\/em><\/li>\n<li>Pere glamping telk 6 kohta. 1 tk.<em>&nbsp;The glamping tent is furnished with furniture and a fireplace and bed linen<\/em><\/li>\n<li>Hammock tent<em>&nbsp; mahutab kaks osalejat. &nbsp;3 tk. NB! Hammock telki palun kaasa v\u00f5tta isiklik magamiskott v\u00f5i tekk ja padi.<\/em><\/li>\n<li>Safari telk. 1 tk.Telki mahub kuni 8 osalejat. Telk on sisustatud \u00f5hkmadratsitega. <i>With bed linen.<\/i><\/li>\n<li>Suures majas (teisel korrusel madratsil) 20 kohta.&nbsp;<i>With bed linen.<\/i><\/li>\n<li>Karavani koht. Meie juurde<em>&nbsp;on v\u00f5imalus matkaautoga tulla ja parkida rannaniidule.<\/em><\/li>\n<li>Tulen oma telgiga. P\u00fcstita laagris oma telk telkimisalal ja v\u00f5ta magamisriided kaasa.&nbsp;<\/li>\n<\/ol>\n<p><strong>K\u00fcsi t\u00e4psemat pakkumist ja broneeri varakult puhkus Ranna Surfik\u00fclas.<\/strong><\/p>\n<div class=\"ekit-heading elementskit-section-title-wraper text_center ekit_heading_tablet- ekit_heading_mobile-\">\n<p>YOU CAN ALSO REACH US BY PLANE<\/p>\n<\/div>\n<p>Come to Hiiumaa by plane! If suitable, we can pick you up at K\u00e4rdla airport by car (for an additional fee) The car ride from K\u00e4rdla airport to Ranna Surfik\u00fclla takes approximately 40 minutes. Flight time information and online booking <a href=\"https:\/\/flynyx.com\/?y_source=1_MjA2NzUyMTMtNTU5LWxvY2F0aW9uLndlYnNpdGU%3D&amp;fbclid=IwAR0EULF3OdRJ-1A6gVOxKjURAZO28OlQNIOeopdVb9TEZMcpAdRhnrDvEMU\">https:\/\/flynyx.com\/?y_source=1_MjA2NzUyMTMtNTU5LWxvY2F0aW9uLndlYnNpdGU%3D&amp;fbclid=IwAR0EULF3OdRJ-1A6gVOxKjURAZO28OlQNIOeopdVb9TEZMcpAdRhnrDvEMU<\/a><\/p>\n<p><strong>Sample offer:<\/strong><\/p>\n<p><em>1 night glamping in a tent for 2 people. Furnished with furniture, a fireplace and a double bed with bed linen. Add a bed for children. <strong>The price is 95 euros per night.<\/strong><\/em><\/p>\n<p>&nbsp;<\/p>","protected":false},"featured_media":3733,"template":"","meta":{"_acf_changed":false,"ngg_post_thumbnail":0},"product_brand":[],"product_cat":[146],"product_tag":[],"class_list":{"0":"post-4150","1":"product","2":"type-product","3":"status-publish","4":"has-post-thumbnail","6":"product_cat-surfikula","8":"first","9":"instock","10":"taxable","11":"shipping-taxable","12":"purchasable","13":"product-type-simple"},"acf":[],"yoast_head":"<!-- This site is optimized with the Yoast SEO plugin v27.3 - https:\/\/yoast.com\/product\/yoast-seo-wordpress\/ -->\n<title>Ranna Surfik\u00fcla majutus - Surfmaster<\/title>\n<meta name=\"description\" content=\"Pakume majutust kuni 40 osalejale glamping ja hammock t\u00fc\u00fcpi telkides. K\u00fcsi pakkumist juba t\u00e4na.\" \/>\n<meta name=\"robots\" content=\"index, follow, max-snippet:-1, max-image-preview:large, max-video-preview:-1\" \/>\n<link rel=\"canonical\" href=\"https:\/\/surfmaster.ee\/en\/ranna-surfikula-majutus\/\" \/>\n<meta property=\"og:locale\" content=\"en_US\" \/>\n<meta property=\"og:type\" content=\"article\" \/>\n<meta property=\"og:title\" content=\"Ranna Surfik\u00fcla majutus - Surfmaster\" \/>\n<meta property=\"og:description\" content=\"Pakume majutust kuni 40 osalejale glamping ja hammock t\u00fc\u00fcpi telkides. K\u00fcsi pakkumist juba t\u00e4na.\" \/>\n<meta property=\"og:url\" content=\"https:\/\/surfmaster.ee\/en\/ranna-surfikula-majutus\/\" \/>\n<meta property=\"og:site_name\" content=\"Surfmaster\" \/>\n<meta property=\"article:modified_time\" content=\"2025-01-14T12:20:48+00:00\" \/>\n<meta property=\"og:image\" content=\"https:\/\/surfmaster.ee\/wp-content\/uploads\/2023\/02\/IMG_1555.jpeg\" \/>\n\t<meta property=\"og:image:width\" content=\"1920\" \/>\n\t<meta property=\"og:image:height\" content=\"1280\" \/>\n\t<meta property=\"og:image:type\" content=\"image\/jpeg\" \/>\n<meta name=\"twitter:card\" content=\"summary_large_image\" \/>\n<script type=\"application\/ld+json\" class=\"yoast-schema-graph\">{\"@context\":\"https:\\\/\\\/schema.org\",\"@graph\":[{\"@type\":\"WebPage\",\"@id\":\"https:\\\/\\\/surfmaster.ee\\\/ranna-surfikula-majutus\\\/\",\"url\":\"https:\\\/\\\/surfmaster.ee\\\/ranna-surfikula-majutus\\\/\",\"name\":\"Ranna Surfik\u00fcla majutus - Surfmaster\",\"isPartOf\":{\"@id\":\"https:\\\/\\\/surfmaster.ee\\\/#website\"},\"primaryImageOfPage\":{\"@id\":\"https:\\\/\\\/surfmaster.ee\\\/ranna-surfikula-majutus\\\/#primaryimage\"},\"image\":{\"@id\":\"https:\\\/\\\/surfmaster.ee\\\/ranna-surfikula-majutus\\\/#primaryimage\"},\"thumbnailUrl\":\"https:\\\/\\\/surfmaster.ee\\\/wp-content\\\/uploads\\\/2023\\\/02\\\/IMG_1555.jpeg\",\"datePublished\":\"2023-03-15T13:29:02+00:00\",\"dateModified\":\"2025-01-14T12:20:48+00:00\",\"description\":\"Pakume majutust kuni 40 osalejale glamping ja hammock t\u00fc\u00fcpi telkides. K\u00fcsi pakkumist juba t\u00e4na.\",\"breadcrumb\":{\"@id\":\"https:\\\/\\\/surfmaster.ee\\\/ranna-surfikula-majutus\\\/#breadcrumb\"},\"inLanguage\":\"en-US\",\"potentialAction\":[{\"@type\":\"ReadAction\",\"target\":[\"https:\\\/\\\/surfmaster.ee\\\/ranna-surfikula-majutus\\\/\"]}]},{\"@type\":\"ImageObject\",\"inLanguage\":\"en-US\",\"@id\":\"https:\\\/\\\/surfmaster.ee\\\/ranna-surfikula-majutus\\\/#primaryimage\",\"url\":\"https:\\\/\\\/surfmaster.ee\\\/wp-content\\\/uploads\\\/2023\\\/02\\\/IMG_1555.jpeg\",\"contentUrl\":\"https:\\\/\\\/surfmaster.ee\\\/wp-content\\\/uploads\\\/2023\\\/02\\\/IMG_1555.jpeg\",\"width\":1920,\"height\":1280},{\"@type\":\"BreadcrumbList\",\"@id\":\"https:\\\/\\\/surfmaster.ee\\\/ranna-surfikula-majutus\\\/#breadcrumb\",\"itemListElement\":[{\"@type\":\"ListItem\",\"position\":1,\"name\":\"Home\",\"item\":\"https:\\\/\\\/surfmaster.ee\\\/\"},{\"@type\":\"ListItem\",\"position\":2,\"name\":\"Ranna Surfik\u00fcla majutus\"}]},{\"@type\":\"WebSite\",\"@id\":\"https:\\\/\\\/surfmaster.ee\\\/#website\",\"url\":\"https:\\\/\\\/surfmaster.ee\\\/\",\"name\":\"Surfmaster\",\"description\":\"SurfMaster Surfikool\",\"publisher\":{\"@id\":\"https:\\\/\\\/surfmaster.ee\\\/#organization\"},\"potentialAction\":[{\"@type\":\"SearchAction\",\"target\":{\"@type\":\"EntryPoint\",\"urlTemplate\":\"https:\\\/\\\/surfmaster.ee\\\/?s={search_term_string}\"},\"query-input\":{\"@type\":\"PropertyValueSpecification\",\"valueRequired\":true,\"valueName\":\"search_term_string\"}}],\"inLanguage\":\"en-US\"},{\"@type\":\"Organization\",\"@id\":\"https:\\\/\\\/surfmaster.ee\\\/#organization\",\"name\":\"Surfmaster\",\"url\":\"https:\\\/\\\/surfmaster.ee\\\/\",\"logo\":{\"@type\":\"ImageObject\",\"inLanguage\":\"en-US\",\"@id\":\"https:\\\/\\\/surfmaster.ee\\\/#\\\/schema\\\/logo\\\/image\\\/\",\"url\":\"https:\\\/\\\/surfmaster.ee\\\/wp-content\\\/uploads\\\/2022\\\/03\\\/Asset-4@2x.png\",\"contentUrl\":\"https:\\\/\\\/surfmaster.ee\\\/wp-content\\\/uploads\\\/2022\\\/03\\\/Asset-4@2x.png\",\"width\":1130,\"height\":1070,\"caption\":\"Surfmaster\"},\"image\":{\"@id\":\"https:\\\/\\\/surfmaster.ee\\\/#\\\/schema\\\/logo\\\/image\\\/\"}}]}<\/script>\n<!-- \/ Yoast SEO plugin. -->","yoast_head_json":{"title":"Ranna Surfik\u00fcla majutus - Surfmaster","description":"Pakume majutust kuni 40 osalejale glamping ja hammock t\u00fc\u00fcpi telkides. K\u00fcsi pakkumist juba t\u00e4na.","robots":{"index":"index","follow":"follow","max-snippet":"max-snippet:-1","max-image-preview":"max-image-preview:large","max-video-preview":"max-video-preview:-1"},"canonical":"https:\/\/surfmaster.ee\/en\/ranna-surfikula-majutus\/","og_locale":"en_US","og_type":"article","og_title":"Ranna Surfik\u00fcla majutus - Surfmaster","og_description":"Pakume majutust kuni 40 osalejale glamping ja hammock t\u00fc\u00fcpi telkides. K\u00fcsi pakkumist juba t\u00e4na.","og_url":"https:\/\/surfmaster.ee\/en\/ranna-surfikula-majutus\/","og_site_name":"Surfmaster","article_modified_time":"2025-01-14T12:20:48+00:00","og_image":[{"width":1920,"height":1280,"url":"https:\/\/surfmaster.ee\/wp-content\/uploads\/2023\/02\/IMG_1555.jpeg","type":"image\/jpeg"}],"twitter_card":"summary_large_image","schema":{"@context":"https:\/\/schema.org","@graph":[{"@type":"WebPage","@id":"https:\/\/surfmaster.ee\/ranna-surfikula-majutus\/","url":"https:\/\/surfmaster.ee\/ranna-surfikula-majutus\/","name":"Ranna Surfik\u00fcla majutus - Surfmaster","isPartOf":{"@id":"https:\/\/surfmaster.ee\/#website"},"primaryImageOfPage":{"@id":"https:\/\/surfmaster.ee\/ranna-surfikula-majutus\/#primaryimage"},"image":{"@id":"https:\/\/surfmaster.ee\/ranna-surfikula-majutus\/#primaryimage"},"thumbnailUrl":"https:\/\/surfmaster.ee\/wp-content\/uploads\/2023\/02\/IMG_1555.jpeg","datePublished":"2023-03-15T13:29:02+00:00","dateModified":"2025-01-14T12:20:48+00:00","description":"Pakume majutust kuni 40 osalejale glamping ja hammock t\u00fc\u00fcpi telkides. K\u00fcsi pakkumist juba t\u00e4na.","breadcrumb":{"@id":"https:\/\/surfmaster.ee\/ranna-surfikula-majutus\/#breadcrumb"},"inLanguage":"en-US","potentialAction":[{"@type":"ReadAction","target":["https:\/\/surfmaster.ee\/ranna-surfikula-majutus\/"]}]},{"@type":"ImageObject","inLanguage":"en-US","@id":"https:\/\/surfmaster.ee\/ranna-surfikula-majutus\/#primaryimage","url":"https:\/\/surfmaster.ee\/wp-content\/uploads\/2023\/02\/IMG_1555.jpeg","contentUrl":"https:\/\/surfmaster.ee\/wp-content\/uploads\/2023\/02\/IMG_1555.jpeg","width":1920,"height":1280},{"@type":"BreadcrumbList","@id":"https:\/\/surfmaster.ee\/ranna-surfikula-majutus\/#breadcrumb","itemListElement":[{"@type":"ListItem","position":1,"name":"Home","item":"https:\/\/surfmaster.ee\/"},{"@type":"ListItem","position":2,"name":"Ranna Surfik\u00fcla majutus"}]},{"@type":"WebSite","@id":"https:\/\/surfmaster.ee\/#website","url":"https:\/\/surfmaster.ee\/","name":"Surfmaster","description":"SurfMaster Surfikool","publisher":{"@id":"https:\/\/surfmaster.ee\/#organization"},"potentialAction":[{"@type":"SearchAction","target":{"@type":"EntryPoint","urlTemplate":"https:\/\/surfmaster.ee\/?s={search_term_string}"},"query-input":{"@type":"PropertyValueSpecification","valueRequired":true,"valueName":"search_term_string"}}],"inLanguage":"en-US"},{"@type":"Organization","@id":"https:\/\/surfmaster.ee\/#organization","name":"Surfmaster","url":"https:\/\/surfmaster.ee\/","logo":{"@type":"ImageObject","inLanguage":"en-US","@id":"https:\/\/surfmaster.ee\/#\/schema\/logo\/image\/","url":"https:\/\/surfmaster.ee\/wp-content\/uploads\/2022\/03\/Asset-4@2x.png","contentUrl":"https:\/\/surfmaster.ee\/wp-content\/uploads\/2022\/03\/Asset-4@2x.png","width":1130,"height":1070,"caption":"Surfmaster"},"image":{"@id":"https:\/\/surfmaster.ee\/#\/schema\/logo\/image\/"}}]}},"_links":{"self":[{"href":"https:\/\/surfmaster.ee\/en\/wp-json\/wp\/v2\/product\/4150","targetHints":{"allow":["GET"]}}],"collection":[{"href":"https:\/\/surfmaster.ee\/en\/wp-json\/wp\/v2\/product"}],"about":[{"href":"https:\/\/surfmaster.ee\/en\/wp-json\/wp\/v2\/types\/product"}],"wp:featuredmedia":[{"embeddable":true,"href":"https:\/\/surfmaster.ee\/en\/wp-json\/wp\/v2\/media\/3733"}],"wp:attachment":[{"href":"https:\/\/surfmaster.ee\/en\/wp-json\/wp\/v2\/media?parent=4150"}],"wp:term":[{"taxonomy":"product_brand","embeddable":true,"href":"https:\/\/surfmaster.ee\/en\/wp-json\/wp\/v2\/product_brand?post=4150"},{"taxonomy":"product_cat","embeddable":true,"href":"https:\/\/surfmaster.ee\/en\/wp-json\/wp\/v2\/product_cat?post=4150"},{"taxonomy":"product_tag","embeddable":true,"href":"https:\/\/surfmaster.ee\/en\/wp-json\/wp\/v2\/product_tag?post=4150"}],"curies":[{"name":"wp","href":"https:\/\/api.w.org\/{rel}","templated":true}]}}