{"id":4244,"date":"2023-04-27T10:32:18","date_gmt":"2023-04-27T07:32:18","guid":{"rendered":"https:\/\/surfmaster.ee\/?post_type=product&#038;p=4244"},"modified":"2024-11-06T17:16:37","modified_gmt":"2024-11-06T15:16:37","slug":"surfarite-laager-hiiumaal","status":"publish","type":"product","link":"https:\/\/surfmaster.ee\/en\/surfarite-laager-hiiumaal\/","title":{"rendered":"Wetsuits wet the surf camp in Hiiumaa"},"content":{"rendered":"<div class=\"ekit-heading elementskit-section-title-wraper text_center ekit_heading_tablet- ekit_heading_mobile-\">\n<h3><em><strong>Laagrisse registreerudes palume valida majutus 2 \u00f6\u00f6d vastavalt valikule.<\/strong><\/em><\/h3>\n<ol>\n<li>&nbsp;Glamping telk, 2 kohta. Glamping telk on sisustatud m\u00f6\u00f6bliga ja k\u00fcttekoldega ning kaheinimese voodiga koos voodipesuga. <strong>NB! Tuled kahekesi, siis teine osaline ei pea \u00f6\u00f6bimist valima.<\/strong><\/li>\n<li>&nbsp;Surfibuss, 2 kohta. Surfibuss mahutab kenasti \u00f6\u00f6bima kaks osalejat.&nbsp;Surfibussis on kaheinimese voodi koos voodipesuga. <strong>NB! Tuled kahekesi, siis teine osaline ei pea \u00f6\u00f6bimist valima.<\/strong><\/li>\n<li>Hammock ripptelk,&nbsp; mahutab 2 osalejat.Hammock telki palun kaasa v\u00f5tta isiklik magamiskott v\u00f5i tekk ja padi. <strong>NB! Tuled kahekesi, siis teine osaline ei pea \u00f6\u00f6bimist valima.<\/strong><\/li>\n<li>Safari telk.&nbsp;Mahub kuni 8 osalejat. Telk on sisustatud \u00f5hkmadratsitega ja&nbsp;koos voodipesuga. <strong>NB! Tuled kahekesi, siis teine osaline ei pea \u00f6\u00f6bimist valima.<\/strong><\/li>\n<li>Suures majas (teisel korrusel madratsil)&nbsp;\u00dche inimese madratsid&nbsp;koos voodipesuga. <strong>NB! Tuled kahekesi, siis teine osaline ei pea \u00f6\u00f6bimist valima.<\/strong><\/li>\n<li>Karavani koht.&nbsp;Osalejatel on v\u00f5imalus matkaautot parkida rannaniidul.<strong>NB! Tuled kahekesi, siis teine osaline ei pea \u00f6\u00f6bimist valima.<\/strong><\/li>\n<li>I come to the camp with my tent. At the camp, pitch your tent in the camping area and take sleeping clothes with you. <strong>NB! Tuled kahekesi, siis teine osaline ei pea \u00f6\u00f6bimist valima.<\/strong><\/li>\n<li>Ilma \u00f6\u00f6bimiseta. NB!&nbsp;Laagris osaleja ei \u00f6\u00f6bi laagri territooriumil.<\/li>\n<\/ol>\n<p>YOU CAN ALSO REACH US BY PLANE<\/p>\n<\/div>\n<p>Come to Hiiumaa by plane! If suitable, we can pick you up at K\u00e4rdla airport by car (for an additional fee) The car ride from K\u00e4rdla airport to Ranna Surfik\u00fclla takes approximately 40 minutes. Flight time information and online booking <a href=\"https:\/\/flynyx.com\/?y_source=1_MjA2NzUyMTMtNTU5LWxvY2F0aW9uLndlYnNpdGU%3D&amp;fbclid=IwAR0EULF3OdRJ-1A6gVOxKjURAZO28OlQNIOeopdVb9TEZMcpAdRhnrDvEMU\">https:\/\/flynyx.com\/?y_source=1_MjA2NzUyMTMtNTU5LWxvY2F0aW9uLndlYnNpdGU%3D&amp;fbclid=IwAR0EULF3OdRJ-1A6gVOxKjURAZO28OlQNIOeopdVb9TEZMcpAdRhnrDvEMU<\/a><\/p>\n<p><strong>Camp schedule:<\/strong><\/p>\n<p>Friday<\/p>\n<ul>\n<li>15:00-19:00&nbsp;saabumine laagrisse.<\/li>\n<li>15:00-19:00 surfame&nbsp;<\/li>\n<li>19:00-20:00 \u00f5htus\u00f6\u00f6k&nbsp;<\/li>\n<li>20:00-22:00 saun, chill grill<\/li>\n<li>22:00-24:00 l\u00f5kke\u00f5htu, elav muusika v\u00f5i makk m\u00e4ngib.&nbsp;<\/li>\n<li>24:00-&#8230;&#8230; \u00f6\u00f6<\/li>\n<\/ul>\n<p>Saturday<\/p>\n<ul>\n<li>09:00 \u00e4rkame vaikselt<\/li>\n<li>09:00-10:00 breakfast, free time<\/li>\n<li>10:00-13:00 surfame<\/li>\n<li>13:00-14:00 l\u00f5unas\u00f6\u00f6k<\/li>\n<li>14:00-18:00 surfame<\/li>\n<li>18:00-19:30 dinner<\/li>\n<li>19:30-21:00 saun&nbsp;<\/li>\n<li>21:00-24:00 l\u00f5kke\u00f5htu, grill, chill. Video projektor n\u00e4itab surfivideosid<\/li>\n<li>24:00-.. \u00f6\u00f6<\/li>\n<\/ul>\n<p>P\u00fchap\u00e4ev<\/p>\n<ul>\n<li>09:00 \u00e4rkame vaikselt<\/li>\n<li>09:00-10:00 breakfast, free time<\/li>\n<li>10:00-&#8230;. surfame, vaba kava, laagri l\u00f5pp!<\/li>\n<\/ul>\n<p><span class=\"\">NB! All camp activities take place according to weather conditions. Each day of the camp is a different surf activity. The camp agenda may change depending on the weather.&nbsp;<\/span><\/p>","protected":false},"excerpt":{"rendered":"<h3>Kalipsod m\u00e4rjaks surfilaager Hiiumaal 2024.<\/h3>\n<p>Dates<\/p>\n<p><strong>31.05-02.06.2024<\/strong><\/p>\n<p><strong>\u00dcRITUS ON TASUTA<\/strong><\/p>\n<p>&nbsp;<\/p>\n<p><strong>Kellele m\u00f5eldud laager?<\/strong><\/p>\n<p>K\u00f5igile, kes v\u00e4hegi soovivad kalipsot m\u00e4rjaks teha \ud83d\ude09 Sulle meeldib surfielu, TULE LAAGRISSE! Kui sa veel ei surfa, aga tunned huvi surfamise vastu, siis \u00f5petame sind surfama.<\/p>\n<p>Kuidas tundub plaan alustada surfihooaega Hiiumaal? Suurep\u00e4rane v\u00f5imalus surfikamad tolmust puhtaks p\u00fchkida ja kalipsod m\u00e4rjaks teha. Uute ja vanade s\u00f5pradega m\u00f5nusalt koos aega veeta ja surfataaaa palju.&nbsp;<\/p>\n<p>Laager toimub Hiiumaal, Suurerannas, Ranna Surfik\u00fclas. Kes pole meie juures veel k\u00e4inud, siis n\u00fc\u00fcd on selleks hea v\u00f5imalus. &nbsp;Tuulesuunad on meile sobivad SE-SW. Suureranna on liivase p\u00f5hjaga ja madala veega. &nbsp;Sobib h\u00e4sti lohesurfiks, tiivasurfiks, purjelaua ja aerusurfi s\u00f5iduks. Kui soov lainetes hullata, siis kaugemal merel on laineid k\u00fcllaga \u00f5ige tuulesuunaga. &nbsp;Kui tuuled soosivad teisi Hiiumaa spote, siis k\u00f5ik parimad surfirannad on 20 min s\u00f5idu ulatuse kaugusel.<\/p>\n<p><strong>Mida teeme laagris?<\/strong><\/p>\n<p>Teeme seda, mida meile k\u00f5ige rohkem meeldib teha surfame, hullame ning veedame koos l\u00f5busalt aega. Vaatame \u00fcle oma surfivarustuse, jagame h\u00e4id m\u00f5tteid uueks algavaks hooajaks. Peale surfi, k\u00e4ime saunas ja \u00f5htul istume l\u00f5kke\u00e4\u00e4res taevat\u00e4hti vaadates ja lugusid r\u00e4\u00e4kides.<\/p>\n<p><strong>Mida veel pakume?<\/strong><\/p>\n<p>Ranna Surfik\u00fclas olemas k\u00f5ik eluks vajalik. Pesemise v\u00f5imalused, wc-d ja saun mere \u00e4\u00e4res. Kui tuult ja laineid ei piisa, siis kohapeal rentimiseks aerusurfi lauad ja MEGA SUP-i laud. Rannaniidul saab discgolfi ja teisi murum\u00e4nge m\u00e4ngida. LIVE muusika ja surfidisco tuleb.<\/p>\n<p><strong>Soovid lohesurfi\/tiivasurfi koolitust v\u00f5i rentida varustust?&nbsp;<\/strong><\/p>\n<p>Lisatasu eest on v\u00f5imalik v\u00f5tta personaalset v\u00f5i grupikoolitust lohesurfis v\u00f5i tiivasurfis. Eelnevalt palume soovist teada anda e-mail: <a href=\"mailto:info@surfmaster.ee\">info@surfmaster.ee<\/a> v\u00f5i helista 56686766 Risto<\/p>\n<p>Varustuse rent: <a href=\"https:\/\/surfmaster.ee\/en\/koolitused-rent\/\">https:\/\/surfmaster.ee\/koolitused-rent\/<\/a><\/p>\n<p>Koolituse info lohesurf <a href=\"https:\/\/surfmaster.ee\/en\/lohesurf-koolitus\/\">https:\/\/surfmaster.ee\/lohesurf-koolitus\/<\/a><\/p>\n<p>Koolituse info tiivasurf <a href=\"https:\/\/surfmaster.ee\/en\/wingsurf-koolitus-suvel\/\">https:\/\/surfmaster.ee\/wingsurf-koolitus-suvel\/<\/a><\/p>\n<p><b><i>Lisatasu eest saab kohapeal:<\/i><\/b><\/p>\n<p>\u00d6\u00f6bimine 1-2 \u00f6\u00f6d (vastavalt valikule)<\/p>\n<p>Avatud surfikohvik ja baar. Toitlustamine (vastavalt men\u00fc\u00fcle). Arveldamine kohapeal sularahas v\u00f5i kaardiga.<\/p>\n<h3>More information below<\/h3>","protected":false},"featured_media":4879,"template":"","meta":{"_acf_changed":false,"ngg_post_thumbnail":0},"product_brand":[],"product_cat":[29],"product_tag":[103],"class_list":{"0":"post-4244","1":"product","2":"type-product","3":"status-publish","4":"has-post-thumbnail","6":"product_cat-surfilaager","7":"product_tag-laager","9":"first","10":"instock","11":"taxable","12":"shipping-taxable","13":"purchasable","14":"product-type-variable"},"acf":[],"yoast_head":"<!-- This site is optimized with the Yoast SEO plugin v27.3 - https:\/\/yoast.com\/product\/yoast-seo-wordpress\/ -->\n<title>Kalipsod m\u00e4rjaks surfilaager Hiiumaal - Surfmaster<\/title>\n<meta name=\"description\" content=\"Ranna Surfik\u00fclas Hiiumaal toimub surfaritele m\u00f5eldud laager. Tule puhka ja surfa paradiisi saarel ja naudi hetkes olemist.\" \/>\n<meta name=\"robots\" content=\"index, follow, max-snippet:-1, max-image-preview:large, max-video-preview:-1\" \/>\n<link rel=\"canonical\" href=\"https:\/\/surfmaster.ee\/en\/surfarite-laager-hiiumaal\/\" \/>\n<meta property=\"og:locale\" content=\"en_US\" \/>\n<meta property=\"og:type\" content=\"article\" \/>\n<meta property=\"og:title\" content=\"Kalipsod m\u00e4rjaks surfilaager Hiiumaal - Surfmaster\" \/>\n<meta property=\"og:description\" content=\"Ranna Surfik\u00fclas Hiiumaal toimub surfaritele m\u00f5eldud laager. Tule puhka ja surfa paradiisi saarel ja naudi hetkes olemist.\" \/>\n<meta property=\"og:url\" content=\"https:\/\/surfmaster.ee\/en\/surfarite-laager-hiiumaal\/\" \/>\n<meta property=\"og:site_name\" content=\"Surfmaster\" \/>\n<meta property=\"article:modified_time\" content=\"2024-11-06T15:16:37+00:00\" \/>\n<meta property=\"og:image\" content=\"https:\/\/surfmaster.ee\/wp-content\/uploads\/2023\/04\/Surfarite-laager-1.jpg\" \/>\n\t<meta property=\"og:image:width\" content=\"1640\" \/>\n\t<meta property=\"og:image:height\" content=\"924\" \/>\n\t<meta property=\"og:image:type\" content=\"image\/jpeg\" \/>\n<meta name=\"twitter:card\" content=\"summary_large_image\" \/>\n<meta name=\"twitter:label1\" content=\"Est. reading time\" \/>\n\t<meta name=\"twitter:data1\" content=\"2 minutes\" \/>\n<script type=\"application\/ld+json\" class=\"yoast-schema-graph\">{\"@context\":\"https:\\\/\\\/schema.org\",\"@graph\":[{\"@type\":\"WebPage\",\"@id\":\"https:\\\/\\\/surfmaster.ee\\\/surfarite-laager-hiiumaal\\\/\",\"url\":\"https:\\\/\\\/surfmaster.ee\\\/surfarite-laager-hiiumaal\\\/\",\"name\":\"Kalipsod m\u00e4rjaks surfilaager Hiiumaal - Surfmaster\",\"isPartOf\":{\"@id\":\"https:\\\/\\\/surfmaster.ee\\\/#website\"},\"primaryImageOfPage\":{\"@id\":\"https:\\\/\\\/surfmaster.ee\\\/surfarite-laager-hiiumaal\\\/#primaryimage\"},\"image\":{\"@id\":\"https:\\\/\\\/surfmaster.ee\\\/surfarite-laager-hiiumaal\\\/#primaryimage\"},\"thumbnailUrl\":\"https:\\\/\\\/surfmaster.ee\\\/wp-content\\\/uploads\\\/2023\\\/04\\\/Surfarite-laager-1.jpg\",\"datePublished\":\"2023-04-27T07:32:18+00:00\",\"dateModified\":\"2024-11-06T15:16:37+00:00\",\"description\":\"Ranna Surfik\u00fclas Hiiumaal toimub surfaritele m\u00f5eldud laager. Tule puhka ja surfa paradiisi saarel ja naudi hetkes olemist.\",\"breadcrumb\":{\"@id\":\"https:\\\/\\\/surfmaster.ee\\\/surfarite-laager-hiiumaal\\\/#breadcrumb\"},\"inLanguage\":\"en-US\",\"potentialAction\":[{\"@type\":\"ReadAction\",\"target\":[\"https:\\\/\\\/surfmaster.ee\\\/surfarite-laager-hiiumaal\\\/\"]}]},{\"@type\":\"ImageObject\",\"inLanguage\":\"en-US\",\"@id\":\"https:\\\/\\\/surfmaster.ee\\\/surfarite-laager-hiiumaal\\\/#primaryimage\",\"url\":\"https:\\\/\\\/surfmaster.ee\\\/wp-content\\\/uploads\\\/2023\\\/04\\\/Surfarite-laager-1.jpg\",\"contentUrl\":\"https:\\\/\\\/surfmaster.ee\\\/wp-content\\\/uploads\\\/2023\\\/04\\\/Surfarite-laager-1.jpg\",\"width\":1640,\"height\":924},{\"@type\":\"BreadcrumbList\",\"@id\":\"https:\\\/\\\/surfmaster.ee\\\/surfarite-laager-hiiumaal\\\/#breadcrumb\",\"itemListElement\":[{\"@type\":\"ListItem\",\"position\":1,\"name\":\"Home\",\"item\":\"https:\\\/\\\/surfmaster.ee\\\/\"},{\"@type\":\"ListItem\",\"position\":2,\"name\":\"Kalipsod m\u00e4rjaks surfilaager Hiiumaal\"}]},{\"@type\":\"WebSite\",\"@id\":\"https:\\\/\\\/surfmaster.ee\\\/#website\",\"url\":\"https:\\\/\\\/surfmaster.ee\\\/\",\"name\":\"Surfmaster\",\"description\":\"SurfMaster Surfikool\",\"publisher\":{\"@id\":\"https:\\\/\\\/surfmaster.ee\\\/#organization\"},\"potentialAction\":[{\"@type\":\"SearchAction\",\"target\":{\"@type\":\"EntryPoint\",\"urlTemplate\":\"https:\\\/\\\/surfmaster.ee\\\/?s={search_term_string}\"},\"query-input\":{\"@type\":\"PropertyValueSpecification\",\"valueRequired\":true,\"valueName\":\"search_term_string\"}}],\"inLanguage\":\"en-US\"},{\"@type\":\"Organization\",\"@id\":\"https:\\\/\\\/surfmaster.ee\\\/#organization\",\"name\":\"Surfmaster\",\"url\":\"https:\\\/\\\/surfmaster.ee\\\/\",\"logo\":{\"@type\":\"ImageObject\",\"inLanguage\":\"en-US\",\"@id\":\"https:\\\/\\\/surfmaster.ee\\\/#\\\/schema\\\/logo\\\/image\\\/\",\"url\":\"https:\\\/\\\/surfmaster.ee\\\/wp-content\\\/uploads\\\/2022\\\/03\\\/Asset-4@2x.png\",\"contentUrl\":\"https:\\\/\\\/surfmaster.ee\\\/wp-content\\\/uploads\\\/2022\\\/03\\\/Asset-4@2x.png\",\"width\":1130,\"height\":1070,\"caption\":\"Surfmaster\"},\"image\":{\"@id\":\"https:\\\/\\\/surfmaster.ee\\\/#\\\/schema\\\/logo\\\/image\\\/\"}}]}<\/script>\n<!-- \/ Yoast SEO plugin. -->","yoast_head_json":{"title":"Kalipsod m\u00e4rjaks surfilaager Hiiumaal - Surfmaster","description":"Ranna Surfik\u00fclas Hiiumaal toimub surfaritele m\u00f5eldud laager. Tule puhka ja surfa paradiisi saarel ja naudi hetkes olemist.","robots":{"index":"index","follow":"follow","max-snippet":"max-snippet:-1","max-image-preview":"max-image-preview:large","max-video-preview":"max-video-preview:-1"},"canonical":"https:\/\/surfmaster.ee\/en\/surfarite-laager-hiiumaal\/","og_locale":"en_US","og_type":"article","og_title":"Kalipsod m\u00e4rjaks surfilaager Hiiumaal - Surfmaster","og_description":"Ranna Surfik\u00fclas Hiiumaal toimub surfaritele m\u00f5eldud laager. Tule puhka ja surfa paradiisi saarel ja naudi hetkes olemist.","og_url":"https:\/\/surfmaster.ee\/en\/surfarite-laager-hiiumaal\/","og_site_name":"Surfmaster","article_modified_time":"2024-11-06T15:16:37+00:00","og_image":[{"width":1640,"height":924,"url":"https:\/\/surfmaster.ee\/wp-content\/uploads\/2023\/04\/Surfarite-laager-1.jpg","type":"image\/jpeg"}],"twitter_card":"summary_large_image","twitter_misc":{"Est. reading time":"2 minutes"},"schema":{"@context":"https:\/\/schema.org","@graph":[{"@type":"WebPage","@id":"https:\/\/surfmaster.ee\/surfarite-laager-hiiumaal\/","url":"https:\/\/surfmaster.ee\/surfarite-laager-hiiumaal\/","name":"Kalipsod m\u00e4rjaks surfilaager Hiiumaal - Surfmaster","isPartOf":{"@id":"https:\/\/surfmaster.ee\/#website"},"primaryImageOfPage":{"@id":"https:\/\/surfmaster.ee\/surfarite-laager-hiiumaal\/#primaryimage"},"image":{"@id":"https:\/\/surfmaster.ee\/surfarite-laager-hiiumaal\/#primaryimage"},"thumbnailUrl":"https:\/\/surfmaster.ee\/wp-content\/uploads\/2023\/04\/Surfarite-laager-1.jpg","datePublished":"2023-04-27T07:32:18+00:00","dateModified":"2024-11-06T15:16:37+00:00","description":"Ranna Surfik\u00fclas Hiiumaal toimub surfaritele m\u00f5eldud laager. Tule puhka ja surfa paradiisi saarel ja naudi hetkes olemist.","breadcrumb":{"@id":"https:\/\/surfmaster.ee\/surfarite-laager-hiiumaal\/#breadcrumb"},"inLanguage":"en-US","potentialAction":[{"@type":"ReadAction","target":["https:\/\/surfmaster.ee\/surfarite-laager-hiiumaal\/"]}]},{"@type":"ImageObject","inLanguage":"en-US","@id":"https:\/\/surfmaster.ee\/surfarite-laager-hiiumaal\/#primaryimage","url":"https:\/\/surfmaster.ee\/wp-content\/uploads\/2023\/04\/Surfarite-laager-1.jpg","contentUrl":"https:\/\/surfmaster.ee\/wp-content\/uploads\/2023\/04\/Surfarite-laager-1.jpg","width":1640,"height":924},{"@type":"BreadcrumbList","@id":"https:\/\/surfmaster.ee\/surfarite-laager-hiiumaal\/#breadcrumb","itemListElement":[{"@type":"ListItem","position":1,"name":"Home","item":"https:\/\/surfmaster.ee\/"},{"@type":"ListItem","position":2,"name":"Kalipsod m\u00e4rjaks surfilaager Hiiumaal"}]},{"@type":"WebSite","@id":"https:\/\/surfmaster.ee\/#website","url":"https:\/\/surfmaster.ee\/","name":"Surfmaster","description":"SurfMaster Surfikool","publisher":{"@id":"https:\/\/surfmaster.ee\/#organization"},"potentialAction":[{"@type":"SearchAction","target":{"@type":"EntryPoint","urlTemplate":"https:\/\/surfmaster.ee\/?s={search_term_string}"},"query-input":{"@type":"PropertyValueSpecification","valueRequired":true,"valueName":"search_term_string"}}],"inLanguage":"en-US"},{"@type":"Organization","@id":"https:\/\/surfmaster.ee\/#organization","name":"Surfmaster","url":"https:\/\/surfmaster.ee\/","logo":{"@type":"ImageObject","inLanguage":"en-US","@id":"https:\/\/surfmaster.ee\/#\/schema\/logo\/image\/","url":"https:\/\/surfmaster.ee\/wp-content\/uploads\/2022\/03\/Asset-4@2x.png","contentUrl":"https:\/\/surfmaster.ee\/wp-content\/uploads\/2022\/03\/Asset-4@2x.png","width":1130,"height":1070,"caption":"Surfmaster"},"image":{"@id":"https:\/\/surfmaster.ee\/#\/schema\/logo\/image\/"}}]}},"_links":{"self":[{"href":"https:\/\/surfmaster.ee\/en\/wp-json\/wp\/v2\/product\/4244","targetHints":{"allow":["GET"]}}],"collection":[{"href":"https:\/\/surfmaster.ee\/en\/wp-json\/wp\/v2\/product"}],"about":[{"href":"https:\/\/surfmaster.ee\/en\/wp-json\/wp\/v2\/types\/product"}],"wp:featuredmedia":[{"embeddable":true,"href":"https:\/\/surfmaster.ee\/en\/wp-json\/wp\/v2\/media\/4879"}],"wp:attachment":[{"href":"https:\/\/surfmaster.ee\/en\/wp-json\/wp\/v2\/media?parent=4244"}],"wp:term":[{"taxonomy":"product_brand","embeddable":true,"href":"https:\/\/surfmaster.ee\/en\/wp-json\/wp\/v2\/product_brand?post=4244"},{"taxonomy":"product_cat","embeddable":true,"href":"https:\/\/surfmaster.ee\/en\/wp-json\/wp\/v2\/product_cat?post=4244"},{"taxonomy":"product_tag","embeddable":true,"href":"https:\/\/surfmaster.ee\/en\/wp-json\/wp\/v2\/product_tag?post=4244"}],"curies":[{"name":"wp","href":"https:\/\/api.w.org\/{rel}","templated":true}]}}