{"id":4305,"date":"2023-05-20T16:44:06","date_gmt":"2023-05-20T13:44:06","guid":{"rendered":"https:\/\/surfmaster.ee\/?post_type=product&#038;p=4305"},"modified":"2025-01-23T09:55:35","modified_gmt":"2025-01-23T07:55:35","slug":"kite-surfcamp","status":"publish","type":"product","link":"https:\/\/surfmaster.ee\/en\/kite-surfcamp\/","title":{"rendered":"Lohelaager Hiiumaal"},"content":{"rendered":"<h3><strong>Would you like to receive more information?<\/strong><\/h3>\n<p><strong>Risto tel: 56686766 e-mai<\/strong>l: <a href=\"mailto:info@surfmaster.ee\">info@surfmaster.ee<\/a> &nbsp;For questions regarding camp activities and anything related to surfing, feel free to ask.<\/p>\n<p><strong>Riho tel: 5071378 e-mail<\/strong>: <a href=\"mailto:info@allclean.ee\">info@allclean.ee<\/a> &nbsp;For questions related to accommodation and catering, please feel free to ask.<\/p>\n<p>&nbsp;<\/p>\n<p><em><strong>NB! When registering for the camp, please choose accommodation for 2 nights:<\/strong><\/em><\/p>\n<ol>\n<li>&nbsp;Glamping tent, 2 places. <em><strong>NB! If you come to the camp alone, the other participant does not have to stay separately.<\/strong> NB! If you come to the camp alone, the other participant does not have to stay separately.<\/em><\/li>\n<li>&nbsp;Glamping tent, 3 places. <em><strong>NB! Other overnight guests do not need to book a separate overnight stay.<\/strong> The glamping tent is furnished with furniture and a fireplace and bed linen<\/em><\/li>\n<li>&nbsp;SuperStar glamping 4 places <em><strong>NB! Other overnight guests do not need to book a separate overnight stay.<\/strong><\/em><em>&nbsp;The glamping tent is furnished with furniture and a fireplace and bed linen<\/em><\/li>\n<li>Family glamping 6 places <em><strong>NB! Other overnight guests do not need to book a separate overnight stay.<\/strong><\/em><em>&nbsp;The glamping tent is furnished with furniture and a fireplace and bed linen<\/em><\/li>\n<li>Hammock tent<em>&nbsp; accommodates two participants. <strong>Participants have the opportunity to camp or park their motorhome with us. NB! If you come to the camp alone, the other participant does not have to spend the night separately.<\/strong> NB! Please bring your own sleeping bag or blanket and pillow to the hammock tent.<\/em><\/li>\n<li>Safari telk.&nbsp;<strong><em>NB! The price is for one participant.<\/em> <\/strong>A place in a big tent. The tent can accommodate up to 7 participants. The tent is equipped with air mattresses. <i>With bed linen.<\/i><\/li>\n<li>In the main house (on the second floor on a mattress). <strong><em>NB! The price is for one participant.<\/em><\/strong>. <i>With bed linen.<\/i><\/li>\n<li>Caravan site <em><strong>If you come to the camp alone, the other participant does not have to stay separately. The surf bus has a double bed with bed linen. &nbsp;<\/strong><\/em><em>Participants have the opportunity to park their motorhome on the beach meadow.<\/em><\/li>\n<li>I come to the camp with my tent. At the camp, pitch your tent in the camping area and take sleeping clothes with you. <em><strong>NB! If you come to the camp alone, the second or third participant does not have to stay overnight.<\/strong><\/em><\/li>\n<li>Without overnight stay. <strong><em>The camp participant does not stay overnight on the camp territory.<\/em><\/strong><\/li>\n<\/ol>\n<div class=\"ekit-heading elementskit-section-title-wraper text_center ekit_heading_tablet- ekit_heading_mobile-\">\n<p>YOU CAN ALSO REACH US BY PLANE<\/p>\n<\/div>\n<p>Come to Hiiumaa by plane! If suitable, we can pick you up at K\u00e4rdla airport by car (for an additional fee) The car ride from K\u00e4rdla airport to Ranna Surfik\u00fclla takes approximately 40 minutes. Flight time information and online booking <a href=\"https:\/\/flynyx.com\/?y_source=1_MjA2NzUyMTMtNTU5LWxvY2F0aW9uLndlYnNpdGU%3D&amp;fbclid=IwAR0EULF3OdRJ-1A6gVOxKjURAZO28OlQNIOeopdVb9TEZMcpAdRhnrDvEMU\">https:\/\/flynyx.com\/?y_source=1_MjA2NzUyMTMtNTU5LWxvY2F0aW9uLndlYnNpdGU%3D&amp;fbclid=IwAR0EULF3OdRJ-1A6gVOxKjURAZO28OlQNIOeopdVb9TEZMcpAdRhnrDvEMU<\/a><\/p>\n<p><span class=\"\">NB! All camp activities take place according to weather conditions. Each day of the camp is a different surf activity. The camp agenda may change depending on the weather.&nbsp;<\/span><\/p>\n<p>Organizers:<\/p>\n<p>Ranna Surfik\u00fcla,&nbsp;Surfmaster,&nbsp;No Work Surf Club,&nbsp;Reedin Baltics,&nbsp;Surfikaubamaja<\/p>\n<h3>See you in Hiiumaa!<\/h3>","protected":false},"excerpt":{"rendered":"<h3><b>LOHELAAGER Hiiumaal 2025<\/b><\/h3>\n<p>Dates<\/p>\n<p><strong>25.07 &#8211; 27.07.2025.<\/strong><\/p>\n<div class=\"x11i5rnm xat24cr x1mh8g0r x1vvkbs xtlvy1s\">P\u00e4ike, tuul, s\u00f5brad &amp; surf paradiisisaarel \u2013 \ud835\udc0b\ud835\udc28\ud835\udc21\ud835\udc1e\ud835\udc25\ud835\udc1a\ud835\udc1a\ud835\udc20\ud835\udc1e\ud835\udc2b \ud835\udfd0\ud835\udfce\ud835\udfd05!<span class=\"html-span xexx8yu x4uap5 x18d9i69 xkhd6sd x1hl2dhg x16tdsg8 x1vvkbs x3nfvp2 x1j61x8r x1fcty0u xdj266r xhhsvwb xat24cr xgzva0m xxymvpz xlup9mm x1kky2od\"><img decoding=\"async\" class=\"xz74otr\" src=\"https:\/\/static.xx.fbcdn.net\/images\/emoji.php\/v9\/tee\/2\/16\/2600.png\" alt=\"\u2600\ufe0f\" width=\"16\" height=\"16\"><\/span><span class=\"html-span xexx8yu x4uap5 x18d9i69 xkhd6sd x1hl2dhg x16tdsg8 x1vvkbs x3nfvp2 x1j61x8r x1fcty0u xdj266r xhhsvwb xat24cr xgzva0m xxymvpz xlup9mm x1kky2od\"><img decoding=\"async\" class=\"xz74otr\" src=\"https:\/\/static.xx.fbcdn.net\/images\/emoji.php\/v9\/tcb\/2\/16\/1f3c4_200d_2642.png\" alt=\"\ud83c\udfc4\u200d\u2642\ufe0f\" width=\"16\" height=\"16\"><\/span><span class=\"html-span xexx8yu x4uap5 x18d9i69 xkhd6sd x1hl2dhg x16tdsg8 x1vvkbs x3nfvp2 x1j61x8r x1fcty0u xdj266r xhhsvwb xat24cr xgzva0m xxymvpz xlup9mm x1kky2od\"><img decoding=\"async\" class=\"xz74otr\" src=\"https:\/\/static.xx.fbcdn.net\/images\/emoji.php\/v9\/t7b\/2\/16\/1f3d5.png\" alt=\"\ud83c\udfd5\" width=\"16\" height=\"16\"><\/span> V\u00f5tame juulikuu viimase n\u00e4dalavahetuse (25.07 \u2013 27.07), et ennast t\u00e4ielikult v\u00e4lja l\u00fclitada ja Ranna Surfik\u00fcla m\u00f5nusas pesas suve, tuult, p\u00e4ikest, muusikat ja lihtsalt hetkes olemise m\u00f5nu nautida. Olenemata sellest, kas oled algaja v\u00f5i kogenud surfar, Hiiumaal ootab Sind p\u00f5nev suvine seiklus!<span class=\"html-span xexx8yu x4uap5 x18d9i69 xkhd6sd x1hl2dhg x16tdsg8 x1vvkbs x3nfvp2 x1j61x8r x1fcty0u xdj266r xhhsvwb xat24cr xgzva0m xxymvpz xlup9mm x1kky2od\"><img loading=\"lazy\" decoding=\"async\" class=\"xz74otr\" src=\"https:\/\/static.xx.fbcdn.net\/images\/emoji.php\/v9\/tf7\/2\/16\/1f929.png\" alt=\"\ud83e\udd29\" width=\"16\" height=\"16\"><\/span> Lohelaager on \u00fcritus, kus plaanid paneb paika ilm \u2013 kui on tuuline, surfame; kui ei ole, igav ei hakka, sest p\u00e4evad on t\u00e4idetud p\u00f5nevate tegevustega.<\/div>\n<div>&nbsp;<\/div>\n<div class=\"x11i5rnm xat24cr x1mh8g0r x1vvkbs xtlvy1s\"><strong>Timeline<\/strong><\/div>\n<div>&nbsp;<\/div>\n<h3 class=\"x11i5rnm xat24cr x1mh8g0r x1vvkbs xtlvy1s\">Info edastame peatselt, seniks tugevat tuult ja pikki laineid \ud83d\ude09<\/h3>\n<div>&nbsp;<\/div>\n<div class=\"x11i5rnm xat24cr x1mh8g0r x1vvkbs xtlvy1s\"><strong>Camp fee includes<\/strong>:<\/div>\n<ul>\n<li class=\"x11i5rnm xat24cr x1mh8g0r x1vvkbs xtlvy1s\">Use of Ranna Surfik\u00fcla inventory (electricity, washing, toilets, sauna)<\/li>\n<li>Planned activities<\/li>\n<\/ul>\n<p><strong>Camp fee not included<\/strong>:<\/p>\n<ul>\n<li class=\"x11i5rnm xat24cr x1mh8g0r x1vvkbs xtlvy1s\">Accommodation and meals for an additional fee (you can find the right one in the options).<\/li>\n<li class=\"x11i5rnm xat24cr x1mh8g0r x1vvkbs xtlvy1s\">Catering on site according to the menu. Payment on site in cash or by card.<\/li>\n<li>Kitesurfing personal training. Ask for a separate offer <a href=\"mailto:info@surfmaster.ee\">info@surfmaster.ee<\/a><\/li>\n<li>Kitesurfing and other surfing equipment rental. The price list can be found here&nbsp;<a href=\"https:\/\/surfmaster.ee\/en\/koolitused-rent\/\">https:\/\/surfmaster.ee\/koolitused-rent\/<\/a><\/li>\n<li>Extracurricular activities.<\/li>\n<\/ul>\n<h3>More information below<\/h3>","protected":false},"featured_media":4966,"template":"","meta":{"_acf_changed":false,"ngg_post_thumbnail":0},"product_brand":[],"product_cat":[29],"product_tag":[103],"class_list":{"0":"post-4305","1":"product","2":"type-product","3":"status-publish","4":"has-post-thumbnail","6":"product_cat-surfilaager","7":"product_tag-laager","9":"first","10":"instock","11":"taxable","12":"shipping-taxable","13":"purchasable","14":"product-type-variable"},"acf":[],"yoast_head":"<!-- This site is optimized with the Yoast SEO plugin v27.3 - https:\/\/yoast.com\/product\/yoast-seo-wordpress\/ -->\n<title>Lohelaager Hiiumaal - Surfmaster<\/title>\n<meta name=\"description\" content=\"Ranna Surfik\u00fclas Hiiumaal toimub surfaritele m\u00f5eldud laager. Tule puhka ja surfa paradiisi saarel ja naudi m\u00f5nusat seltskonda. Kohtume Hiiumaal!\" \/>\n<meta name=\"robots\" content=\"index, follow, max-snippet:-1, max-image-preview:large, max-video-preview:-1\" \/>\n<link rel=\"canonical\" href=\"https:\/\/surfmaster.ee\/en\/kite-surfcamp\/\" \/>\n<meta property=\"og:locale\" content=\"en_US\" \/>\n<meta property=\"og:type\" content=\"article\" \/>\n<meta property=\"og:title\" content=\"Lohelaager Hiiumaal - Surfmaster\" \/>\n<meta property=\"og:description\" content=\"Ranna Surfik\u00fclas Hiiumaal toimub surfaritele m\u00f5eldud laager. Tule puhka ja surfa paradiisi saarel ja naudi m\u00f5nusat seltskonda. Kohtume Hiiumaal!\" \/>\n<meta property=\"og:url\" content=\"https:\/\/surfmaster.ee\/en\/kite-surfcamp\/\" \/>\n<meta property=\"og:site_name\" content=\"Surfmaster\" \/>\n<meta property=\"article:modified_time\" content=\"2025-01-23T07:55:35+00:00\" \/>\n<meta property=\"og:image\" content=\"https:\/\/surfmaster.ee\/wp-content\/uploads\/2024\/04\/20200215_REEDIN_CAPE_TOWN_3550_YDWER-2_1_1024x1024.jpg.webp\" \/>\n\t<meta property=\"og:image:width\" content=\"1024\" \/>\n\t<meta property=\"og:image:height\" content=\"683\" \/>\n\t<meta property=\"og:image:type\" content=\"image\/webp\" \/>\n<meta name=\"twitter:card\" content=\"summary_large_image\" \/>\n<meta name=\"twitter:label1\" content=\"Est. reading time\" \/>\n\t<meta name=\"twitter:data1\" content=\"2 minutes\" \/>\n<script type=\"application\/ld+json\" class=\"yoast-schema-graph\">{\"@context\":\"https:\\\/\\\/schema.org\",\"@graph\":[{\"@type\":\"WebPage\",\"@id\":\"https:\\\/\\\/surfmaster.ee\\\/kite-surfcamp\\\/\",\"url\":\"https:\\\/\\\/surfmaster.ee\\\/kite-surfcamp\\\/\",\"name\":\"Lohelaager Hiiumaal - Surfmaster\",\"isPartOf\":{\"@id\":\"https:\\\/\\\/surfmaster.ee\\\/#website\"},\"primaryImageOfPage\":{\"@id\":\"https:\\\/\\\/surfmaster.ee\\\/kite-surfcamp\\\/#primaryimage\"},\"image\":{\"@id\":\"https:\\\/\\\/surfmaster.ee\\\/kite-surfcamp\\\/#primaryimage\"},\"thumbnailUrl\":\"https:\\\/\\\/surfmaster.ee\\\/wp-content\\\/uploads\\\/2024\\\/04\\\/20200215_REEDIN_CAPE_TOWN_3550_YDWER-2_1_1024x1024.jpg.webp\",\"datePublished\":\"2023-05-20T13:44:06+00:00\",\"dateModified\":\"2025-01-23T07:55:35+00:00\",\"description\":\"Ranna Surfik\u00fclas Hiiumaal toimub surfaritele m\u00f5eldud laager. Tule puhka ja surfa paradiisi saarel ja naudi m\u00f5nusat seltskonda. Kohtume Hiiumaal!\",\"breadcrumb\":{\"@id\":\"https:\\\/\\\/surfmaster.ee\\\/kite-surfcamp\\\/#breadcrumb\"},\"inLanguage\":\"en-US\",\"potentialAction\":[{\"@type\":\"ReadAction\",\"target\":[\"https:\\\/\\\/surfmaster.ee\\\/kite-surfcamp\\\/\"]}]},{\"@type\":\"ImageObject\",\"inLanguage\":\"en-US\",\"@id\":\"https:\\\/\\\/surfmaster.ee\\\/kite-surfcamp\\\/#primaryimage\",\"url\":\"https:\\\/\\\/surfmaster.ee\\\/wp-content\\\/uploads\\\/2024\\\/04\\\/20200215_REEDIN_CAPE_TOWN_3550_YDWER-2_1_1024x1024.jpg.webp\",\"contentUrl\":\"https:\\\/\\\/surfmaster.ee\\\/wp-content\\\/uploads\\\/2024\\\/04\\\/20200215_REEDIN_CAPE_TOWN_3550_YDWER-2_1_1024x1024.jpg.webp\",\"width\":1024,\"height\":683},{\"@type\":\"BreadcrumbList\",\"@id\":\"https:\\\/\\\/surfmaster.ee\\\/kite-surfcamp\\\/#breadcrumb\",\"itemListElement\":[{\"@type\":\"ListItem\",\"position\":1,\"name\":\"Home\",\"item\":\"https:\\\/\\\/surfmaster.ee\\\/\"},{\"@type\":\"ListItem\",\"position\":2,\"name\":\"Lohelaager Hiiumaal\"}]},{\"@type\":\"WebSite\",\"@id\":\"https:\\\/\\\/surfmaster.ee\\\/#website\",\"url\":\"https:\\\/\\\/surfmaster.ee\\\/\",\"name\":\"Surfmaster\",\"description\":\"SurfMaster Surfikool\",\"publisher\":{\"@id\":\"https:\\\/\\\/surfmaster.ee\\\/#organization\"},\"potentialAction\":[{\"@type\":\"SearchAction\",\"target\":{\"@type\":\"EntryPoint\",\"urlTemplate\":\"https:\\\/\\\/surfmaster.ee\\\/?s={search_term_string}\"},\"query-input\":{\"@type\":\"PropertyValueSpecification\",\"valueRequired\":true,\"valueName\":\"search_term_string\"}}],\"inLanguage\":\"en-US\"},{\"@type\":\"Organization\",\"@id\":\"https:\\\/\\\/surfmaster.ee\\\/#organization\",\"name\":\"Surfmaster\",\"url\":\"https:\\\/\\\/surfmaster.ee\\\/\",\"logo\":{\"@type\":\"ImageObject\",\"inLanguage\":\"en-US\",\"@id\":\"https:\\\/\\\/surfmaster.ee\\\/#\\\/schema\\\/logo\\\/image\\\/\",\"url\":\"https:\\\/\\\/surfmaster.ee\\\/wp-content\\\/uploads\\\/2022\\\/03\\\/Asset-4@2x.png\",\"contentUrl\":\"https:\\\/\\\/surfmaster.ee\\\/wp-content\\\/uploads\\\/2022\\\/03\\\/Asset-4@2x.png\",\"width\":1130,\"height\":1070,\"caption\":\"Surfmaster\"},\"image\":{\"@id\":\"https:\\\/\\\/surfmaster.ee\\\/#\\\/schema\\\/logo\\\/image\\\/\"}}]}<\/script>\n<!-- \/ Yoast SEO plugin. -->","yoast_head_json":{"title":"Lohelaager Hiiumaal - Surfmaster","description":"Ranna Surfik\u00fclas Hiiumaal toimub surfaritele m\u00f5eldud laager. Tule puhka ja surfa paradiisi saarel ja naudi m\u00f5nusat seltskonda. Kohtume Hiiumaal!","robots":{"index":"index","follow":"follow","max-snippet":"max-snippet:-1","max-image-preview":"max-image-preview:large","max-video-preview":"max-video-preview:-1"},"canonical":"https:\/\/surfmaster.ee\/en\/kite-surfcamp\/","og_locale":"en_US","og_type":"article","og_title":"Lohelaager Hiiumaal - Surfmaster","og_description":"Ranna Surfik\u00fclas Hiiumaal toimub surfaritele m\u00f5eldud laager. Tule puhka ja surfa paradiisi saarel ja naudi m\u00f5nusat seltskonda. Kohtume Hiiumaal!","og_url":"https:\/\/surfmaster.ee\/en\/kite-surfcamp\/","og_site_name":"Surfmaster","article_modified_time":"2025-01-23T07:55:35+00:00","og_image":[{"width":1024,"height":683,"url":"https:\/\/surfmaster.ee\/wp-content\/uploads\/2024\/04\/20200215_REEDIN_CAPE_TOWN_3550_YDWER-2_1_1024x1024.jpg.webp","type":"image\/webp"}],"twitter_card":"summary_large_image","twitter_misc":{"Est. reading time":"2 minutes"},"schema":{"@context":"https:\/\/schema.org","@graph":[{"@type":"WebPage","@id":"https:\/\/surfmaster.ee\/kite-surfcamp\/","url":"https:\/\/surfmaster.ee\/kite-surfcamp\/","name":"Lohelaager Hiiumaal - Surfmaster","isPartOf":{"@id":"https:\/\/surfmaster.ee\/#website"},"primaryImageOfPage":{"@id":"https:\/\/surfmaster.ee\/kite-surfcamp\/#primaryimage"},"image":{"@id":"https:\/\/surfmaster.ee\/kite-surfcamp\/#primaryimage"},"thumbnailUrl":"https:\/\/surfmaster.ee\/wp-content\/uploads\/2024\/04\/20200215_REEDIN_CAPE_TOWN_3550_YDWER-2_1_1024x1024.jpg.webp","datePublished":"2023-05-20T13:44:06+00:00","dateModified":"2025-01-23T07:55:35+00:00","description":"Ranna Surfik\u00fclas Hiiumaal toimub surfaritele m\u00f5eldud laager. Tule puhka ja surfa paradiisi saarel ja naudi m\u00f5nusat seltskonda. Kohtume Hiiumaal!","breadcrumb":{"@id":"https:\/\/surfmaster.ee\/kite-surfcamp\/#breadcrumb"},"inLanguage":"en-US","potentialAction":[{"@type":"ReadAction","target":["https:\/\/surfmaster.ee\/kite-surfcamp\/"]}]},{"@type":"ImageObject","inLanguage":"en-US","@id":"https:\/\/surfmaster.ee\/kite-surfcamp\/#primaryimage","url":"https:\/\/surfmaster.ee\/wp-content\/uploads\/2024\/04\/20200215_REEDIN_CAPE_TOWN_3550_YDWER-2_1_1024x1024.jpg.webp","contentUrl":"https:\/\/surfmaster.ee\/wp-content\/uploads\/2024\/04\/20200215_REEDIN_CAPE_TOWN_3550_YDWER-2_1_1024x1024.jpg.webp","width":1024,"height":683},{"@type":"BreadcrumbList","@id":"https:\/\/surfmaster.ee\/kite-surfcamp\/#breadcrumb","itemListElement":[{"@type":"ListItem","position":1,"name":"Home","item":"https:\/\/surfmaster.ee\/"},{"@type":"ListItem","position":2,"name":"Lohelaager Hiiumaal"}]},{"@type":"WebSite","@id":"https:\/\/surfmaster.ee\/#website","url":"https:\/\/surfmaster.ee\/","name":"Surfmaster","description":"SurfMaster Surfikool","publisher":{"@id":"https:\/\/surfmaster.ee\/#organization"},"potentialAction":[{"@type":"SearchAction","target":{"@type":"EntryPoint","urlTemplate":"https:\/\/surfmaster.ee\/?s={search_term_string}"},"query-input":{"@type":"PropertyValueSpecification","valueRequired":true,"valueName":"search_term_string"}}],"inLanguage":"en-US"},{"@type":"Organization","@id":"https:\/\/surfmaster.ee\/#organization","name":"Surfmaster","url":"https:\/\/surfmaster.ee\/","logo":{"@type":"ImageObject","inLanguage":"en-US","@id":"https:\/\/surfmaster.ee\/#\/schema\/logo\/image\/","url":"https:\/\/surfmaster.ee\/wp-content\/uploads\/2022\/03\/Asset-4@2x.png","contentUrl":"https:\/\/surfmaster.ee\/wp-content\/uploads\/2022\/03\/Asset-4@2x.png","width":1130,"height":1070,"caption":"Surfmaster"},"image":{"@id":"https:\/\/surfmaster.ee\/#\/schema\/logo\/image\/"}}]}},"_links":{"self":[{"href":"https:\/\/surfmaster.ee\/en\/wp-json\/wp\/v2\/product\/4305","targetHints":{"allow":["GET"]}}],"collection":[{"href":"https:\/\/surfmaster.ee\/en\/wp-json\/wp\/v2\/product"}],"about":[{"href":"https:\/\/surfmaster.ee\/en\/wp-json\/wp\/v2\/types\/product"}],"wp:featuredmedia":[{"embeddable":true,"href":"https:\/\/surfmaster.ee\/en\/wp-json\/wp\/v2\/media\/4966"}],"wp:attachment":[{"href":"https:\/\/surfmaster.ee\/en\/wp-json\/wp\/v2\/media?parent=4305"}],"wp:term":[{"taxonomy":"product_brand","embeddable":true,"href":"https:\/\/surfmaster.ee\/en\/wp-json\/wp\/v2\/product_brand?post=4305"},{"taxonomy":"product_cat","embeddable":true,"href":"https:\/\/surfmaster.ee\/en\/wp-json\/wp\/v2\/product_cat?post=4305"},{"taxonomy":"product_tag","embeddable":true,"href":"https:\/\/surfmaster.ee\/en\/wp-json\/wp\/v2\/product_tag?post=4305"}],"curies":[{"name":"wp","href":"https:\/\/api.w.org\/{rel}","templated":true}]}}