{"id":4400,"date":"2023-06-05T12:48:22","date_gmt":"2023-06-05T09:48:22","guid":{"rendered":"https:\/\/surfmaster.ee\/?post_type=product&#038;p=4400"},"modified":"2024-11-06T17:16:00","modified_gmt":"2024-11-06T15:16:00","slug":"jaanipaev-hiiumaa","status":"publish","type":"product","link":"https:\/\/surfmaster.ee\/en\/jaanipaev-hiiumaa\/","title":{"rendered":"Midsummer in Ranna Surf Village"},"content":{"rendered":"<h3><strong>Would you like to receive more information?<\/strong><\/h3>\n<p>Risto tel: 56686766 e-mail: <a href=\"mailto:info@surfmaster.ee\">info@surfmaster.ee<\/a> &nbsp;Surfi ja muud tegevused.<\/p>\n<p>Riho tel: 5071378 e-mail: <a href=\"mailto:info@allclean.ee\">info@allclean.ee<\/a> &nbsp;For questions related to accommodation and catering, please feel free to ask.<\/p>\n<p><strong>Majutusinfo ja broneerimine \u00fcleval ka booking.com <\/strong><a href=\"https:\/\/www.booking.com\/hotel\/ee\/ranna-surfikula.et.html\">https:\/\/www.booking.com\/hotel\/ee\/ranna-surfikula.et.html<\/a><\/p>\n<p><em><strong>\u00d6\u00f6bimise v\u00f5imalused Ranna Surfik\u00fclas. Hinnad on toodud valikus 1 \u00f6\u00f6. Uuri saadavust enne broneerimist.&nbsp;<\/strong><\/em><\/p>\n<ol>\n<li>&nbsp;Glamping telk, mahutab 2 osalejat. Peredele eraldi gl\u00e4mpingud vastavalt laste arvule.<em>&nbsp;Glamping telk on sisustatud m\u00f6\u00f6bliga ja k\u00fcttekoldega ning kaheinimese voodiga koos voodipesuga. Lisavoodi v\u00f5imalus.<\/em><\/li>\n<li>&nbsp;Surf bus, 2 seats. The surf bus comfortably accommodates two participants for the night. NB! <em>&nbsp;. The surf bus has a double bed with bed linen.<\/em><\/li>\n<li>Hammock tent<em>&nbsp; mahutab 2 osalejat. NB! Hammock telki palun kaasa v\u00f5tta isiklik magamiskott v\u00f5i tekk ja padi.<\/em><\/li>\n<li>Safari telk.<strong>&nbsp;<\/strong>Telki mahub kuni 8 osalejat. Telk on sisustatud \u00f5hkmadratsitega ja&nbsp;koos voodipesuga.<\/li>\n<li>Suures majas (teisel korrusel madratsil) mahutab kuni 20 osalejat.&nbsp;<em>NB! Sisustatud \u00f5hkmadratsitega ja&nbsp;koos voodipesuga.<\/em><\/li>\n<li>Caravan site<em><strong>&nbsp;&nbsp;<\/strong><\/em><em>Osalejatel on v\u00f5imalus tulla laagrisse matkaautoga ja parkida rannaniidul.<\/em><\/li>\n<li>I come to the camp with my tent. At the camp, pitch your tent in the camping area and take sleeping clothes with you.&nbsp;<\/li>\n<li>Ilma \u00f6\u00f6bimiseta. NB!&nbsp;Laagris osaleja ei \u00f6\u00f6bi laagri territooriumil.<\/li>\n<\/ol>\n<p><strong>See you in Hiiumaa!<\/strong><\/p>","protected":false},"excerpt":{"rendered":"<h3>Jaanip\u00e4ev Ranna Surfik\u00fclas, Hiiumaal 2024.<\/h3>\n<p>Event time:<\/p>\n<p><strong>22-24.06.2024.<\/strong><\/p>\n<p><em><strong>\u00dcritus on k\u00f5igile TASUTA<\/strong><\/em><\/p>\n<div class=\"xdj266r x11i5rnm xat24cr x1mh8g0r x1vvkbs\">Ranna Surfik\u00fcla ametlik suvehooaja avamine toimub Jaanip\u00e4eval. Jaanip\u00e4eva tegevused on traditsioonised ja hiidlastele meelep\u00e4rased.<\/div>\n<div>&nbsp;<\/div>\n<div>Mida teeme:<\/div>\n<ul>\n<li>Jaanil\u00f5ke toimub 22.06.2024 Suurerannas mere \u00e4\u00e4res.<\/li>\n<li>Teeme sauna ja pakume hiidlaste terviseleili.<\/li>\n<li>Hiidlase k\u00f6ie t\u00f5mbamise v\u00f5istlus.<\/li>\n<li>Viskame hiidlase kummikut kauguse peale.<\/li>\n<li>Ajame lusikat hiidlase kombel riietest l\u00e4bi<\/li>\n<li>Otsime seda \u00f5iget hiidlase s\u00f5najala\u00f5it ja jaaniussikest.<\/li>\n<li>Tanstime hiidlase kombel l\u00f5kke \u00e4\u00e4res ja puhkame.<\/li>\n<li>Aerusurfi matk Jaanip\u00e4eval kell 20.00-21.30 (22,23,24 juuni). Matkad toimuvad, kui on v\u00e4hemalt 5 osalejat. Hind 20 eur\/osaleja koos varustuse ja matkajuhiga. Matka kestvus 1.5 tundi. Broneeri koht <a href=\"mailto:info@surfmaster.ee\">info@surfmaster.ee<\/a> tel: 56686766<\/li>\n<li>Lastele tasuta SKIMBOARD rent<\/li>\n<li>Rendiks aerusurfi varustus 15 eur eur\/tund. Mega SUP-i laua rent 35 eur\/tund<\/li>\n<\/ul>\n<div><span class=\"x3nfvp2 x1j61x8r x1fcty0u xdj266r xhhsvwb xat24cr xgzva0m xxymvpz xlup9mm x1kky2od\"><img decoding=\"async\" src=\"https:\/\/static.xx.fbcdn.net\/images\/emoji.php\/v9\/t2a\/2\/16\/1f3dd.png\" alt=\"\ud83c\udfdd\" width=\"16\" height=\"16\"><\/span>SUVI JA PUHKUS ON HIIUMAAL<\/div>\n<p><em><strong>Lisatasu eest:<\/strong><\/em><\/p>\n<ul>\n<li>\u00d6\u00f6bimine Ranna Surfik\u00fclas (vastavalt valikule). Enne broneerimist, uuri saadavust. Majutuse hinnad on toodud valikus 1 \u00f6\u00f6 hindadega. Riho tel: 5071378 e-mail: <a href=\"mailto:info@allclean.ee\">info@allclean.ee<\/a>&nbsp;<\/li>\n<li>Avatud on surfikohvik ja baar. Toitlustamine vastavalt men\u00fc\u00fcle. Tasumine kohapeal sularahas v\u00f5i kaardiga.<\/li>\n<li>Surfivarustuse rent vastavalt hinnakirjale.<\/li>\n<li>Surfikoolitused vastavalt hinnakirjale. Vajalik eelneb broneerimine <a href=\"mailto:info@surfmaster.ee\">info@surfmaster.ee<\/a> v\u00f5i helista 56686766<\/li>\n<\/ul>\n<h3>More information below<\/h3>","protected":false},"featured_media":4884,"template":"","meta":{"_acf_changed":false,"ngg_post_thumbnail":0},"product_brand":[],"product_cat":[146,29],"product_tag":[103],"class_list":{"0":"post-4400","1":"product","2":"type-product","3":"status-publish","4":"has-post-thumbnail","6":"product_cat-surfikula","7":"product_cat-surfilaager","8":"product_tag-laager","10":"first","11":"instock","12":"taxable","13":"shipping-taxable","14":"purchasable","15":"product-type-variable"},"acf":[],"yoast_head":"<!-- This site is optimized with the Yoast SEO plugin v27.3 - https:\/\/yoast.com\/product\/yoast-seo-wordpress\/ -->\n<title>Jaanip\u00e4ev Ranna Surfik\u00fclas - Surfmaster<\/title>\n<meta name=\"description\" content=\"Ranna Surfik\u00fclas Hiiumaal toimub jaanip\u00e4ev. Tule puhka ja surfa paradiisi saarel ja naudi m\u00f5nusat seltskonda. Kohtume Hiiumaal!\" \/>\n<meta name=\"robots\" content=\"index, follow, max-snippet:-1, max-image-preview:large, max-video-preview:-1\" \/>\n<link rel=\"canonical\" href=\"https:\/\/surfmaster.ee\/en\/jaanipaev-hiiumaa\/\" \/>\n<meta property=\"og:locale\" content=\"en_US\" \/>\n<meta property=\"og:type\" content=\"article\" \/>\n<meta property=\"og:title\" content=\"Jaanip\u00e4ev Ranna Surfik\u00fclas - Surfmaster\" \/>\n<meta property=\"og:description\" content=\"Ranna Surfik\u00fclas Hiiumaal toimub jaanip\u00e4ev. Tule puhka ja surfa paradiisi saarel ja naudi m\u00f5nusat seltskonda. Kohtume Hiiumaal!\" \/>\n<meta property=\"og:url\" content=\"https:\/\/surfmaster.ee\/en\/jaanipaev-hiiumaa\/\" \/>\n<meta property=\"og:site_name\" content=\"Surfmaster\" \/>\n<meta property=\"article:modified_time\" content=\"2024-11-06T15:16:00+00:00\" \/>\n<meta property=\"og:image\" content=\"https:\/\/surfmaster.ee\/wp-content\/uploads\/2023\/06\/Summer.jpg\" \/>\n\t<meta property=\"og:image:width\" content=\"1640\" \/>\n\t<meta property=\"og:image:height\" content=\"924\" \/>\n\t<meta property=\"og:image:type\" content=\"image\/jpeg\" \/>\n<meta name=\"twitter:card\" content=\"summary_large_image\" \/>\n<meta name=\"twitter:label1\" content=\"Est. reading time\" \/>\n\t<meta name=\"twitter:data1\" content=\"2 minutes\" \/>\n<script type=\"application\/ld+json\" class=\"yoast-schema-graph\">{\"@context\":\"https:\\\/\\\/schema.org\",\"@graph\":[{\"@type\":\"WebPage\",\"@id\":\"https:\\\/\\\/surfmaster.ee\\\/jaanipaev-hiiumaa\\\/\",\"url\":\"https:\\\/\\\/surfmaster.ee\\\/jaanipaev-hiiumaa\\\/\",\"name\":\"Jaanip\u00e4ev Ranna Surfik\u00fclas - Surfmaster\",\"isPartOf\":{\"@id\":\"https:\\\/\\\/surfmaster.ee\\\/#website\"},\"primaryImageOfPage\":{\"@id\":\"https:\\\/\\\/surfmaster.ee\\\/jaanipaev-hiiumaa\\\/#primaryimage\"},\"image\":{\"@id\":\"https:\\\/\\\/surfmaster.ee\\\/jaanipaev-hiiumaa\\\/#primaryimage\"},\"thumbnailUrl\":\"https:\\\/\\\/surfmaster.ee\\\/wp-content\\\/uploads\\\/2023\\\/06\\\/Summer.jpg\",\"datePublished\":\"2023-06-05T09:48:22+00:00\",\"dateModified\":\"2024-11-06T15:16:00+00:00\",\"description\":\"Ranna Surfik\u00fclas Hiiumaal toimub jaanip\u00e4ev. Tule puhka ja surfa paradiisi saarel ja naudi m\u00f5nusat seltskonda. Kohtume Hiiumaal!\",\"breadcrumb\":{\"@id\":\"https:\\\/\\\/surfmaster.ee\\\/jaanipaev-hiiumaa\\\/#breadcrumb\"},\"inLanguage\":\"en-US\",\"potentialAction\":[{\"@type\":\"ReadAction\",\"target\":[\"https:\\\/\\\/surfmaster.ee\\\/jaanipaev-hiiumaa\\\/\"]}]},{\"@type\":\"ImageObject\",\"inLanguage\":\"en-US\",\"@id\":\"https:\\\/\\\/surfmaster.ee\\\/jaanipaev-hiiumaa\\\/#primaryimage\",\"url\":\"https:\\\/\\\/surfmaster.ee\\\/wp-content\\\/uploads\\\/2023\\\/06\\\/Summer.jpg\",\"contentUrl\":\"https:\\\/\\\/surfmaster.ee\\\/wp-content\\\/uploads\\\/2023\\\/06\\\/Summer.jpg\",\"width\":1640,\"height\":924},{\"@type\":\"BreadcrumbList\",\"@id\":\"https:\\\/\\\/surfmaster.ee\\\/jaanipaev-hiiumaa\\\/#breadcrumb\",\"itemListElement\":[{\"@type\":\"ListItem\",\"position\":1,\"name\":\"Home\",\"item\":\"https:\\\/\\\/surfmaster.ee\\\/\"},{\"@type\":\"ListItem\",\"position\":2,\"name\":\"Jaanip\u00e4ev Ranna Surfik\u00fclas\"}]},{\"@type\":\"WebSite\",\"@id\":\"https:\\\/\\\/surfmaster.ee\\\/#website\",\"url\":\"https:\\\/\\\/surfmaster.ee\\\/\",\"name\":\"Surfmaster\",\"description\":\"SurfMaster Surfikool\",\"publisher\":{\"@id\":\"https:\\\/\\\/surfmaster.ee\\\/#organization\"},\"potentialAction\":[{\"@type\":\"SearchAction\",\"target\":{\"@type\":\"EntryPoint\",\"urlTemplate\":\"https:\\\/\\\/surfmaster.ee\\\/?s={search_term_string}\"},\"query-input\":{\"@type\":\"PropertyValueSpecification\",\"valueRequired\":true,\"valueName\":\"search_term_string\"}}],\"inLanguage\":\"en-US\"},{\"@type\":\"Organization\",\"@id\":\"https:\\\/\\\/surfmaster.ee\\\/#organization\",\"name\":\"Surfmaster\",\"url\":\"https:\\\/\\\/surfmaster.ee\\\/\",\"logo\":{\"@type\":\"ImageObject\",\"inLanguage\":\"en-US\",\"@id\":\"https:\\\/\\\/surfmaster.ee\\\/#\\\/schema\\\/logo\\\/image\\\/\",\"url\":\"https:\\\/\\\/surfmaster.ee\\\/wp-content\\\/uploads\\\/2022\\\/03\\\/Asset-4@2x.png\",\"contentUrl\":\"https:\\\/\\\/surfmaster.ee\\\/wp-content\\\/uploads\\\/2022\\\/03\\\/Asset-4@2x.png\",\"width\":1130,\"height\":1070,\"caption\":\"Surfmaster\"},\"image\":{\"@id\":\"https:\\\/\\\/surfmaster.ee\\\/#\\\/schema\\\/logo\\\/image\\\/\"}}]}<\/script>\n<!-- \/ Yoast SEO plugin. -->","yoast_head_json":{"title":"Jaanip\u00e4ev Ranna Surfik\u00fclas - Surfmaster","description":"Ranna Surfik\u00fclas Hiiumaal toimub jaanip\u00e4ev. Tule puhka ja surfa paradiisi saarel ja naudi m\u00f5nusat seltskonda. Kohtume Hiiumaal!","robots":{"index":"index","follow":"follow","max-snippet":"max-snippet:-1","max-image-preview":"max-image-preview:large","max-video-preview":"max-video-preview:-1"},"canonical":"https:\/\/surfmaster.ee\/en\/jaanipaev-hiiumaa\/","og_locale":"en_US","og_type":"article","og_title":"Jaanip\u00e4ev Ranna Surfik\u00fclas - Surfmaster","og_description":"Ranna Surfik\u00fclas Hiiumaal toimub jaanip\u00e4ev. Tule puhka ja surfa paradiisi saarel ja naudi m\u00f5nusat seltskonda. Kohtume Hiiumaal!","og_url":"https:\/\/surfmaster.ee\/en\/jaanipaev-hiiumaa\/","og_site_name":"Surfmaster","article_modified_time":"2024-11-06T15:16:00+00:00","og_image":[{"width":1640,"height":924,"url":"https:\/\/surfmaster.ee\/wp-content\/uploads\/2023\/06\/Summer.jpg","type":"image\/jpeg"}],"twitter_card":"summary_large_image","twitter_misc":{"Est. reading time":"2 minutes"},"schema":{"@context":"https:\/\/schema.org","@graph":[{"@type":"WebPage","@id":"https:\/\/surfmaster.ee\/jaanipaev-hiiumaa\/","url":"https:\/\/surfmaster.ee\/jaanipaev-hiiumaa\/","name":"Jaanip\u00e4ev Ranna Surfik\u00fclas - Surfmaster","isPartOf":{"@id":"https:\/\/surfmaster.ee\/#website"},"primaryImageOfPage":{"@id":"https:\/\/surfmaster.ee\/jaanipaev-hiiumaa\/#primaryimage"},"image":{"@id":"https:\/\/surfmaster.ee\/jaanipaev-hiiumaa\/#primaryimage"},"thumbnailUrl":"https:\/\/surfmaster.ee\/wp-content\/uploads\/2023\/06\/Summer.jpg","datePublished":"2023-06-05T09:48:22+00:00","dateModified":"2024-11-06T15:16:00+00:00","description":"Ranna Surfik\u00fclas Hiiumaal toimub jaanip\u00e4ev. Tule puhka ja surfa paradiisi saarel ja naudi m\u00f5nusat seltskonda. Kohtume Hiiumaal!","breadcrumb":{"@id":"https:\/\/surfmaster.ee\/jaanipaev-hiiumaa\/#breadcrumb"},"inLanguage":"en-US","potentialAction":[{"@type":"ReadAction","target":["https:\/\/surfmaster.ee\/jaanipaev-hiiumaa\/"]}]},{"@type":"ImageObject","inLanguage":"en-US","@id":"https:\/\/surfmaster.ee\/jaanipaev-hiiumaa\/#primaryimage","url":"https:\/\/surfmaster.ee\/wp-content\/uploads\/2023\/06\/Summer.jpg","contentUrl":"https:\/\/surfmaster.ee\/wp-content\/uploads\/2023\/06\/Summer.jpg","width":1640,"height":924},{"@type":"BreadcrumbList","@id":"https:\/\/surfmaster.ee\/jaanipaev-hiiumaa\/#breadcrumb","itemListElement":[{"@type":"ListItem","position":1,"name":"Home","item":"https:\/\/surfmaster.ee\/"},{"@type":"ListItem","position":2,"name":"Jaanip\u00e4ev Ranna Surfik\u00fclas"}]},{"@type":"WebSite","@id":"https:\/\/surfmaster.ee\/#website","url":"https:\/\/surfmaster.ee\/","name":"Surfmaster","description":"SurfMaster Surfikool","publisher":{"@id":"https:\/\/surfmaster.ee\/#organization"},"potentialAction":[{"@type":"SearchAction","target":{"@type":"EntryPoint","urlTemplate":"https:\/\/surfmaster.ee\/?s={search_term_string}"},"query-input":{"@type":"PropertyValueSpecification","valueRequired":true,"valueName":"search_term_string"}}],"inLanguage":"en-US"},{"@type":"Organization","@id":"https:\/\/surfmaster.ee\/#organization","name":"Surfmaster","url":"https:\/\/surfmaster.ee\/","logo":{"@type":"ImageObject","inLanguage":"en-US","@id":"https:\/\/surfmaster.ee\/#\/schema\/logo\/image\/","url":"https:\/\/surfmaster.ee\/wp-content\/uploads\/2022\/03\/Asset-4@2x.png","contentUrl":"https:\/\/surfmaster.ee\/wp-content\/uploads\/2022\/03\/Asset-4@2x.png","width":1130,"height":1070,"caption":"Surfmaster"},"image":{"@id":"https:\/\/surfmaster.ee\/#\/schema\/logo\/image\/"}}]}},"_links":{"self":[{"href":"https:\/\/surfmaster.ee\/en\/wp-json\/wp\/v2\/product\/4400","targetHints":{"allow":["GET"]}}],"collection":[{"href":"https:\/\/surfmaster.ee\/en\/wp-json\/wp\/v2\/product"}],"about":[{"href":"https:\/\/surfmaster.ee\/en\/wp-json\/wp\/v2\/types\/product"}],"wp:featuredmedia":[{"embeddable":true,"href":"https:\/\/surfmaster.ee\/en\/wp-json\/wp\/v2\/media\/4884"}],"wp:attachment":[{"href":"https:\/\/surfmaster.ee\/en\/wp-json\/wp\/v2\/media?parent=4400"}],"wp:term":[{"taxonomy":"product_brand","embeddable":true,"href":"https:\/\/surfmaster.ee\/en\/wp-json\/wp\/v2\/product_brand?post=4400"},{"taxonomy":"product_cat","embeddable":true,"href":"https:\/\/surfmaster.ee\/en\/wp-json\/wp\/v2\/product_cat?post=4400"},{"taxonomy":"product_tag","embeddable":true,"href":"https:\/\/surfmaster.ee\/en\/wp-json\/wp\/v2\/product_tag?post=4400"}],"curies":[{"name":"wp","href":"https:\/\/api.w.org\/{rel}","templated":true}]}}