{"id":5034,"date":"2024-05-23T13:12:17","date_gmt":"2024-05-23T10:12:17","guid":{"rendered":"https:\/\/surfmaster.ee\/?post_type=product&#038;p=5034"},"modified":"2025-03-17T15:16:48","modified_gmt":"2025-03-17T13:16:48","slug":"veelaua-soit-paaditaga","status":"publish","type":"product","link":"https:\/\/surfmaster.ee\/en\/veelaua-soit-paaditaga\/","title":{"rendered":"Waterboarding by boat"},"content":{"rendered":"","protected":false},"excerpt":{"rendered":"<h2>Veelauas\u00f5it paaditaga&nbsp;<\/h2>\n<p>Tuuletu ilmaga saab meie juures veelauaga s\u00f5ita paaditaga!<\/p>\n<p>S\u00f5itmiseks ei pea sul olema varasemat kogemust.<\/p>\n<p>Tavaliselt kulub 10-20 minutit p\u00f5hit\u00f5dede selgeks saamisele ja suudad laual p\u00fcsida. Kui sul on olemas varasem surfilaua v\u00f5i lumelaua kogemus, siis piisab m\u00f5nest katsest, et arusaada, kuidas veelauaga liuelda.<\/p>\n<p>Samal ajal kui sina vees toimetad v\u00f5ivad sinu kaaslased s\u00f5ita kaasa mootorpaadis ja nautida kogu tegevust paadis.&nbsp;<\/p>\n<p>Teeme sulle kohapeal koolituse, pakume varustuse (laud ja vest).<\/p>\n<p>Mootorpaadiks kasutame Predator Rib 7+1 kohaline.<\/p>\n<p><strong>Valikus on erinevad s\u00f5iduvahendid vastavalt tasemele ja soovile:<\/strong><\/p>\n<ul>\n<li>Veelaud, vastavalt suurusele<\/li>\n<li>Foililaud. Selle lauaga saad veekohal h\u00f5ljuda. Erineva suurusega.<\/li>\n<li>Lainelaud ehk wakesurf. Kui lauaga p\u00e4ris paadi l\u00e4hedale liigud, siis tekib paadilaine, mida saad m\u00f5nusasti \u00e4ra kasutada surfamiseks.<\/li>\n<li>Aerusurfi laud. Kui oled kartlik ja soovid stabiilsust ja mugavust, siis suur laud p\u00e4\u00e4stab p\u00e4eva.<\/li>\n<\/ul>\n<p><strong>The price includes up to<\/strong><\/p>\n<p>Kaatrit koos juhiga, koolitust ja varustuse kasutamist ja p\u00e4\u00e4stevesti. K\u00fclmema ilma puhul ka kalipso renti.<\/p>\n<p>&nbsp;<\/p>","protected":false},"featured_media":5050,"template":"","meta":{"_acf_changed":false,"ngg_post_thumbnail":0},"product_brand":[],"product_cat":[147],"product_tag":[],"class_list":{"0":"post-5034","1":"product","2":"type-product","3":"status-publish","4":"has-post-thumbnail","6":"product_cat-surfikoolitus","8":"first","9":"instock","10":"taxable","11":"shipping-taxable","12":"purchasable","13":"product-type-variable"},"acf":[],"yoast_head":"<!-- This site is optimized with the Yoast SEO plugin v27.3 - https:\/\/yoast.com\/product\/yoast-seo-wordpress\/ -->\n<title>Veelaua s\u00f5it paadiga - Surfmaster surfikool - Surfmaster<\/title>\n<meta name=\"description\" content=\"Aerusurfi koolitus\u00a0on teoreetiline ja praktiline aerusurfi \u00f5petus ning hea v\u00f5imalus s\u00f5pradega sportlikult aega veeta.\" \/>\n<meta name=\"robots\" content=\"index, follow, max-snippet:-1, max-image-preview:large, max-video-preview:-1\" \/>\n<link rel=\"canonical\" href=\"https:\/\/surfmaster.ee\/en\/veelaua-soit-paaditaga\/\" \/>\n<meta property=\"og:locale\" content=\"en_US\" \/>\n<meta property=\"og:type\" content=\"article\" \/>\n<meta property=\"og:title\" content=\"Veelaua s\u00f5it paadiga - Surfmaster surfikool - Surfmaster\" \/>\n<meta property=\"og:description\" content=\"Aerusurfi koolitus\u00a0on teoreetiline ja praktiline aerusurfi \u00f5petus ning hea v\u00f5imalus s\u00f5pradega sportlikult aega veeta.\" \/>\n<meta property=\"og:url\" content=\"https:\/\/surfmaster.ee\/en\/veelaua-soit-paaditaga\/\" \/>\n<meta property=\"og:site_name\" content=\"Surfmaster\" \/>\n<meta property=\"article:modified_time\" content=\"2025-03-17T13:16:48+00:00\" \/>\n<meta property=\"og:image\" content=\"https:\/\/surfmaster.ee\/wp-content\/uploads\/2024\/05\/652c0b06d4c4f-l.jpeg\" \/>\n\t<meta property=\"og:image:width\" content=\"1440\" \/>\n\t<meta property=\"og:image:height\" content=\"900\" \/>\n\t<meta property=\"og:image:type\" content=\"image\/jpeg\" \/>\n<meta name=\"twitter:card\" content=\"summary_large_image\" \/>\n<meta name=\"twitter:label1\" content=\"Est. reading time\" \/>\n\t<meta name=\"twitter:data1\" content=\"1 minute\" \/>\n<script type=\"application\/ld+json\" class=\"yoast-schema-graph\">{\"@context\":\"https:\\\/\\\/schema.org\",\"@graph\":[{\"@type\":\"WebPage\",\"@id\":\"https:\\\/\\\/surfmaster.ee\\\/veelaua-soit-paaditaga\\\/\",\"url\":\"https:\\\/\\\/surfmaster.ee\\\/veelaua-soit-paaditaga\\\/\",\"name\":\"Veelaua s\u00f5it paadiga - Surfmaster surfikool - Surfmaster\",\"isPartOf\":{\"@id\":\"https:\\\/\\\/surfmaster.ee\\\/#website\"},\"primaryImageOfPage\":{\"@id\":\"https:\\\/\\\/surfmaster.ee\\\/veelaua-soit-paaditaga\\\/#primaryimage\"},\"image\":{\"@id\":\"https:\\\/\\\/surfmaster.ee\\\/veelaua-soit-paaditaga\\\/#primaryimage\"},\"thumbnailUrl\":\"https:\\\/\\\/surfmaster.ee\\\/wp-content\\\/uploads\\\/2024\\\/05\\\/652c0b06d4c4f-l.jpeg\",\"datePublished\":\"2024-05-23T10:12:17+00:00\",\"dateModified\":\"2025-03-17T13:16:48+00:00\",\"description\":\"Aerusurfi koolitus\u00a0on teoreetiline ja praktiline aerusurfi \u00f5petus ning hea v\u00f5imalus s\u00f5pradega sportlikult aega veeta.\",\"breadcrumb\":{\"@id\":\"https:\\\/\\\/surfmaster.ee\\\/veelaua-soit-paaditaga\\\/#breadcrumb\"},\"inLanguage\":\"en-US\",\"potentialAction\":[{\"@type\":\"ReadAction\",\"target\":[\"https:\\\/\\\/surfmaster.ee\\\/veelaua-soit-paaditaga\\\/\"]}]},{\"@type\":\"ImageObject\",\"inLanguage\":\"en-US\",\"@id\":\"https:\\\/\\\/surfmaster.ee\\\/veelaua-soit-paaditaga\\\/#primaryimage\",\"url\":\"https:\\\/\\\/surfmaster.ee\\\/wp-content\\\/uploads\\\/2024\\\/05\\\/652c0b06d4c4f-l.jpeg\",\"contentUrl\":\"https:\\\/\\\/surfmaster.ee\\\/wp-content\\\/uploads\\\/2024\\\/05\\\/652c0b06d4c4f-l.jpeg\",\"width\":1440,\"height\":900},{\"@type\":\"BreadcrumbList\",\"@id\":\"https:\\\/\\\/surfmaster.ee\\\/veelaua-soit-paaditaga\\\/#breadcrumb\",\"itemListElement\":[{\"@type\":\"ListItem\",\"position\":1,\"name\":\"Home\",\"item\":\"https:\\\/\\\/surfmaster.ee\\\/\"},{\"@type\":\"ListItem\",\"position\":2,\"name\":\"Veelaua s\u00f5it paadiga\"}]},{\"@type\":\"WebSite\",\"@id\":\"https:\\\/\\\/surfmaster.ee\\\/#website\",\"url\":\"https:\\\/\\\/surfmaster.ee\\\/\",\"name\":\"Surfmaster\",\"description\":\"SurfMaster Surfikool\",\"publisher\":{\"@id\":\"https:\\\/\\\/surfmaster.ee\\\/#organization\"},\"potentialAction\":[{\"@type\":\"SearchAction\",\"target\":{\"@type\":\"EntryPoint\",\"urlTemplate\":\"https:\\\/\\\/surfmaster.ee\\\/?s={search_term_string}\"},\"query-input\":{\"@type\":\"PropertyValueSpecification\",\"valueRequired\":true,\"valueName\":\"search_term_string\"}}],\"inLanguage\":\"en-US\"},{\"@type\":\"Organization\",\"@id\":\"https:\\\/\\\/surfmaster.ee\\\/#organization\",\"name\":\"Surfmaster\",\"url\":\"https:\\\/\\\/surfmaster.ee\\\/\",\"logo\":{\"@type\":\"ImageObject\",\"inLanguage\":\"en-US\",\"@id\":\"https:\\\/\\\/surfmaster.ee\\\/#\\\/schema\\\/logo\\\/image\\\/\",\"url\":\"https:\\\/\\\/surfmaster.ee\\\/wp-content\\\/uploads\\\/2022\\\/03\\\/Asset-4@2x.png\",\"contentUrl\":\"https:\\\/\\\/surfmaster.ee\\\/wp-content\\\/uploads\\\/2022\\\/03\\\/Asset-4@2x.png\",\"width\":1130,\"height\":1070,\"caption\":\"Surfmaster\"},\"image\":{\"@id\":\"https:\\\/\\\/surfmaster.ee\\\/#\\\/schema\\\/logo\\\/image\\\/\"}}]}<\/script>\n<!-- \/ Yoast SEO plugin. -->","yoast_head_json":{"title":"Veelaua s\u00f5it paadiga - Surfmaster surfikool - Surfmaster","description":"Aerusurfi koolitus\u00a0on teoreetiline ja praktiline aerusurfi \u00f5petus ning hea v\u00f5imalus s\u00f5pradega sportlikult aega veeta.","robots":{"index":"index","follow":"follow","max-snippet":"max-snippet:-1","max-image-preview":"max-image-preview:large","max-video-preview":"max-video-preview:-1"},"canonical":"https:\/\/surfmaster.ee\/en\/veelaua-soit-paaditaga\/","og_locale":"en_US","og_type":"article","og_title":"Veelaua s\u00f5it paadiga - Surfmaster surfikool - Surfmaster","og_description":"Aerusurfi koolitus\u00a0on teoreetiline ja praktiline aerusurfi \u00f5petus ning hea v\u00f5imalus s\u00f5pradega sportlikult aega veeta.","og_url":"https:\/\/surfmaster.ee\/en\/veelaua-soit-paaditaga\/","og_site_name":"Surfmaster","article_modified_time":"2025-03-17T13:16:48+00:00","og_image":[{"width":1440,"height":900,"url":"https:\/\/surfmaster.ee\/wp-content\/uploads\/2024\/05\/652c0b06d4c4f-l.jpeg","type":"image\/jpeg"}],"twitter_card":"summary_large_image","twitter_misc":{"Est. reading time":"1 minute"},"schema":{"@context":"https:\/\/schema.org","@graph":[{"@type":"WebPage","@id":"https:\/\/surfmaster.ee\/veelaua-soit-paaditaga\/","url":"https:\/\/surfmaster.ee\/veelaua-soit-paaditaga\/","name":"Veelaua s\u00f5it paadiga - Surfmaster surfikool - Surfmaster","isPartOf":{"@id":"https:\/\/surfmaster.ee\/#website"},"primaryImageOfPage":{"@id":"https:\/\/surfmaster.ee\/veelaua-soit-paaditaga\/#primaryimage"},"image":{"@id":"https:\/\/surfmaster.ee\/veelaua-soit-paaditaga\/#primaryimage"},"thumbnailUrl":"https:\/\/surfmaster.ee\/wp-content\/uploads\/2024\/05\/652c0b06d4c4f-l.jpeg","datePublished":"2024-05-23T10:12:17+00:00","dateModified":"2025-03-17T13:16:48+00:00","description":"Aerusurfi koolitus\u00a0on teoreetiline ja praktiline aerusurfi \u00f5petus ning hea v\u00f5imalus s\u00f5pradega sportlikult aega veeta.","breadcrumb":{"@id":"https:\/\/surfmaster.ee\/veelaua-soit-paaditaga\/#breadcrumb"},"inLanguage":"en-US","potentialAction":[{"@type":"ReadAction","target":["https:\/\/surfmaster.ee\/veelaua-soit-paaditaga\/"]}]},{"@type":"ImageObject","inLanguage":"en-US","@id":"https:\/\/surfmaster.ee\/veelaua-soit-paaditaga\/#primaryimage","url":"https:\/\/surfmaster.ee\/wp-content\/uploads\/2024\/05\/652c0b06d4c4f-l.jpeg","contentUrl":"https:\/\/surfmaster.ee\/wp-content\/uploads\/2024\/05\/652c0b06d4c4f-l.jpeg","width":1440,"height":900},{"@type":"BreadcrumbList","@id":"https:\/\/surfmaster.ee\/veelaua-soit-paaditaga\/#breadcrumb","itemListElement":[{"@type":"ListItem","position":1,"name":"Home","item":"https:\/\/surfmaster.ee\/"},{"@type":"ListItem","position":2,"name":"Veelaua s\u00f5it paadiga"}]},{"@type":"WebSite","@id":"https:\/\/surfmaster.ee\/#website","url":"https:\/\/surfmaster.ee\/","name":"Surfmaster","description":"SurfMaster Surfikool","publisher":{"@id":"https:\/\/surfmaster.ee\/#organization"},"potentialAction":[{"@type":"SearchAction","target":{"@type":"EntryPoint","urlTemplate":"https:\/\/surfmaster.ee\/?s={search_term_string}"},"query-input":{"@type":"PropertyValueSpecification","valueRequired":true,"valueName":"search_term_string"}}],"inLanguage":"en-US"},{"@type":"Organization","@id":"https:\/\/surfmaster.ee\/#organization","name":"Surfmaster","url":"https:\/\/surfmaster.ee\/","logo":{"@type":"ImageObject","inLanguage":"en-US","@id":"https:\/\/surfmaster.ee\/#\/schema\/logo\/image\/","url":"https:\/\/surfmaster.ee\/wp-content\/uploads\/2022\/03\/Asset-4@2x.png","contentUrl":"https:\/\/surfmaster.ee\/wp-content\/uploads\/2022\/03\/Asset-4@2x.png","width":1130,"height":1070,"caption":"Surfmaster"},"image":{"@id":"https:\/\/surfmaster.ee\/#\/schema\/logo\/image\/"}}]}},"_links":{"self":[{"href":"https:\/\/surfmaster.ee\/en\/wp-json\/wp\/v2\/product\/5034","targetHints":{"allow":["GET"]}}],"collection":[{"href":"https:\/\/surfmaster.ee\/en\/wp-json\/wp\/v2\/product"}],"about":[{"href":"https:\/\/surfmaster.ee\/en\/wp-json\/wp\/v2\/types\/product"}],"wp:featuredmedia":[{"embeddable":true,"href":"https:\/\/surfmaster.ee\/en\/wp-json\/wp\/v2\/media\/5050"}],"wp:attachment":[{"href":"https:\/\/surfmaster.ee\/en\/wp-json\/wp\/v2\/media?parent=5034"}],"wp:term":[{"taxonomy":"product_brand","embeddable":true,"href":"https:\/\/surfmaster.ee\/en\/wp-json\/wp\/v2\/product_brand?post=5034"},{"taxonomy":"product_cat","embeddable":true,"href":"https:\/\/surfmaster.ee\/en\/wp-json\/wp\/v2\/product_cat?post=5034"},{"taxonomy":"product_tag","embeddable":true,"href":"https:\/\/surfmaster.ee\/en\/wp-json\/wp\/v2\/product_tag?post=5034"}],"curies":[{"name":"wp","href":"https:\/\/api.w.org\/{rel}","templated":true}]}}