{"id":5052,"date":"2024-05-23T13:51:41","date_gmt":"2024-05-23T10:51:41","guid":{"rendered":"https:\/\/surfmaster.ee\/?post_type=product&#038;p=5052"},"modified":"2025-03-17T15:17:41","modified_gmt":"2025-03-17T13:17:41","slug":"jarelveetava-ronga-soit","status":"publish","type":"product","link":"https:\/\/surfmaster.ee\/en\/jarelveetava-ronga-soit\/","title":{"rendered":"Tow ring ride"},"content":{"rendered":"","protected":false},"excerpt":{"rendered":"<h2>J\u00e4relveetava r\u00f5nga, banaani v\u00f5i megasupi s\u00f5it paadiga.<\/h2>\n<p>V\u00f5imalus s\u00f5ita mootorpaadi taga veetava banaaniga, r\u00f5ngaga v\u00f5i megasup lauaga.<\/p>\n<p>K\u00f5ik s\u00f5itjad peavad kandma p\u00e4\u00e4steveste ja t\u00e4itma k\u00f5iki mereohtusreegleid.<br \/>\nKui teie seltskonnal puudub selle laheda baananis\u00f5idu varasem kogemus, siis loomulikult k\u00e4ime l\u00e4bi p\u00f5hit\u00f5ed ja kordame \u00fcle ohtustehnika.<\/p>\n<p>Mootorpaadiks kasutame Predator Rib 7+1 kohaline.<\/p>\n<p><strong>Valikus on erinevad s\u00f5iduvahendid vastavalt soovile ja osalejate arvule:<\/strong><\/p>\n<ul>\n<li>J\u00e4relveetav r\u00f5ngas max 3 kohta<\/li>\n<li>Banaan max 5 kohta<\/li>\n<li>Megasup laud max 8 kohta<\/li>\n<\/ul>\n<p><strong>The price includes up to<\/strong><\/p>\n<p>Kaatrit koos juhiga, koolitust ja varustuse kasutamist ja p\u00e4\u00e4stevesti. K\u00fclmema ilma puhul ka kalipso renti.<\/p>\n<p>&nbsp;<\/p>","protected":false},"featured_media":5046,"template":"","meta":{"_acf_changed":false,"ngg_post_thumbnail":0},"product_brand":[],"product_cat":[147],"product_tag":[],"class_list":{"0":"post-5052","1":"product","2":"type-product","3":"status-publish","4":"has-post-thumbnail","6":"product_cat-surfikoolitus","8":"first","9":"instock","10":"taxable","11":"shipping-taxable","12":"purchasable","13":"product-type-variable"},"acf":[],"yoast_head":"<!-- This site is optimized with the Yoast SEO plugin v27.3 - https:\/\/yoast.com\/product\/yoast-seo-wordpress\/ -->\n<title>J\u00e4relveetava r\u00f5nga s\u00f5it - Surfmaster surfikool - Surfmaster<\/title>\n<meta name=\"description\" content=\"Aerusurfi koolitus\u00a0on teoreetiline ja praktiline aerusurfi \u00f5petus ning hea v\u00f5imalus s\u00f5pradega sportlikult aega veeta.\" \/>\n<meta name=\"robots\" content=\"index, follow, max-snippet:-1, max-image-preview:large, max-video-preview:-1\" \/>\n<link rel=\"canonical\" href=\"https:\/\/surfmaster.ee\/en\/jarelveetava-ronga-soit\/\" \/>\n<meta property=\"og:locale\" content=\"en_US\" \/>\n<meta property=\"og:type\" content=\"article\" \/>\n<meta property=\"og:title\" content=\"J\u00e4relveetava r\u00f5nga s\u00f5it - Surfmaster surfikool - Surfmaster\" \/>\n<meta property=\"og:description\" content=\"Aerusurfi koolitus\u00a0on teoreetiline ja praktiline aerusurfi \u00f5petus ning hea v\u00f5imalus s\u00f5pradega sportlikult aega veeta.\" \/>\n<meta property=\"og:url\" content=\"https:\/\/surfmaster.ee\/en\/jarelveetava-ronga-soit\/\" \/>\n<meta property=\"og:site_name\" content=\"Surfmaster\" \/>\n<meta property=\"article:modified_time\" content=\"2025-03-17T13:17:41+00:00\" \/>\n<meta property=\"og:image\" content=\"https:\/\/surfmaster.ee\/wp-content\/uploads\/2024\/05\/8400_scout_-_3.jpeg\" \/>\n\t<meta property=\"og:image:width\" content=\"1200\" \/>\n\t<meta property=\"og:image:height\" content=\"800\" \/>\n\t<meta property=\"og:image:type\" content=\"image\/jpeg\" \/>\n<meta name=\"twitter:card\" content=\"summary_large_image\" \/>\n<meta name=\"twitter:label1\" content=\"Est. reading time\" \/>\n\t<meta name=\"twitter:data1\" content=\"1 minute\" \/>\n<script type=\"application\/ld+json\" class=\"yoast-schema-graph\">{\"@context\":\"https:\\\/\\\/schema.org\",\"@graph\":[{\"@type\":\"WebPage\",\"@id\":\"https:\\\/\\\/surfmaster.ee\\\/jarelveetava-ronga-soit\\\/\",\"url\":\"https:\\\/\\\/surfmaster.ee\\\/jarelveetava-ronga-soit\\\/\",\"name\":\"J\u00e4relveetava r\u00f5nga s\u00f5it - Surfmaster surfikool - Surfmaster\",\"isPartOf\":{\"@id\":\"https:\\\/\\\/surfmaster.ee\\\/#website\"},\"primaryImageOfPage\":{\"@id\":\"https:\\\/\\\/surfmaster.ee\\\/jarelveetava-ronga-soit\\\/#primaryimage\"},\"image\":{\"@id\":\"https:\\\/\\\/surfmaster.ee\\\/jarelveetava-ronga-soit\\\/#primaryimage\"},\"thumbnailUrl\":\"https:\\\/\\\/surfmaster.ee\\\/wp-content\\\/uploads\\\/2024\\\/05\\\/8400_scout_-_3.jpeg\",\"datePublished\":\"2024-05-23T10:51:41+00:00\",\"dateModified\":\"2025-03-17T13:17:41+00:00\",\"description\":\"Aerusurfi koolitus\u00a0on teoreetiline ja praktiline aerusurfi \u00f5petus ning hea v\u00f5imalus s\u00f5pradega sportlikult aega veeta.\",\"breadcrumb\":{\"@id\":\"https:\\\/\\\/surfmaster.ee\\\/jarelveetava-ronga-soit\\\/#breadcrumb\"},\"inLanguage\":\"en-US\",\"potentialAction\":[{\"@type\":\"ReadAction\",\"target\":[\"https:\\\/\\\/surfmaster.ee\\\/jarelveetava-ronga-soit\\\/\"]}]},{\"@type\":\"ImageObject\",\"inLanguage\":\"en-US\",\"@id\":\"https:\\\/\\\/surfmaster.ee\\\/jarelveetava-ronga-soit\\\/#primaryimage\",\"url\":\"https:\\\/\\\/surfmaster.ee\\\/wp-content\\\/uploads\\\/2024\\\/05\\\/8400_scout_-_3.jpeg\",\"contentUrl\":\"https:\\\/\\\/surfmaster.ee\\\/wp-content\\\/uploads\\\/2024\\\/05\\\/8400_scout_-_3.jpeg\",\"width\":1200,\"height\":800},{\"@type\":\"BreadcrumbList\",\"@id\":\"https:\\\/\\\/surfmaster.ee\\\/jarelveetava-ronga-soit\\\/#breadcrumb\",\"itemListElement\":[{\"@type\":\"ListItem\",\"position\":1,\"name\":\"Home\",\"item\":\"https:\\\/\\\/surfmaster.ee\\\/\"},{\"@type\":\"ListItem\",\"position\":2,\"name\":\"J\u00e4relveetava r\u00f5nga s\u00f5it\"}]},{\"@type\":\"WebSite\",\"@id\":\"https:\\\/\\\/surfmaster.ee\\\/#website\",\"url\":\"https:\\\/\\\/surfmaster.ee\\\/\",\"name\":\"Surfmaster\",\"description\":\"SurfMaster Surfikool\",\"publisher\":{\"@id\":\"https:\\\/\\\/surfmaster.ee\\\/#organization\"},\"potentialAction\":[{\"@type\":\"SearchAction\",\"target\":{\"@type\":\"EntryPoint\",\"urlTemplate\":\"https:\\\/\\\/surfmaster.ee\\\/?s={search_term_string}\"},\"query-input\":{\"@type\":\"PropertyValueSpecification\",\"valueRequired\":true,\"valueName\":\"search_term_string\"}}],\"inLanguage\":\"en-US\"},{\"@type\":\"Organization\",\"@id\":\"https:\\\/\\\/surfmaster.ee\\\/#organization\",\"name\":\"Surfmaster\",\"url\":\"https:\\\/\\\/surfmaster.ee\\\/\",\"logo\":{\"@type\":\"ImageObject\",\"inLanguage\":\"en-US\",\"@id\":\"https:\\\/\\\/surfmaster.ee\\\/#\\\/schema\\\/logo\\\/image\\\/\",\"url\":\"https:\\\/\\\/surfmaster.ee\\\/wp-content\\\/uploads\\\/2022\\\/03\\\/Asset-4@2x.png\",\"contentUrl\":\"https:\\\/\\\/surfmaster.ee\\\/wp-content\\\/uploads\\\/2022\\\/03\\\/Asset-4@2x.png\",\"width\":1130,\"height\":1070,\"caption\":\"Surfmaster\"},\"image\":{\"@id\":\"https:\\\/\\\/surfmaster.ee\\\/#\\\/schema\\\/logo\\\/image\\\/\"}}]}<\/script>\n<!-- \/ Yoast SEO plugin. -->","yoast_head_json":{"title":"J\u00e4relveetava r\u00f5nga s\u00f5it - Surfmaster surfikool - Surfmaster","description":"Aerusurfi koolitus\u00a0on teoreetiline ja praktiline aerusurfi \u00f5petus ning hea v\u00f5imalus s\u00f5pradega sportlikult aega veeta.","robots":{"index":"index","follow":"follow","max-snippet":"max-snippet:-1","max-image-preview":"max-image-preview:large","max-video-preview":"max-video-preview:-1"},"canonical":"https:\/\/surfmaster.ee\/en\/jarelveetava-ronga-soit\/","og_locale":"en_US","og_type":"article","og_title":"J\u00e4relveetava r\u00f5nga s\u00f5it - Surfmaster surfikool - Surfmaster","og_description":"Aerusurfi koolitus\u00a0on teoreetiline ja praktiline aerusurfi \u00f5petus ning hea v\u00f5imalus s\u00f5pradega sportlikult aega veeta.","og_url":"https:\/\/surfmaster.ee\/en\/jarelveetava-ronga-soit\/","og_site_name":"Surfmaster","article_modified_time":"2025-03-17T13:17:41+00:00","og_image":[{"width":1200,"height":800,"url":"https:\/\/surfmaster.ee\/wp-content\/uploads\/2024\/05\/8400_scout_-_3.jpeg","type":"image\/jpeg"}],"twitter_card":"summary_large_image","twitter_misc":{"Est. reading time":"1 minute"},"schema":{"@context":"https:\/\/schema.org","@graph":[{"@type":"WebPage","@id":"https:\/\/surfmaster.ee\/jarelveetava-ronga-soit\/","url":"https:\/\/surfmaster.ee\/jarelveetava-ronga-soit\/","name":"J\u00e4relveetava r\u00f5nga s\u00f5it - Surfmaster surfikool - Surfmaster","isPartOf":{"@id":"https:\/\/surfmaster.ee\/#website"},"primaryImageOfPage":{"@id":"https:\/\/surfmaster.ee\/jarelveetava-ronga-soit\/#primaryimage"},"image":{"@id":"https:\/\/surfmaster.ee\/jarelveetava-ronga-soit\/#primaryimage"},"thumbnailUrl":"https:\/\/surfmaster.ee\/wp-content\/uploads\/2024\/05\/8400_scout_-_3.jpeg","datePublished":"2024-05-23T10:51:41+00:00","dateModified":"2025-03-17T13:17:41+00:00","description":"Aerusurfi koolitus\u00a0on teoreetiline ja praktiline aerusurfi \u00f5petus ning hea v\u00f5imalus s\u00f5pradega sportlikult aega veeta.","breadcrumb":{"@id":"https:\/\/surfmaster.ee\/jarelveetava-ronga-soit\/#breadcrumb"},"inLanguage":"en-US","potentialAction":[{"@type":"ReadAction","target":["https:\/\/surfmaster.ee\/jarelveetava-ronga-soit\/"]}]},{"@type":"ImageObject","inLanguage":"en-US","@id":"https:\/\/surfmaster.ee\/jarelveetava-ronga-soit\/#primaryimage","url":"https:\/\/surfmaster.ee\/wp-content\/uploads\/2024\/05\/8400_scout_-_3.jpeg","contentUrl":"https:\/\/surfmaster.ee\/wp-content\/uploads\/2024\/05\/8400_scout_-_3.jpeg","width":1200,"height":800},{"@type":"BreadcrumbList","@id":"https:\/\/surfmaster.ee\/jarelveetava-ronga-soit\/#breadcrumb","itemListElement":[{"@type":"ListItem","position":1,"name":"Home","item":"https:\/\/surfmaster.ee\/"},{"@type":"ListItem","position":2,"name":"J\u00e4relveetava r\u00f5nga s\u00f5it"}]},{"@type":"WebSite","@id":"https:\/\/surfmaster.ee\/#website","url":"https:\/\/surfmaster.ee\/","name":"Surfmaster","description":"SurfMaster Surfikool","publisher":{"@id":"https:\/\/surfmaster.ee\/#organization"},"potentialAction":[{"@type":"SearchAction","target":{"@type":"EntryPoint","urlTemplate":"https:\/\/surfmaster.ee\/?s={search_term_string}"},"query-input":{"@type":"PropertyValueSpecification","valueRequired":true,"valueName":"search_term_string"}}],"inLanguage":"en-US"},{"@type":"Organization","@id":"https:\/\/surfmaster.ee\/#organization","name":"Surfmaster","url":"https:\/\/surfmaster.ee\/","logo":{"@type":"ImageObject","inLanguage":"en-US","@id":"https:\/\/surfmaster.ee\/#\/schema\/logo\/image\/","url":"https:\/\/surfmaster.ee\/wp-content\/uploads\/2022\/03\/Asset-4@2x.png","contentUrl":"https:\/\/surfmaster.ee\/wp-content\/uploads\/2022\/03\/Asset-4@2x.png","width":1130,"height":1070,"caption":"Surfmaster"},"image":{"@id":"https:\/\/surfmaster.ee\/#\/schema\/logo\/image\/"}}]}},"_links":{"self":[{"href":"https:\/\/surfmaster.ee\/en\/wp-json\/wp\/v2\/product\/5052","targetHints":{"allow":["GET"]}}],"collection":[{"href":"https:\/\/surfmaster.ee\/en\/wp-json\/wp\/v2\/product"}],"about":[{"href":"https:\/\/surfmaster.ee\/en\/wp-json\/wp\/v2\/types\/product"}],"wp:featuredmedia":[{"embeddable":true,"href":"https:\/\/surfmaster.ee\/en\/wp-json\/wp\/v2\/media\/5046"}],"wp:attachment":[{"href":"https:\/\/surfmaster.ee\/en\/wp-json\/wp\/v2\/media?parent=5052"}],"wp:term":[{"taxonomy":"product_brand","embeddable":true,"href":"https:\/\/surfmaster.ee\/en\/wp-json\/wp\/v2\/product_brand?post=5052"},{"taxonomy":"product_cat","embeddable":true,"href":"https:\/\/surfmaster.ee\/en\/wp-json\/wp\/v2\/product_cat?post=5052"},{"taxonomy":"product_tag","embeddable":true,"href":"https:\/\/surfmaster.ee\/en\/wp-json\/wp\/v2\/product_tag?post=5052"}],"curies":[{"name":"wp","href":"https:\/\/api.w.org\/{rel}","templated":true}]}}