{"id":5056,"date":"2024-05-23T14:08:16","date_gmt":"2024-05-23T11:08:16","guid":{"rendered":"https:\/\/surfmaster.ee\/?post_type=product&#038;p=5056"},"modified":"2025-03-17T15:19:18","modified_gmt":"2025-03-17T13:19:18","slug":"paadirent","status":"publish","type":"product","link":"https:\/\/surfmaster.ee\/en\/paadirent\/","title":{"rendered":"Boat Rent"},"content":{"rendered":"<h2>&nbsp;<\/h2>","protected":false},"excerpt":{"rendered":"<h2>Mootorpaadi s\u00f5it Hiiumaal<\/h2>\n<p class=\"sqsrte-large preFade fadeIn\">Mootorpaadiga m\u00f6\u00f6da Hiiumaa rannikut s\u00f5itmine avab saareelu t\u00e4iesti uue nurga alt. Naudi vaadet imelisele Hiiumaa rannikule ja imetle kaunist p\u00e4ikeseloojangut. Soovid v\u00f5tta pikema s\u00f5idu ette n\u00e4iteks Kalana \u00c4\u00c4R-e restorani <a href=\"https:\/\/www.kalanaaar.ee\">https:\/\/www.kalanaaar.ee<\/a> Milles k\u00fcsimus, teeme \u00e4ra \ud83d\ude00<\/p>\n<p class=\"sqsrte-large preFade fadeIn\">Paati mahub kuni 7+1 inimest.<\/p>\n<p><strong>The price includes up to<\/strong><\/p>\n<p>Kaatrit koos juhiga ja p\u00e4\u00e4steveste.<\/p>\n<p>&nbsp;<\/p>","protected":false},"featured_media":5045,"template":"","meta":{"_acf_changed":false,"ngg_post_thumbnail":0},"product_brand":[],"product_cat":[147,76],"product_tag":[],"class_list":{"0":"post-5056","1":"product","2":"type-product","3":"status-publish","4":"has-post-thumbnail","6":"product_cat-surfikoolitus","7":"product_cat-surfivarustuse-rent","9":"first","10":"instock","11":"taxable","12":"shipping-taxable","13":"purchasable","14":"product-type-variable"},"acf":[],"yoast_head":"<!-- This site is optimized with the Yoast SEO plugin v27.3 - https:\/\/yoast.com\/product\/yoast-seo-wordpress\/ -->\n<title>Paadirent - Surfmaster surfikool - Surfmaster<\/title>\n<meta name=\"description\" content=\"Aerusurfi koolitus\u00a0on teoreetiline ja praktiline aerusurfi \u00f5petus ning hea v\u00f5imalus s\u00f5pradega sportlikult aega veeta.\" \/>\n<meta name=\"robots\" content=\"index, follow, max-snippet:-1, max-image-preview:large, max-video-preview:-1\" \/>\n<link rel=\"canonical\" href=\"https:\/\/surfmaster.ee\/en\/paadirent\/\" \/>\n<meta property=\"og:locale\" content=\"en_US\" \/>\n<meta property=\"og:type\" content=\"article\" \/>\n<meta property=\"og:title\" content=\"Paadirent - Surfmaster surfikool - Surfmaster\" \/>\n<meta property=\"og:description\" content=\"Aerusurfi koolitus\u00a0on teoreetiline ja praktiline aerusurfi \u00f5petus ning hea v\u00f5imalus s\u00f5pradega sportlikult aega veeta.\" \/>\n<meta property=\"og:url\" content=\"https:\/\/surfmaster.ee\/en\/paadirent\/\" \/>\n<meta property=\"og:site_name\" content=\"Surfmaster\" \/>\n<meta property=\"article:modified_time\" content=\"2025-03-17T13:19:18+00:00\" \/>\n<meta property=\"og:image\" content=\"https:\/\/surfmaster.ee\/wp-content\/uploads\/2024\/05\/ssddsdsirborne-8-bw-rib-2.jpg.webp\" \/>\n\t<meta property=\"og:image:width\" content=\"1920\" \/>\n\t<meta property=\"og:image:height\" content=\"1080\" \/>\n\t<meta property=\"og:image:type\" content=\"image\/webp\" \/>\n<meta name=\"twitter:card\" content=\"summary_large_image\" \/>\n<meta name=\"twitter:label1\" content=\"Est. reading time\" \/>\n\t<meta name=\"twitter:data1\" content=\"1 minute\" \/>\n<script type=\"application\/ld+json\" class=\"yoast-schema-graph\">{\"@context\":\"https:\\\/\\\/schema.org\",\"@graph\":[{\"@type\":\"WebPage\",\"@id\":\"https:\\\/\\\/surfmaster.ee\\\/paadirent\\\/\",\"url\":\"https:\\\/\\\/surfmaster.ee\\\/paadirent\\\/\",\"name\":\"Paadirent - Surfmaster surfikool - Surfmaster\",\"isPartOf\":{\"@id\":\"https:\\\/\\\/surfmaster.ee\\\/#website\"},\"primaryImageOfPage\":{\"@id\":\"https:\\\/\\\/surfmaster.ee\\\/paadirent\\\/#primaryimage\"},\"image\":{\"@id\":\"https:\\\/\\\/surfmaster.ee\\\/paadirent\\\/#primaryimage\"},\"thumbnailUrl\":\"https:\\\/\\\/surfmaster.ee\\\/wp-content\\\/uploads\\\/2024\\\/05\\\/ssddsdsirborne-8-bw-rib-2.jpg.webp\",\"datePublished\":\"2024-05-23T11:08:16+00:00\",\"dateModified\":\"2025-03-17T13:19:18+00:00\",\"description\":\"Aerusurfi koolitus\u00a0on teoreetiline ja praktiline aerusurfi \u00f5petus ning hea v\u00f5imalus s\u00f5pradega sportlikult aega veeta.\",\"breadcrumb\":{\"@id\":\"https:\\\/\\\/surfmaster.ee\\\/paadirent\\\/#breadcrumb\"},\"inLanguage\":\"en-US\",\"potentialAction\":[{\"@type\":\"ReadAction\",\"target\":[\"https:\\\/\\\/surfmaster.ee\\\/paadirent\\\/\"]}]},{\"@type\":\"ImageObject\",\"inLanguage\":\"en-US\",\"@id\":\"https:\\\/\\\/surfmaster.ee\\\/paadirent\\\/#primaryimage\",\"url\":\"https:\\\/\\\/surfmaster.ee\\\/wp-content\\\/uploads\\\/2024\\\/05\\\/ssddsdsirborne-8-bw-rib-2.jpg.webp\",\"contentUrl\":\"https:\\\/\\\/surfmaster.ee\\\/wp-content\\\/uploads\\\/2024\\\/05\\\/ssddsdsirborne-8-bw-rib-2.jpg.webp\",\"width\":1920,\"height\":1080},{\"@type\":\"BreadcrumbList\",\"@id\":\"https:\\\/\\\/surfmaster.ee\\\/paadirent\\\/#breadcrumb\",\"itemListElement\":[{\"@type\":\"ListItem\",\"position\":1,\"name\":\"Home\",\"item\":\"https:\\\/\\\/surfmaster.ee\\\/\"},{\"@type\":\"ListItem\",\"position\":2,\"name\":\"Paadirent\"}]},{\"@type\":\"WebSite\",\"@id\":\"https:\\\/\\\/surfmaster.ee\\\/#website\",\"url\":\"https:\\\/\\\/surfmaster.ee\\\/\",\"name\":\"Surfmaster\",\"description\":\"SurfMaster Surfikool\",\"publisher\":{\"@id\":\"https:\\\/\\\/surfmaster.ee\\\/#organization\"},\"potentialAction\":[{\"@type\":\"SearchAction\",\"target\":{\"@type\":\"EntryPoint\",\"urlTemplate\":\"https:\\\/\\\/surfmaster.ee\\\/?s={search_term_string}\"},\"query-input\":{\"@type\":\"PropertyValueSpecification\",\"valueRequired\":true,\"valueName\":\"search_term_string\"}}],\"inLanguage\":\"en-US\"},{\"@type\":\"Organization\",\"@id\":\"https:\\\/\\\/surfmaster.ee\\\/#organization\",\"name\":\"Surfmaster\",\"url\":\"https:\\\/\\\/surfmaster.ee\\\/\",\"logo\":{\"@type\":\"ImageObject\",\"inLanguage\":\"en-US\",\"@id\":\"https:\\\/\\\/surfmaster.ee\\\/#\\\/schema\\\/logo\\\/image\\\/\",\"url\":\"https:\\\/\\\/surfmaster.ee\\\/wp-content\\\/uploads\\\/2022\\\/03\\\/Asset-4@2x.png\",\"contentUrl\":\"https:\\\/\\\/surfmaster.ee\\\/wp-content\\\/uploads\\\/2022\\\/03\\\/Asset-4@2x.png\",\"width\":1130,\"height\":1070,\"caption\":\"Surfmaster\"},\"image\":{\"@id\":\"https:\\\/\\\/surfmaster.ee\\\/#\\\/schema\\\/logo\\\/image\\\/\"}}]}<\/script>\n<!-- \/ Yoast SEO plugin. -->","yoast_head_json":{"title":"Paadirent - Surfmaster surfikool - Surfmaster","description":"Aerusurfi koolitus\u00a0on teoreetiline ja praktiline aerusurfi \u00f5petus ning hea v\u00f5imalus s\u00f5pradega sportlikult aega veeta.","robots":{"index":"index","follow":"follow","max-snippet":"max-snippet:-1","max-image-preview":"max-image-preview:large","max-video-preview":"max-video-preview:-1"},"canonical":"https:\/\/surfmaster.ee\/en\/paadirent\/","og_locale":"en_US","og_type":"article","og_title":"Paadirent - Surfmaster surfikool - Surfmaster","og_description":"Aerusurfi koolitus\u00a0on teoreetiline ja praktiline aerusurfi \u00f5petus ning hea v\u00f5imalus s\u00f5pradega sportlikult aega veeta.","og_url":"https:\/\/surfmaster.ee\/en\/paadirent\/","og_site_name":"Surfmaster","article_modified_time":"2025-03-17T13:19:18+00:00","og_image":[{"width":1920,"height":1080,"url":"https:\/\/surfmaster.ee\/wp-content\/uploads\/2024\/05\/ssddsdsirborne-8-bw-rib-2.jpg.webp","type":"image\/webp"}],"twitter_card":"summary_large_image","twitter_misc":{"Est. reading time":"1 minute"},"schema":{"@context":"https:\/\/schema.org","@graph":[{"@type":"WebPage","@id":"https:\/\/surfmaster.ee\/paadirent\/","url":"https:\/\/surfmaster.ee\/paadirent\/","name":"Paadirent - Surfmaster surfikool - Surfmaster","isPartOf":{"@id":"https:\/\/surfmaster.ee\/#website"},"primaryImageOfPage":{"@id":"https:\/\/surfmaster.ee\/paadirent\/#primaryimage"},"image":{"@id":"https:\/\/surfmaster.ee\/paadirent\/#primaryimage"},"thumbnailUrl":"https:\/\/surfmaster.ee\/wp-content\/uploads\/2024\/05\/ssddsdsirborne-8-bw-rib-2.jpg.webp","datePublished":"2024-05-23T11:08:16+00:00","dateModified":"2025-03-17T13:19:18+00:00","description":"Aerusurfi koolitus\u00a0on teoreetiline ja praktiline aerusurfi \u00f5petus ning hea v\u00f5imalus s\u00f5pradega sportlikult aega veeta.","breadcrumb":{"@id":"https:\/\/surfmaster.ee\/paadirent\/#breadcrumb"},"inLanguage":"en-US","potentialAction":[{"@type":"ReadAction","target":["https:\/\/surfmaster.ee\/paadirent\/"]}]},{"@type":"ImageObject","inLanguage":"en-US","@id":"https:\/\/surfmaster.ee\/paadirent\/#primaryimage","url":"https:\/\/surfmaster.ee\/wp-content\/uploads\/2024\/05\/ssddsdsirborne-8-bw-rib-2.jpg.webp","contentUrl":"https:\/\/surfmaster.ee\/wp-content\/uploads\/2024\/05\/ssddsdsirborne-8-bw-rib-2.jpg.webp","width":1920,"height":1080},{"@type":"BreadcrumbList","@id":"https:\/\/surfmaster.ee\/paadirent\/#breadcrumb","itemListElement":[{"@type":"ListItem","position":1,"name":"Home","item":"https:\/\/surfmaster.ee\/"},{"@type":"ListItem","position":2,"name":"Paadirent"}]},{"@type":"WebSite","@id":"https:\/\/surfmaster.ee\/#website","url":"https:\/\/surfmaster.ee\/","name":"Surfmaster","description":"SurfMaster Surfikool","publisher":{"@id":"https:\/\/surfmaster.ee\/#organization"},"potentialAction":[{"@type":"SearchAction","target":{"@type":"EntryPoint","urlTemplate":"https:\/\/surfmaster.ee\/?s={search_term_string}"},"query-input":{"@type":"PropertyValueSpecification","valueRequired":true,"valueName":"search_term_string"}}],"inLanguage":"en-US"},{"@type":"Organization","@id":"https:\/\/surfmaster.ee\/#organization","name":"Surfmaster","url":"https:\/\/surfmaster.ee\/","logo":{"@type":"ImageObject","inLanguage":"en-US","@id":"https:\/\/surfmaster.ee\/#\/schema\/logo\/image\/","url":"https:\/\/surfmaster.ee\/wp-content\/uploads\/2022\/03\/Asset-4@2x.png","contentUrl":"https:\/\/surfmaster.ee\/wp-content\/uploads\/2022\/03\/Asset-4@2x.png","width":1130,"height":1070,"caption":"Surfmaster"},"image":{"@id":"https:\/\/surfmaster.ee\/#\/schema\/logo\/image\/"}}]}},"_links":{"self":[{"href":"https:\/\/surfmaster.ee\/en\/wp-json\/wp\/v2\/product\/5056","targetHints":{"allow":["GET"]}}],"collection":[{"href":"https:\/\/surfmaster.ee\/en\/wp-json\/wp\/v2\/product"}],"about":[{"href":"https:\/\/surfmaster.ee\/en\/wp-json\/wp\/v2\/types\/product"}],"wp:featuredmedia":[{"embeddable":true,"href":"https:\/\/surfmaster.ee\/en\/wp-json\/wp\/v2\/media\/5045"}],"wp:attachment":[{"href":"https:\/\/surfmaster.ee\/en\/wp-json\/wp\/v2\/media?parent=5056"}],"wp:term":[{"taxonomy":"product_brand","embeddable":true,"href":"https:\/\/surfmaster.ee\/en\/wp-json\/wp\/v2\/product_brand?post=5056"},{"taxonomy":"product_cat","embeddable":true,"href":"https:\/\/surfmaster.ee\/en\/wp-json\/wp\/v2\/product_cat?post=5056"},{"taxonomy":"product_tag","embeddable":true,"href":"https:\/\/surfmaster.ee\/en\/wp-json\/wp\/v2\/product_tag?post=5056"}],"curies":[{"name":"wp","href":"https:\/\/api.w.org\/{rel}","templated":true}]}}